
{"id":197,"date":"2017-10-25T07:45:48","date_gmt":"2017-10-25T07:45:48","guid":{"rendered":"https:\/\/lanebank.com\/dk\/?page_id=197"},"modified":"2020-06-29T08:04:53","modified_gmt":"2020-06-29T08:04:53","slug":"laaneformidling","status":"publish","type":"page","link":"https:\/\/lanebank.com\/dk\/laaneformidling","title":{"rendered":"L\u00e5neformidling"},"content":{"rendered":"<p><img loading=\"lazy\" decoding=\"async\" src=\"https:\/\/lanebank.com\/dk\/wp-content\/uploads\/2017\/10\/205342lanformidler.jpg\" alt=\"flere l\u00e5netilbud\" title=\"Lad bankerne konkurrere om dig\" width=\"115\" height=\"173\" class=\"alignright size-full wp-image-199\" srcset=\"https:\/\/lanebank.com\/dk\/wp-content\/uploads\/2017\/10\/205342lanformidler.jpg 230w, https:\/\/lanebank.com\/dk\/wp-content\/uploads\/2017\/10\/205342lanformidler-199x300.jpg 199w, https:\/\/lanebank.com\/dk\/wp-content\/uploads\/2017\/10\/205342lanformidler-66x100.jpg 66w, https:\/\/lanebank.com\/dk\/wp-content\/uploads\/2017\/10\/205342lanformidler-60x90.jpg 60w\" sizes=\"auto, (max-width: 115px) 100vw, 115px\" \/>Find det bedste l\u00e5netilbud, s\u00f8k l\u00e5n hos flere banker samtidig. Vores listede l\u00e5neformidler hj\u00e6lper dig med at s\u00f8ge l\u00e5n fra flere banker uden ekstra omkostninger. Udfyld \u00e9n uforpligtende ans\u00f8gning om l\u00e5n. Derefter modtager du flere l\u00e5netilbud, og du kan derefter afg\u00f8re, om du vil indg\u00e5 en aftale med en part. Du skal v\u00e6re mindst 18 \u00e5r gammel for at bruge en l\u00e5neformidler. Ans\u00f8ger m\u00e5 ikke v\u00e6re registreret i RKI og skal opfylde kriterier for samlet kreditvurdering.<\/p>\n<div style='display:none'>You haven't connected an Adservice account on the settings page - please connect your Adservice account and try again.<\/div>\n","protected":false},"excerpt":{"rendered":"<p>Find det bedste l\u00e5netilbud, s\u00f8k l\u00e5n hos flere banker samtidig. Vores listede l\u00e5neformidler hj\u00e6lper dig med at s\u00f8ge l\u00e5n fra flere banker uden ekstra omkostninger. Udfyld \u00e9n uforpligtende ans\u00f8gning om [&hellip;]<\/p>\n","protected":false},"author":1,"featured_media":0,"parent":0,"menu_order":0,"comment_status":"closed","ping_status":"closed","template":"page-nosidebar.php","meta":{"footnotes":""},"class_list":["post-197","page","type-page","status-publish","hentry"],"_links":{"self":[{"href":"https:\/\/lanebank.com\/dk\/wp-json\/wp\/v2\/pages\/197","targetHints":{"allow":["GET"]}}],"collection":[{"href":"https:\/\/lanebank.com\/dk\/wp-json\/wp\/v2\/pages"}],"about":[{"href":"https:\/\/lanebank.com\/dk\/wp-json\/wp\/v2\/types\/page"}],"author":[{"embeddable":true,"href":"https:\/\/lanebank.com\/dk\/wp-json\/wp\/v2\/users\/1"}],"replies":[{"embeddable":true,"href":"https:\/\/lanebank.com\/dk\/wp-json\/wp\/v2\/comments?post=197"}],"version-history":[{"count":7,"href":"https:\/\/lanebank.com\/dk\/wp-json\/wp\/v2\/pages\/197\/revisions"}],"predecessor-version":[{"id":302,"href":"https:\/\/lanebank.com\/dk\/wp-json\/wp\/v2\/pages\/197\/revisions\/302"}],"wp:attachment":[{"href":"https:\/\/lanebank.com\/dk\/wp-json\/wp\/v2\/media?parent=197"}],"curies":[{"name":"wp","href":"https:\/\/api.w.org\/{rel}","templated":true}]}}