
{"id":230,"date":"2018-03-08T14:56:31","date_gmt":"2018-03-08T14:56:31","guid":{"rendered":"https:\/\/lanebank.com\/dk\/?page_id=230"},"modified":"2020-03-15T15:50:00","modified_gmt":"2020-03-15T15:50:00","slug":"pengeproblemer","status":"publish","type":"page","link":"https:\/\/lanebank.com\/dk\/pengeproblemer","title":{"rendered":"Pengeproblemer"},"content":{"rendered":"<p>Du er l\u00f8bet for penge og der er stadig lang tid til den f\u00f8rste \u2013 hvad g\u00f8r du?<\/p>\n<h3>Ingen penge resten af m\u00e5neden<\/h3>\n<p>Du beh\u00f8ver ikke g\u00e5 i panik, der er nemlig flere ting du kan g\u00f8re for at f\u00e5 penge p\u00e5 kontoen og mad p\u00e5 bordet. Det ser vi p\u00e5 her.<\/p>\n<hr>\n<h5>Kvikl\u00e5n<\/h5>\n<p>Nej, det er ikke den bedste l\u00f8sning, det ved vi godt, men det virker. Der er virkelig mange <a href=\"https:\/\/lanebank.com\/dk\/sms-laan-med-hurtig-udbetaling\">kvikl\u00e5n i dag<\/a>, hvor du kan f\u00e5 pengene udbetalt n\u00e6ste dag. Det er ogs\u00e5 blevet meget nemmere at ans\u00f8ge. Du skal ikke l\u00e6ngere indsende dokumenter og alt muligt. Det er nok bare at underskrive med NemID, s\u00e5 f\u00e5r du svar indenfor et par minutter. Bliver du godkendt har du pengene p\u00e5 din bankkonto n\u00e6ste dag.<\/p>\n<hr>\n<p><em>Reklame<\/em><\/p>\n<p><strong>Kautionist l\u00e5n<br \/>\n<\/strong><a href=\"https:\/\/track.adtraction.com\/t\/t?a=1424830202&amp;as=1072066175&amp;t=2&amp;tk=1\"><img loading=\"lazy\" decoding=\"async\" src=\"https:\/\/track.adtraction.com\/t\/t?a=1424830202&amp;as=1072066175&amp;t=1&amp;tk=1&amp;i=1\" width=\"400\" height=\"400\" border=\"0\"><\/a><\/p>\n<p><em>F.eks. for et samlet kreditbel\u00f8b p\u00e5 40.000 kr. over 48 m\u00e5neder med en fast m\u00e5nedlig ydelse p\u00e5 1.711,02 kr. Den samlede rente, der skal tilbagebetales, er 42.128,96 kr. Det samlede bel\u00f8b, der skal tilbagebetales, er 82.128,96 kr. med en \u00e5rlig effektiv rente p\u00e5 49,9%, svarende til en \u00e5rlig nominel rente p\u00e5 41,2%. Vi har ingen yderligere gebyrer eller omkostninger.<\/em><\/p>\n<hr>\n<h5>Maduddeling<\/h5>\n<p>Der er meget stort fokus p\u00e5 overskudsdeling af mad i dag. Tjek Facebook og se om ikke der er nogle lokale grupper du kan blive medlem af. Ofte er der en eller flere dage hver uge, hvor du kan f\u00e5 mad der er i overskud. S\u00f8g p\u00e5 Facebook op ord som \u201doverskudsmad\u201d eller \u201dmaduddeling\u201d.<\/p>\n<hr>\n<h5>S\u00e6lg dine brugte ting<\/h5>\n<p>En anden god m\u00e5de at f\u00e5 penge p\u00e5 kontoen er at rydde op i dine ting. Du har n\u00e6sten altid du ikke bruger, men som du kan f\u00e5 nogle penge for. Det beh\u00f8ver ikke v\u00e6re store ting, men ogs\u00e5 sm\u00e5ting kan man f\u00e5 et par kroner for. Lagt sammen kan det v\u00e6re nok til at du kommer igennem m\u00e5neden. Du kan s\u00e6lge dem p\u00e5 DBA.dk eller Facebook.<br \/>\n<a href=\"https:\/\/track.adtraction.com\/t\/t?a=1426556943&amp;as=1072066175&amp;t=2&amp;tk=1\"><img loading=\"lazy\" decoding=\"async\" src=\"https:\/\/track.adtraction.com\/t\/t?a=1426556943&amp;as=1072066175&amp;t=1&amp;tk=1&amp;i=1\" width=\"468\" height=\"60\" border=\"0\"><\/a><\/p>\n<hr>\n<h5>L\u00e6g et budget<\/h5>\n<p>L\u00e6r at l\u00e6gge et budget. Det f\u00e5r du ikke flere penge af lige nu og her, men det hj\u00e6lper dig fremover. Det er ikke s\u00e5 sv\u00e6rt at l\u00e6gge et budget som du tror og du kan f\u00e5 hj\u00e6lp til det masser af steder p\u00e5 nettet.<\/p>\n<p><img loading=\"lazy\" decoding=\"async\" class=\"size-full wp-image-232 aligncenter\" title=\"Mange studerende har d\u00e5rlig \u00f8konomi\" src=\"https:\/\/lanebank.com\/dk\/wp-content\/uploads\/2018\/03\/12pengeproblem_.png\" alt=\"pengeproblem\" width=\"358\" height=\"239\" srcset=\"https:\/\/lanebank.com\/dk\/wp-content\/uploads\/2018\/03\/12pengeproblem_.png 358w, https:\/\/lanebank.com\/dk\/wp-content\/uploads\/2018\/03\/12pengeproblem_-300x200.png 300w, https:\/\/lanebank.com\/dk\/wp-content\/uploads\/2018\/03\/12pengeproblem_-140x93.png 140w, https:\/\/lanebank.com\/dk\/wp-content\/uploads\/2018\/03\/12pengeproblem_-90x60.png 90w\" sizes=\"auto, (max-width: 358px) 100vw, 358px\" \/><\/p>\n<hr>\n<h2>Hvis man ikke betaler regninger<\/h2>\n<p>Har du problemer med at betale dine regninger? Det har vi alle sammen pr\u00f8vet, men der er god grund til at du alligevel b\u00f8r pr\u00f8ve at f\u00e5 dem betalt til tiden. G\u00f8r du ikke det, s\u00e5 bliver det dyrere i renter og gebyrer. Betaler du stadig ikke, s\u00e5 risikerer du at ende i RKI registeret og det er ikke sjovt.<\/p>\n<h5>Hvad sker der n\u00e5r du ikke betaler en regning?<\/h5>\n<p>Lad os f\u00e5 fjernet et par myter f\u00f8rst. Du ryger ikke i RKI lige med det samme, hvis du ikke betaler en regning. Et firma skal f\u00f8rst sende dig en rykker, faktisk flere, f\u00f8r de kan sende dig til inkasso. F\u00f8rst derefter kan firmaet anmode om at du bliver registreret i RKI og kun hvis du accepterer regningen.<\/p>\n<p>Men alts\u00e5, du b\u00f8r betale din regning, for firmaer har lov til at skrive rykkere med gebyrer n\u00e5r du ikke g\u00f8r det. V\u00e6rst er det n\u00e5r din regning ryger til inkasso. Her er mange inkassofirmaer meget ops\u00f8gende og det er slet ikke sjovt at have dem i r\u00f8ret hele tiden.<\/p>\n<h5>Fogedretten<\/h5>\n<p>Hvis du stadig ikke betaler din regning, kan et firma beslutte at melde dig til <a href=\"http:\/\/www.domstol.dk\/saadangoerdu\/fogedsager\/Pages\/default.aspx\">Fogedretten<\/a>. Her kan du blive p\u00e5lagt at betale regningen. I v\u00e6rste tilf\u00e6lde kan fogeden simpelthen konfiskere nogle af dine ejendele, hvis du da har noget af v\u00e6rdi. Hvis ikke du ejer noget der er penge v\u00e6rd, s\u00e5 bliver du erkl\u00e6ret insolvent og er s\u00e5 fri for at skulle i retten i det n\u00e6ste halve \u00e5r. Men det er ikke en sjov oplevelse at skulle i Fogedretten, s\u00e5 g\u00f8r hvad du kan for at undg\u00e5 det.<\/p>\n<p>Husk p\u00e5 at du altid kan kontakte dem du skylder penge og h\u00f8re om du kan lave en aftale med dem. Det er mange firmaer friske p\u00e5 og du kan ofte spare nogle penge her.<\/p>\n","protected":false},"excerpt":{"rendered":"<p>Du er l\u00f8bet for penge og der er stadig lang tid til den f\u00f8rste \u2013 hvad g\u00f8r du? Ingen penge resten af m\u00e5neden Du beh\u00f8ver ikke g\u00e5 i panik, der [&hellip;]<\/p>\n","protected":false},"author":1,"featured_media":0,"parent":0,"menu_order":0,"comment_status":"closed","ping_status":"closed","template":"","meta":{"footnotes":""},"class_list":["post-230","page","type-page","status-publish","hentry"],"_links":{"self":[{"href":"https:\/\/lanebank.com\/dk\/wp-json\/wp\/v2\/pages\/230","targetHints":{"allow":["GET"]}}],"collection":[{"href":"https:\/\/lanebank.com\/dk\/wp-json\/wp\/v2\/pages"}],"about":[{"href":"https:\/\/lanebank.com\/dk\/wp-json\/wp\/v2\/types\/page"}],"author":[{"embeddable":true,"href":"https:\/\/lanebank.com\/dk\/wp-json\/wp\/v2\/users\/1"}],"replies":[{"embeddable":true,"href":"https:\/\/lanebank.com\/dk\/wp-json\/wp\/v2\/comments?post=230"}],"version-history":[{"count":5,"href":"https:\/\/lanebank.com\/dk\/wp-json\/wp\/v2\/pages\/230\/revisions"}],"predecessor-version":[{"id":263,"href":"https:\/\/lanebank.com\/dk\/wp-json\/wp\/v2\/pages\/230\/revisions\/263"}],"wp:attachment":[{"href":"https:\/\/lanebank.com\/dk\/wp-json\/wp\/v2\/media?parent=230"}],"curies":[{"name":"wp","href":"https:\/\/api.w.org\/{rel}","templated":true}]}}