
{"id":64,"date":"2016-11-03T12:32:08","date_gmt":"2016-11-03T12:32:08","guid":{"rendered":"https:\/\/lanebank.com\/dk\/?page_id=64"},"modified":"2020-06-29T07:42:53","modified_gmt":"2020-06-29T07:42:53","slug":"sms-laan-med-hurtig-udbetaling","status":"publish","type":"page","link":"https:\/\/lanebank.com\/dk\/sms-laan-med-hurtig-udbetaling","title":{"rendered":"SMS l\u00e5n med hurtig udbetaling"},"content":{"rendered":"<p>SMS l\u00e5n er en af de nyeste former for l\u00e5n, hvis ikke den nyeste. I en digital verden, som den vi lever i nu, er der ikke nogen tvivl om, at fleksibiliteten ved at l\u00e5ne penge via. en mobiltelefon, er en af de mest v\u00e6rdsatte metoder. Ved blot at sende en simpel SMS, kan du allerede v\u00e6re p\u00e5 vej til at modtage dit l\u00e5n, hvilket g\u00f8r at du kan booste din likvide pengebeholdning, imens du g\u00e5r ude p\u00e5 gaden, sidder i toget eller hvor end du befinder dig.<\/p>\n<div style='display:none'>You haven't connected an Adservice account on the settings page - please connect your Adservice account and try again.<\/div>\n","protected":false},"excerpt":{"rendered":"<p>SMS l\u00e5n er en af de nyeste former for l\u00e5n, hvis ikke den nyeste. I en digital verden, som den vi lever i nu, er der ikke nogen tvivl om, [&hellip;]<\/p>\n","protected":false},"author":1,"featured_media":0,"parent":0,"menu_order":0,"comment_status":"closed","ping_status":"closed","template":"page-nosidebar.php","meta":{"footnotes":""},"class_list":["post-64","page","type-page","status-publish","hentry"],"_links":{"self":[{"href":"https:\/\/lanebank.com\/dk\/wp-json\/wp\/v2\/pages\/64","targetHints":{"allow":["GET"]}}],"collection":[{"href":"https:\/\/lanebank.com\/dk\/wp-json\/wp\/v2\/pages"}],"about":[{"href":"https:\/\/lanebank.com\/dk\/wp-json\/wp\/v2\/types\/page"}],"author":[{"embeddable":true,"href":"https:\/\/lanebank.com\/dk\/wp-json\/wp\/v2\/users\/1"}],"replies":[{"embeddable":true,"href":"https:\/\/lanebank.com\/dk\/wp-json\/wp\/v2\/comments?post=64"}],"version-history":[{"count":4,"href":"https:\/\/lanebank.com\/dk\/wp-json\/wp\/v2\/pages\/64\/revisions"}],"predecessor-version":[{"id":299,"href":"https:\/\/lanebank.com\/dk\/wp-json\/wp\/v2\/pages\/64\/revisions\/299"}],"wp:attachment":[{"href":"https:\/\/lanebank.com\/dk\/wp-json\/wp\/v2\/media?parent=64"}],"curies":[{"name":"wp","href":"https:\/\/api.w.org\/{rel}","templated":true}]}}