
{"id":69,"date":"2016-11-08T08:35:26","date_gmt":"2016-11-08T08:35:26","guid":{"rendered":"https:\/\/lanebank.com\/dk\/?page_id=69"},"modified":"2020-06-29T07:57:23","modified_gmt":"2020-06-29T07:57:23","slug":"laaneomlaegning","status":"publish","type":"page","link":"https:\/\/lanebank.com\/dk\/laaneomlaegning","title":{"rendered":"L\u00e5neoml\u00e6gning"},"content":{"rendered":"<p>L\u00e5neoml\u00e6gning kan have sine klare fordele, i forhold til den specifikke \u00f8konomiske situation du st\u00e5r i. Er \u00f8nsket at <strong>f\u00e5 en mindre ydelse<\/strong>, kan det v\u00e6re fordelagtigt at lave en l\u00e5neoml\u00e6gning til et l\u00e5n med en mindre rente. Er \u00f8nsket derimod med modsatte fortegn, hvorfor du \u00f8nsker at reducerer restg\u00e6lden, vil en l\u00e5neoml\u00e6gning til en l\u00e5n med en h\u00f8jere rente, v\u00e6re yderst attraktivt for dig.<\/p>\n<div style='display:none'>You haven't connected an Adservice account on the settings page - please connect your Adservice account and try again.<\/div>\n","protected":false},"excerpt":{"rendered":"<p>L\u00e5neoml\u00e6gning kan have sine klare fordele, i forhold til den specifikke \u00f8konomiske situation du st\u00e5r i. Er \u00f8nsket at f\u00e5 en mindre ydelse, kan det v\u00e6re fordelagtigt at lave en [&hellip;]<\/p>\n","protected":false},"author":1,"featured_media":0,"parent":0,"menu_order":0,"comment_status":"closed","ping_status":"closed","template":"page-nosidebar.php","meta":{"footnotes":""},"class_list":["post-69","page","type-page","status-publish","hentry"],"_links":{"self":[{"href":"https:\/\/lanebank.com\/dk\/wp-json\/wp\/v2\/pages\/69","targetHints":{"allow":["GET"]}}],"collection":[{"href":"https:\/\/lanebank.com\/dk\/wp-json\/wp\/v2\/pages"}],"about":[{"href":"https:\/\/lanebank.com\/dk\/wp-json\/wp\/v2\/types\/page"}],"author":[{"embeddable":true,"href":"https:\/\/lanebank.com\/dk\/wp-json\/wp\/v2\/users\/1"}],"replies":[{"embeddable":true,"href":"https:\/\/lanebank.com\/dk\/wp-json\/wp\/v2\/comments?post=69"}],"version-history":[{"count":2,"href":"https:\/\/lanebank.com\/dk\/wp-json\/wp\/v2\/pages\/69\/revisions"}],"predecessor-version":[{"id":300,"href":"https:\/\/lanebank.com\/dk\/wp-json\/wp\/v2\/pages\/69\/revisions\/300"}],"wp:attachment":[{"href":"https:\/\/lanebank.com\/dk\/wp-json\/wp\/v2\/media?parent=69"}],"curies":[{"name":"wp","href":"https:\/\/api.w.org\/{rel}","templated":true}]}}