
{"id":71,"date":"2016-11-09T12:20:35","date_gmt":"2016-11-09T12:20:35","guid":{"rendered":"https:\/\/lanebank.com\/dk\/?page_id=71"},"modified":"2017-10-25T07:25:16","modified_gmt":"2017-10-25T07:25:16","slug":"laan-til-eget-selskab","status":"publish","type":"page","link":"https:\/\/lanebank.com\/dk\/laan-til-eget-selskab","title":{"rendered":"L\u00e5n til eget selskab"},"content":{"rendered":"<p>At have sit eget selskab eller IVS, er der vel n\u00e6sten ikke noget der kan g\u00f8re dig mere stolt. At vise omverdenen hvad du har skabt, samtidig med at du arbejder h\u00e5rdt, for at dit levebr\u00f8d skal forblive en succes.<\/p>\n<p>Grunden til at der kan v\u00e6re brug for l\u00e5n, kan v\u00e6re mange. Er der behov for at investere i salg, marketing, gr\u00f8nne energil\u00f8sninger? Er der kommer uforudsete udgifter, eller skal der investeres i en st\u00f8rre varelager eller medarbejdere? Alle n\u00e6vnte muligheder kan enten v\u00e6re med til at redde dit selskab eller IVS fra konkurs, eller \u00f8ge din oms\u00e6tning\/indt\u00e6gter.<\/p>\n","protected":false},"excerpt":{"rendered":"<p>At have sit eget selskab eller IVS, er der vel n\u00e6sten ikke noget der kan g\u00f8re dig mere stolt. At vise omverdenen hvad du har skabt, samtidig med at du [&hellip;]<\/p>\n","protected":false},"author":1,"featured_media":0,"parent":0,"menu_order":0,"comment_status":"closed","ping_status":"closed","template":"page-nosidebar.php","meta":{"footnotes":""},"class_list":["post-71","page","type-page","status-publish","hentry"],"_links":{"self":[{"href":"https:\/\/lanebank.com\/dk\/wp-json\/wp\/v2\/pages\/71","targetHints":{"allow":["GET"]}}],"collection":[{"href":"https:\/\/lanebank.com\/dk\/wp-json\/wp\/v2\/pages"}],"about":[{"href":"https:\/\/lanebank.com\/dk\/wp-json\/wp\/v2\/types\/page"}],"author":[{"embeddable":true,"href":"https:\/\/lanebank.com\/dk\/wp-json\/wp\/v2\/users\/1"}],"replies":[{"embeddable":true,"href":"https:\/\/lanebank.com\/dk\/wp-json\/wp\/v2\/comments?post=71"}],"version-history":[{"count":6,"href":"https:\/\/lanebank.com\/dk\/wp-json\/wp\/v2\/pages\/71\/revisions"}],"predecessor-version":[{"id":196,"href":"https:\/\/lanebank.com\/dk\/wp-json\/wp\/v2\/pages\/71\/revisions\/196"}],"wp:attachment":[{"href":"https:\/\/lanebank.com\/dk\/wp-json\/wp\/v2\/media?parent=71"}],"curies":[{"name":"wp","href":"https:\/\/api.w.org\/{rel}","templated":true}]}}