
{"id":77,"date":"2016-11-10T07:05:32","date_gmt":"2016-11-10T07:05:32","guid":{"rendered":"https:\/\/lanebank.com\/dk\/?page_id=77"},"modified":"2020-06-29T08:46:51","modified_gmt":"2020-06-29T08:46:51","slug":"sikre-store-laan-online","status":"publish","type":"page","link":"https:\/\/lanebank.com\/dk\/sikre-store-laan-online","title":{"rendered":"Sikre store l\u00e5n online"},"content":{"rendered":"<p>I dag kan man stort set ordne alt fra en computer. Skal man handle dagligvarer, kan man via f\u00e5 klik finde frem til en forretning, der kan levere de varer du bestiller f\u00e5 timer senere. Du kan k\u00f8be dine julegaver online og f\u00e5 dem sendt til d\u00f8ren indpakket i flot julepapir, klar til at l\u00e6gge dem direkte under juletr\u00e6et. Men man kan alts\u00e5 ogs\u00e5 sidde foran computeren og ans\u00f8ge om et l\u00e5n, uden at skulle sidde med svedige h\u00e6nder foran en tr\u00e6t bankr\u00e5dgiver.<\/p>\n<div style='display:none'>You haven't connected an Adservice account on the settings page - please connect your Adservice account and try again.<\/div>\n<p>&nbsp;<\/p>\n","protected":false},"excerpt":{"rendered":"<p>I dag kan man stort set ordne alt fra en computer. Skal man handle dagligvarer, kan man via f\u00e5 klik finde frem til en forretning, der kan levere de varer [&hellip;]<\/p>\n","protected":false},"author":1,"featured_media":0,"parent":0,"menu_order":0,"comment_status":"closed","ping_status":"closed","template":"page-nosidebar.php","meta":{"footnotes":""},"class_list":["post-77","page","type-page","status-publish","hentry"],"_links":{"self":[{"href":"https:\/\/lanebank.com\/dk\/wp-json\/wp\/v2\/pages\/77","targetHints":{"allow":["GET"]}}],"collection":[{"href":"https:\/\/lanebank.com\/dk\/wp-json\/wp\/v2\/pages"}],"about":[{"href":"https:\/\/lanebank.com\/dk\/wp-json\/wp\/v2\/types\/page"}],"author":[{"embeddable":true,"href":"https:\/\/lanebank.com\/dk\/wp-json\/wp\/v2\/users\/1"}],"replies":[{"embeddable":true,"href":"https:\/\/lanebank.com\/dk\/wp-json\/wp\/v2\/comments?post=77"}],"version-history":[{"count":2,"href":"https:\/\/lanebank.com\/dk\/wp-json\/wp\/v2\/pages\/77\/revisions"}],"predecessor-version":[{"id":303,"href":"https:\/\/lanebank.com\/dk\/wp-json\/wp\/v2\/pages\/77\/revisions\/303"}],"wp:attachment":[{"href":"https:\/\/lanebank.com\/dk\/wp-json\/wp\/v2\/media?parent=77"}],"curies":[{"name":"wp","href":"https:\/\/api.w.org\/{rel}","templated":true}]}}