
{"id":79,"date":"2016-11-10T07:39:26","date_gmt":"2016-11-10T07:39:26","guid":{"rendered":"https:\/\/lanebank.com\/dk\/?page_id=79"},"modified":"2016-11-10T12:19:58","modified_gmt":"2016-11-10T12:19:58","slug":"smaa-laan","status":"publish","type":"page","link":"https:\/\/lanebank.com\/dk\/smaa-laan","title":{"rendered":"Sm\u00e5 l\u00e5n"},"content":{"rendered":"<p>Her er en liste over danske sm\u00e5 l\u00e5n online. Sammenlign aktuelle rentesatser og se, hvad l\u00e5ngivere, der l\u00e5ner til din aldersgruppe.<\/p>\n<div style='display:none'>You haven't connected an Adservice account on the settings page - please connect your Adservice account and try again.<\/div>\n","protected":false},"excerpt":{"rendered":"<p>Her er en liste over danske sm\u00e5 l\u00e5n online. Sammenlign aktuelle rentesatser og se, hvad l\u00e5ngivere, der l\u00e5ner til din aldersgruppe.<\/p>\n","protected":false},"author":1,"featured_media":0,"parent":0,"menu_order":0,"comment_status":"closed","ping_status":"closed","template":"page-nosidebar.php","meta":{"footnotes":""},"class_list":["post-79","page","type-page","status-publish","hentry"],"_links":{"self":[{"href":"https:\/\/lanebank.com\/dk\/wp-json\/wp\/v2\/pages\/79","targetHints":{"allow":["GET"]}}],"collection":[{"href":"https:\/\/lanebank.com\/dk\/wp-json\/wp\/v2\/pages"}],"about":[{"href":"https:\/\/lanebank.com\/dk\/wp-json\/wp\/v2\/types\/page"}],"author":[{"embeddable":true,"href":"https:\/\/lanebank.com\/dk\/wp-json\/wp\/v2\/users\/1"}],"replies":[{"embeddable":true,"href":"https:\/\/lanebank.com\/dk\/wp-json\/wp\/v2\/comments?post=79"}],"version-history":[{"count":3,"href":"https:\/\/lanebank.com\/dk\/wp-json\/wp\/v2\/pages\/79\/revisions"}],"predecessor-version":[{"id":92,"href":"https:\/\/lanebank.com\/dk\/wp-json\/wp\/v2\/pages\/79\/revisions\/92"}],"wp:attachment":[{"href":"https:\/\/lanebank.com\/dk\/wp-json\/wp\/v2\/media?parent=79"}],"curies":[{"name":"wp","href":"https:\/\/api.w.org\/{rel}","templated":true}]}}