
{"id":87,"date":"2016-11-10T12:03:42","date_gmt":"2016-11-10T12:03:42","guid":{"rendered":"https:\/\/lanebank.com\/dk\/?page_id=87"},"modified":"2016-11-10T15:36:35","modified_gmt":"2016-11-10T15:36:35","slug":"akut-laan","status":"publish","type":"page","link":"https:\/\/lanebank.com\/dk\/akut-laan","title":{"rendered":"Akut l\u00e5n"},"content":{"rendered":"<p>Akut l\u00e5n er en made, hvorp\u00e5 du kan skaffe de forn\u00f8dne likvider, indenfor meget kort tid. Ofte er et akut l\u00e5n, allerede p\u00e5 din konto, blot f\u00e5 timer efter ans\u00f8gningen til den valgte l\u00e5nevirksomhed er sendt.<\/p>\n<div style='display:none'>You haven't connected an Adservice account on the settings page - please connect your Adservice account and try again.<\/div>\n","protected":false},"excerpt":{"rendered":"<p>Akut l\u00e5n er en made, hvorp\u00e5 du kan skaffe de forn\u00f8dne likvider, indenfor meget kort tid. Ofte er et akut l\u00e5n, allerede p\u00e5 din konto, blot f\u00e5 timer efter ans\u00f8gningen [&hellip;]<\/p>\n","protected":false},"author":1,"featured_media":0,"parent":0,"menu_order":0,"comment_status":"closed","ping_status":"closed","template":"page-nosidebar.php","meta":{"footnotes":""},"class_list":["post-87","page","type-page","status-publish","hentry"],"_links":{"self":[{"href":"https:\/\/lanebank.com\/dk\/wp-json\/wp\/v2\/pages\/87","targetHints":{"allow":["GET"]}}],"collection":[{"href":"https:\/\/lanebank.com\/dk\/wp-json\/wp\/v2\/pages"}],"about":[{"href":"https:\/\/lanebank.com\/dk\/wp-json\/wp\/v2\/types\/page"}],"author":[{"embeddable":true,"href":"https:\/\/lanebank.com\/dk\/wp-json\/wp\/v2\/users\/1"}],"replies":[{"embeddable":true,"href":"https:\/\/lanebank.com\/dk\/wp-json\/wp\/v2\/comments?post=87"}],"version-history":[{"count":4,"href":"https:\/\/lanebank.com\/dk\/wp-json\/wp\/v2\/pages\/87\/revisions"}],"predecessor-version":[{"id":99,"href":"https:\/\/lanebank.com\/dk\/wp-json\/wp\/v2\/pages\/87\/revisions\/99"}],"wp:attachment":[{"href":"https:\/\/lanebank.com\/dk\/wp-json\/wp\/v2\/media?parent=87"}],"curies":[{"name":"wp","href":"https:\/\/api.w.org\/{rel}","templated":true}]}}