
{"id":93,"date":"2016-11-10T15:19:29","date_gmt":"2016-11-10T15:19:29","guid":{"rendered":"https:\/\/lanebank.com\/dk\/?page_id=93"},"modified":"2020-06-29T08:00:54","modified_gmt":"2020-06-29T08:00:54","slug":"sammenlign-laan","status":"publish","type":"page","link":"https:\/\/lanebank.com\/dk\/sammenlign-laan","title":{"rendered":"Sammenlign l\u00e5n"},"content":{"rendered":"<p>L\u00e5nebank.com g\u00f8r det muligt for dig at sammenligne forskellige l\u00e5netyper og finde det bedste tilbud der passer dig og din \u00f8konomi. Vores l\u00e5neberegner kan give dig et fingerpeg om, hvilken l\u00e5ntype, du skal v\u00e6lge. Sammenligne rente p\u00e5 l\u00e5n, l\u00f8betid, \u00c5OP.<\/p>\n<div style='display:none'>You haven't connected an Adservice account on the settings page - please connect your Adservice account and try again.<\/div>\n<hr \/>\n<h5>G\u00e6ldsr\u00e5dgivning<\/h5>\n<p>F\u00e5 styr p\u00e5\u00a0g\u00e6lden. Tag kontrol over din \u00f8konomi. Slip ud af RKI og bliv kreditv\u00e6rdig igen. Forbrugerr\u00e5det T\u00e6nk G\u00e6ld &#8211; gratis g\u00e6ldsr\u00e5dgivning til dig med stor g\u00e6ld, lav indkomst og lille r\u00e5dighedsbel\u00f8b.<\/p>\n<p>&nbsp;<br \/>\n<a href=\"https:\/\/gaeld.taenk.dk\/\" class=\"classname\" rel=\"nofollow noopener noreferrer\" target=\"_blank\">Forbrugerr\u00e5det T\u00e6nk G\u00e6ld<\/a><\/p>\n","protected":false},"excerpt":{"rendered":"<p>L\u00e5nebank.com g\u00f8r det muligt for dig at sammenligne forskellige l\u00e5netyper og finde det bedste tilbud der passer dig og din \u00f8konomi. Vores l\u00e5neberegner kan give dig et fingerpeg om, hvilken [&hellip;]<\/p>\n","protected":false},"author":1,"featured_media":0,"parent":0,"menu_order":0,"comment_status":"closed","ping_status":"closed","template":"page-nosidebar.php","meta":{"footnotes":""},"class_list":["post-93","page","type-page","status-publish","hentry"],"_links":{"self":[{"href":"https:\/\/lanebank.com\/dk\/wp-json\/wp\/v2\/pages\/93","targetHints":{"allow":["GET"]}}],"collection":[{"href":"https:\/\/lanebank.com\/dk\/wp-json\/wp\/v2\/pages"}],"about":[{"href":"https:\/\/lanebank.com\/dk\/wp-json\/wp\/v2\/types\/page"}],"author":[{"embeddable":true,"href":"https:\/\/lanebank.com\/dk\/wp-json\/wp\/v2\/users\/1"}],"replies":[{"embeddable":true,"href":"https:\/\/lanebank.com\/dk\/wp-json\/wp\/v2\/comments?post=93"}],"version-history":[{"count":4,"href":"https:\/\/lanebank.com\/dk\/wp-json\/wp\/v2\/pages\/93\/revisions"}],"predecessor-version":[{"id":301,"href":"https:\/\/lanebank.com\/dk\/wp-json\/wp\/v2\/pages\/93\/revisions\/301"}],"wp:attachment":[{"href":"https:\/\/lanebank.com\/dk\/wp-json\/wp\/v2\/media?parent=93"}],"curies":[{"name":"wp","href":"https:\/\/api.w.org\/{rel}","templated":true}]}}