{"id":216,"date":"2017-12-14T21:03:22","date_gmt":"2017-12-14T19:03:22","guid":{"rendered":"https:\/\/lanebank.com\/fi\/?page_id=216"},"modified":"2017-12-14T21:09:22","modified_gmt":"2017-12-14T19:09:22","slug":"laina-vertailu","status":"publish","type":"page","link":"https:\/\/lanebank.com\/fi\/laina-vertailu","title":{"rendered":"Lainavertailu"},"content":{"rendered":"<p>Lainavertailu on t\u00e4rke\u00e4\u00e4, jotta lainan tarjoajien joukosta l\u00f6yt\u00e4\u00e4 sen, jolta lainan saa edullisimmin. Etenkin nykyisin lainoja on saatavilla todella monista pankeista ja netin kautta my\u00f6s pikavippiyrityksist\u00e4, joten lainojen vertailu on t\u00e4rke\u00e4\u00e4.<\/p>\n<script type=\"text\/javascript\" src=\"\/\/feedcontentcloud.com\/comparisonfeed\/resources\/js\/iframeResizer.min.js\"><\/script>\n<iframe id=\"as-comparison-iframe\" \n    style=\"border: none; width: 1px; min-width: 100%; overflow: hidden;\" scrolling=\"no\" \n    src=\"\/\/feedcontentcloud.com\/cgi-bin\/publisher\/comparisoniFramePreview.pl?id=38473&categoryId=147&showFilter=1&includeNewCampaigns=&removedItems=[]&conditions=&customOrder={}&customRating={}&title=&color=82c075&hColor=62b052&minRating=60&initialRows=&maxRows=&fontUrl=&fontName=&sub=|||CPL&media_id=&lazyLoading=\"\n    onload=\"iFrameResize({heightCalculationMethod: 'taggedElement', checkOrigin: false}, this);\">\n<\/iframe>\n","protected":false},"excerpt":{"rendered":"<p>Lainavertailu on t\u00e4rke\u00e4\u00e4, jotta lainan tarjoajien joukosta l\u00f6yt\u00e4\u00e4 sen, jolta lainan saa edullisimmin. Etenkin nykyisin lainoja on saatavilla todella monista pankeista ja netin kautta my\u00f6s pikavippiyrityksist\u00e4, joten lainojen vertailu on [&hellip;]<\/p>\n","protected":false},"author":1,"featured_media":0,"parent":0,"menu_order":0,"comment_status":"closed","ping_status":"closed","template":"page-nosidebar.php","meta":{"footnotes":""},"class_list":["post-216","page","type-page","status-publish","hentry"],"_links":{"self":[{"href":"https:\/\/lanebank.com\/fi\/wp-json\/wp\/v2\/pages\/216","targetHints":{"allow":["GET"]}}],"collection":[{"href":"https:\/\/lanebank.com\/fi\/wp-json\/wp\/v2\/pages"}],"about":[{"href":"https:\/\/lanebank.com\/fi\/wp-json\/wp\/v2\/types\/page"}],"author":[{"embeddable":true,"href":"https:\/\/lanebank.com\/fi\/wp-json\/wp\/v2\/users\/1"}],"replies":[{"embeddable":true,"href":"https:\/\/lanebank.com\/fi\/wp-json\/wp\/v2\/comments?post=216"}],"version-history":[{"count":1,"href":"https:\/\/lanebank.com\/fi\/wp-json\/wp\/v2\/pages\/216\/revisions"}],"predecessor-version":[{"id":217,"href":"https:\/\/lanebank.com\/fi\/wp-json\/wp\/v2\/pages\/216\/revisions\/217"}],"wp:attachment":[{"href":"https:\/\/lanebank.com\/fi\/wp-json\/wp\/v2\/media?parent=216"}],"curies":[{"name":"wp","href":"https:\/\/api.w.org\/{rel}","templated":true}]}}