{"id":218,"date":"2017-12-14T21:20:38","date_gmt":"2017-12-14T19:20:38","guid":{"rendered":"https:\/\/lanebank.com\/fi\/?page_id=218"},"modified":"2017-12-14T21:20:38","modified_gmt":"2017-12-14T19:20:38","slug":"pikavippi","status":"publish","type":"page","link":"https:\/\/lanebank.com\/fi\/pikavippi","title":{"rendered":"Pikavippi"},"content":{"rendered":"<p>Nykyisin on olemassa useita sivustoja joista voi saada heti lainaa. Pikaluotto voikin olla hyv\u00e4 idea jos tarvitset nopeasti rahaa johonkin tarpeelliseen.<\/p>\n<script type=\"text\/javascript\" src=\"\/\/feedcontentcloud.com\/comparisonfeed\/resources\/js\/iframeResizer.min.js\"><\/script>\n<iframe id=\"as-comparison-iframe\" \n    style=\"border: none; width: 1px; min-width: 100%; overflow: hidden;\" scrolling=\"no\" \n    src=\"\/\/feedcontentcloud.com\/cgi-bin\/publisher\/comparisoniFramePreview.pl?id=38473&categoryId=180&showFilter=1&includeNewCampaigns=&removedItems=[]&conditions=&customOrder={}&customRating={}&title=&color=82c075&hColor=62b052&minRating=60&initialRows=&maxRows=&fontUrl=&fontName=&sub=|||CPL&media_id=&lazyLoading=\"\n    onload=\"iFrameResize({heightCalculationMethod: 'taggedElement', checkOrigin: false}, this);\">\n<\/iframe>\n<p><em>T\u00e4ss\u00e4 kuitenkin muutama asia, joita kannattaa mietti\u00e4 pikavipin tarjoajaa valitessa<\/em>:<\/p>\n<h5>Pikavippi luottotiedottomalle<\/h5>\n<p>My\u00f6s luottotiedottomien on mahdollista saada nyky\u00e4\u00e4n heti lainaa ilman luottotietoja. Netiss\u00e4 on useita sivustoja, joilta on mahdollista saada pikavippi luottotiedottamalle. Usein pikavippi ilman luottotietoja vaatii verkkopalvelutunnukset. Jotkin sivustot tarjoavat pikaluottoa my\u00f6s jos omistaa k\u00e4nnykk\u00e4liittym\u00e4n. Varmin tapa saada pikavippi ilman luottotietoja on, jos sinulla on takaaja joka pystyy takaamaan lainan maksun jos itse et siihen pystyk\u00e4\u00e4n. Jos olet menett\u00e4nyt luottotietosi, joudut odottamaan 2-5 vuotta ett\u00e4 ne palautuvat. Kaikkein nopeimmin luottotietosi saat takaisin ja maksuh\u00e4iri\u00f6merkinn\u00e4t pois maksamalla lainasi pois.<\/p>\n<h5>Laina-aika<\/h5>\n<p>Mit\u00e4 nopeammin sinun tulee maksaa takaisin pikaluottosi, sit\u00e4 pienempi korko on ja lainan ottaminen tulee n\u00e4in edullisemmaksi. Sinun tulee kuitenkin huomioida, ett\u00e4 jos et pysty maksamaan lainasummaa takaisin valitsemallasi lyhyell\u00e4 takaisinmaksuajalla, joudut maksamaan lainasta viiv\u00e4stymismaksua, joka voi olla hyvinkin suuri. Vaikka siis lyhyt takaisinmaksuaika voi olla houkutteleva, kannattaa olla realistinen jotta v\u00e4lttyy lis\u00e4kuluilta luottoa maksettaessa.<\/p>\n<h5>Korot ja kulut<\/h5>\n<p>Pikavippien korot ovat usein hyvin suuret. Kannattaa ennen luoton valitsemista laskea tarkasti kuinka suureksi lainasumma kohoaa korkojen kanssa. Korkojen kanssa pikavipin summa kohoaa usein monenkertaiseksi. T\u00e4ll\u00e4 hetkell\u00e4 on olemassa tarjouksia uusille asiakkaille saada lainaa jopa ilman korkoa. T\u00e4llaista luottoa tarjoavat mm. Vivus, Suomilimiitti.fi sek\u00e4 Limiitti.fi. Korkojen p\u00e4\u00e4lle tulevia kuluja voi kuitenkin olla, joten nekin kannattaa vertailla.<\/p>\n<h5>Takaisinmaksuer\u00e4t<\/h5>\n<p>Pikavipin hintaan vaikuttaa my\u00f6s se, kuinka monessa er\u00e4ss\u00e4 pystyt maksamaan summan takaisin. On olemassa vipintarjoajia, jotka eiv\u00e4t lis\u00e4\u00e4 ylim\u00e4\u00e4r\u00e4isi\u00e4 kuluja, jos pystyt maksamaan koko summan kerralla pois. Mit\u00e4 useammassa er\u00e4ss\u00e4 maksat ja pidemm\u00e4ll\u00e4 aikataululla, sit\u00e4 suuremmaksi kulut nousevat.<\/p>\n<h5>Lainan nostaminen viikonloppuna<\/h5>\n<p>Jos tarvitset lainaa v\u00e4litt\u00f6m\u00e4sti, kannattaa my\u00f6s tarkistaa se, kuinka nopeasti lainasumma saapuu tilillesi ja lainahakemuksesi k\u00e4sitell\u00e4\u00e4n. Esimerkiksi viikonloppuisin eiv\u00e4t kaikki pikavippifirmat k\u00e4sittele lainahakemuksia. On kuitenkin olemassa sivustoja, joista saa lainaa lauantaisin ja jopa sunnuntaisin. N\u00e4it\u00e4 ovat mm. Credit24, Ekstraluotto, Laina.fi ja Suomilimiitti. Jotkin sivustot vaativat my\u00f6s lainasummasta riippuen jopa 21-vuoden ik\u00e4rajan lainan nostajalle.<\/p>\n","protected":false},"excerpt":{"rendered":"<p>Nykyisin on olemassa useita sivustoja joista voi saada heti lainaa. Pikaluotto voikin olla hyv\u00e4 idea jos tarvitset nopeasti rahaa johonkin tarpeelliseen. T\u00e4ss\u00e4 kuitenkin muutama asia, joita kannattaa mietti\u00e4 pikavipin tarjoajaa [&hellip;]<\/p>\n","protected":false},"author":1,"featured_media":0,"parent":0,"menu_order":0,"comment_status":"closed","ping_status":"closed","template":"page-nosidebar.php","meta":{"footnotes":""},"class_list":["post-218","page","type-page","status-publish","hentry"],"_links":{"self":[{"href":"https:\/\/lanebank.com\/fi\/wp-json\/wp\/v2\/pages\/218","targetHints":{"allow":["GET"]}}],"collection":[{"href":"https:\/\/lanebank.com\/fi\/wp-json\/wp\/v2\/pages"}],"about":[{"href":"https:\/\/lanebank.com\/fi\/wp-json\/wp\/v2\/types\/page"}],"author":[{"embeddable":true,"href":"https:\/\/lanebank.com\/fi\/wp-json\/wp\/v2\/users\/1"}],"replies":[{"embeddable":true,"href":"https:\/\/lanebank.com\/fi\/wp-json\/wp\/v2\/comments?post=218"}],"version-history":[{"count":1,"href":"https:\/\/lanebank.com\/fi\/wp-json\/wp\/v2\/pages\/218\/revisions"}],"predecessor-version":[{"id":219,"href":"https:\/\/lanebank.com\/fi\/wp-json\/wp\/v2\/pages\/218\/revisions\/219"}],"wp:attachment":[{"href":"https:\/\/lanebank.com\/fi\/wp-json\/wp\/v2\/media?parent=218"}],"curies":[{"name":"wp","href":"https:\/\/api.w.org\/{rel}","templated":true}]}}