{"id":24,"date":"2017-12-02T20:30:14","date_gmt":"2017-12-02T18:30:14","guid":{"rendered":"https:\/\/lanebank.com\/fi\/?page_id=24"},"modified":"2017-12-19T10:57:54","modified_gmt":"2017-12-19T08:57:54","slug":"front","status":"publish","type":"page","link":"https:\/\/lanebank.com\/fi\/","title":{"rendered":"Hae lainaa"},"content":{"rendered":"<p>L\u00e5nebankin avulla voi hakea lainaa netin kautta nopeasti ja k\u00e4tev\u00e4sti Pohjoismaiden pankeista. L\u00e5nebankin kautta voit lainata rahaa Pohjoismaiden johtavista rahoituslaitoksista. Jos asuinpaikkasi on jossain Pohjoismaiden maista, voit hakea lainaa L\u00e5nebankista.<\/p>\n<div class=\"specialaren40\" style=\"inline-block;padding-left:4%;padding-right:4%;\"><a id=\"footer-thumbnail\" href=\"https:\/\/lanebank.com\/fi\/pikavippi\"><\/p>\n<div>\n<div class=\"hover\"><span class=\"icon-link\"><\/span><\/div>\n<div class=\"featured-thumbnail\">\n<ul>\n<li><font color=\"black\">Jopa 2.500\u200b\u20ac<\/li>\n<li>Korko alk. 4.75 %<\/li>\n<li>0-360 kuukautta<\/li>\n<li>Vertaa pikavippi heti<\/li>\n<p><\/font><\/ul>\n<\/div>\n<\/div>\n<p class=\"footer-title\">\n<p>\t\t\t\t\t\t\t\t<center><span class=\"featured-title\"><font color=\"white\">Pikavippi<\/font><\/span><\/center><\/p>\n<p><\/a><\/div>\n<div class=\"specialaren40\" style=\"inline-block;padding-left:4%;padding-right:4%;\"><a id=\"footer-thumbnail\" href=\"https:\/\/lanebank.com\/fi\/tiedot\/joustoluottoa\"><\/p>\n<div>\n<div class=\"hover\"><span class=\"icon-link\"><\/span><\/div>\n<div class=\"featured-thumbnail\">\n<ul>\n<li><font color=\"black\">Jopa 50.000\u200b\u20ac<\/li>\n<li>Nimellis alk. 0.09 %<\/li>\n<li>Joka kuukausi tasaeriss\u00e4<\/li>\n<li>Vertaa joustoluotto<\/li>\n<p><\/font><\/ul>\n<\/div>\n<\/div>\n<p class=\"footer-title\">\n<p>\t\t\t\t\t\t\t\t<center><span class=\"featured-title\"><font color=\"white\">Joustoluotto<\/font><\/span><\/center><\/p>\n<p><\/a><\/div>\n<div class=\"specialaren40\" style=\"inline-block;padding-left:4%;padding-right:4%;\"><a id=\"footer-thumbnail\" href=\"https:\/\/lanebank.com\/fi\/tiedot\/yrityslaina\"><\/p>\n<div>\n<div class=\"hover\"><span class=\"icon-link\"><\/span><\/div>\n<div class=\"featured-thumbnail\">\n<ul>\n<li><font color=\"black\">Jopa 1.000.000\u200b\u20ac<\/li>\n<li>Kiinte\u00e4 kulu alk. 1.75 %<\/li>\n<li>Kulu alk. 1.75 %<\/li>\n<li>Vertaa yrityslaina heti<\/li>\n<p><\/font><\/ul>\n<\/div>\n<\/div>\n<p class=\"footer-title\">\n<p>\t\t\t\t\t\t\t\t<center><span class=\"featured-title\"><font color=\"white\">Yrityslaina<\/font><\/span><\/center><\/p>\n<p><\/a><\/div>\n<p><strong>Lainan hakeminenL\u00e5nebankista<\/strong><\/p>\n<p>Vieraile ensin L\u00e5nebankin sivuilla ja etsi itsellesi parhaiten sopiva laina. Kun olet l\u00f6yt\u00e4nyt sopivan vaihtoehdon, sinun tulee tehd\u00e4 lainahakemus. Se sujuu nopeasti jopa viidess\u00e4 minuutissa. Jos hakemuksesi t\u00e4ytt\u00e4\u00e4 ennakolta kaikki vaatimukset, jotka lainanantajat ovat asettaneet, saat yleens\u00e4 silloin ennakkolupauksen lainan hyv\u00e4ksymisest\u00e4. Lopullinen p\u00e4\u00e4t\u00f6s lainasta l\u00e4hetet\u00e4\u00e4n hieman my\u00f6hemmin, yleens\u00e4 p\u00e4iv\u00e4n tai kahden p\u00e4\u00e4st\u00e4. Saat lainasumman omalle pankkitilillesi noin p\u00e4iv\u00e4n tai kahden kuluessa. Mik\u00e4li tarvitset lainaa t\u00e4t\u00e4 nopeammin, eik\u00e4 sinulla ole aikaa odottaa summaa useita p\u00e4ivi\u00e4, sinun kannattaa vahvistaa laina-hakemuksesi ja allekirjoittaa se k\u00e4ytt\u00e4m\u00e4ll\u00e4 BankID-tunnuksia. BankID on digitaalinen henkil\u00f6tunnus, joka on k\u00e4yt\u00f6ss\u00e4 Ruotsissa ja Norjassa. Se voidaan ladata tietokoneelle ja voit hakea sit\u00e4 omasta pankistasi.<\/p>\n<script type=\"text\/javascript\" src=\"\/\/feedcontentcloud.com\/comparisonfeed\/resources\/js\/iframeResizer.min.js\"><\/script>\n<iframe id=\"as-comparison-iframe\" \n    style=\"border: none; width: 1px; min-width: 100%; overflow: hidden;\" scrolling=\"no\" \n    src=\"\/\/feedcontentcloud.com\/cgi-bin\/publisher\/comparisoniFramePreview.pl?id=38473&categoryId=147&showFilter=1&includeNewCampaigns=&removedItems=[]&conditions=&customOrder={}&customRating={}&title=&color=82c075&hColor=62b052&minRating=60&initialRows=&maxRows=&fontUrl=&fontName=&sub=|||CPL&media_id=&lazyLoading=\"\n    onload=\"iFrameResize({heightCalculationMethod: 'taggedElement', checkOrigin: false}, this);\">\n<\/iframe>\n<p><strong>Lainan takaisin maksaminen<\/strong><\/p>\n<p>Kun olet saanut my\u00f6nteisen lainap\u00e4\u00e4t\u00f6ksen ja rahat tilillesi, on sinun ja lainantarjoajan v\u00e4lille syntynyt sopimus. Sinun tulee maksaa joka kuukausi niin kauan kun laina-aikaa on j\u00e4ljell\u00e4 osa lainasta sek\u00e4 lainan korkoa takaisin lainaajalle. Sinun tulee muistaa maksaa lainaer\u00e4t takaisin aina ajoissa, jolloin v\u00e4ltyt ylim\u00e4\u00e4r\u00e4isilt\u00e4 kustannuksilta. Mik\u00e4li et pysty maksamaan lainasummaa takaisin er\u00e4p\u00e4iv\u00e4\u00e4n menness\u00e4, saatat saada merkinn\u00e4n luottotietoihisi. Mik\u00e4li sinulle tulee useita maksuh\u00e4iri\u00f6merkint\u00f6j\u00e4, on todenn\u00e4k\u00f6ist\u00e4 ett\u00e4 lainasi menee perint\u00e4\u00e4 ja lainan kustannukset nousevat runsaasti. Niihin lis\u00e4t\u00e4\u00e4n silloin viel\u00e4 erilaisia perimiskuluja ja muita kustannuksia. T\u00e4m\u00e4n vuoksi on t\u00e4rke\u00e4\u00e4 tehd\u00e4 huolelliset laskelmat siit\u00e4, kuinka paljon lainaa pystyy maksamaan takaisin ja mill\u00e4 aikataululla. My\u00f6s lainojen korot tulisi huomioida sek\u00e4 muut lis\u00e4kulut, joita lainan tarjoavat usein lis\u00e4\u00e4v\u00e4t lainasummiin.<\/p>\n<p><strong>Vakuudettomat lainat<\/strong><\/p>\n<p>Mik\u00e4li tarvittava lainasumma on hyvin iso ja kyse on vaikkapa asunnosta tai yrityksen ostamisesta, lainan takaamiseksi tarvitaan yleens\u00e4 vakuus. Keskikokoisia eli noin 30\u00a0000-45\u00a0000 euron lainoja voi kuitenkin olla mahdollista saada ilman vakuuksia. Vakuudetonta lainaa hakiessa pankki tarkistaa palkkasi suuruuden sek\u00e4 sen, miten olet muutoin hoitanut raha-asioitasi. Jos sinulla on s\u00e4\u00e4nn\u00f6lliset tulot eik\u00e4 lainaa ja haet lainaa yhdess\u00e4 jonkun toisen henkil\u00f6n kanssa, saat todenn\u00e4k\u00f6isesti lainan.<\/p>\n","protected":false},"excerpt":{"rendered":"<p>L\u00e5nebankin avulla voi hakea lainaa netin kautta nopeasti ja k\u00e4tev\u00e4sti Pohjoismaiden pankeista. L\u00e5nebankin kautta voit lainata rahaa Pohjoismaiden johtavista rahoituslaitoksista. Jos asuinpaikkasi on jossain Pohjoismaiden maista, voit hakea lainaa L\u00e5nebankista. [&hellip;]<\/p>\n","protected":false},"author":1,"featured_media":0,"parent":0,"menu_order":0,"comment_status":"closed","ping_status":"closed","template":"page-nosidebar.php","meta":{"footnotes":""},"class_list":["post-24","page","type-page","status-publish","hentry"],"_links":{"self":[{"href":"https:\/\/lanebank.com\/fi\/wp-json\/wp\/v2\/pages\/24","targetHints":{"allow":["GET"]}}],"collection":[{"href":"https:\/\/lanebank.com\/fi\/wp-json\/wp\/v2\/pages"}],"about":[{"href":"https:\/\/lanebank.com\/fi\/wp-json\/wp\/v2\/types\/page"}],"author":[{"embeddable":true,"href":"https:\/\/lanebank.com\/fi\/wp-json\/wp\/v2\/users\/1"}],"replies":[{"embeddable":true,"href":"https:\/\/lanebank.com\/fi\/wp-json\/wp\/v2\/comments?post=24"}],"version-history":[{"count":10,"href":"https:\/\/lanebank.com\/fi\/wp-json\/wp\/v2\/pages\/24\/revisions"}],"predecessor-version":[{"id":257,"href":"https:\/\/lanebank.com\/fi\/wp-json\/wp\/v2\/pages\/24\/revisions\/257"}],"wp:attachment":[{"href":"https:\/\/lanebank.com\/fi\/wp-json\/wp\/v2\/media?parent=24"}],"curies":[{"name":"wp","href":"https:\/\/api.w.org\/{rel}","templated":true}]}}