{"id":287,"date":"2018-03-16T10:44:05","date_gmt":"2018-03-16T08:44:05","guid":{"rendered":"https:\/\/lanebank.com\/fi\/?page_id=287"},"modified":"2018-03-16T11:29:37","modified_gmt":"2018-03-16T09:29:37","slug":"pankkitunnuksilla","status":"publish","type":"page","link":"https:\/\/lanebank.com\/fi\/pankkitunnuksilla","title":{"rendered":"Lainaa pankkitunnuksilla"},"content":{"rendered":"<p>Onko sinulla akuutti rahapula? Ei h\u00e4t\u00e4\u00e4, voit saada rahaa tilille heti k\u00e4ytt\u00e4m\u00e4ll\u00e4 jotain netin pikavippisivustoista.<\/p>\n<p><strong>Rahat siirtyv\u00e4t v\u00e4litt\u00f6m\u00e4sti<\/strong><\/p>\n<p>Monet netin pikavippisivustoista ovat avoinna 24 tuntia vuorokaudessa, mik\u00e4 tarkoittaa, ett\u00e4 voit hakea niist\u00e4 lainaa mihin kellon aikaan tahansa min\u00e4 viikonp\u00e4iv\u00e4n\u00e4 vain. Sinun tarvitsee vain sy\u00f6tt\u00e4\u00e4 tietosi lainahakemukseen ja vastata muutamaan yksinkertaiseen kysymykseen esimerkiksi koskien jo olemassa olevia velkoja. Saat tiedon lainan my\u00f6nn\u00f6st\u00e4 heti matkapuhelimeesi tekstiviestill\u00e4. Tieto tulee my\u00f6s vaikka et saisikaan lainaa eli sinun ei tarvitse j\u00e4\u00e4d\u00e4 miettim\u00e4\u00e4n menik\u00f6 hakemuksesi perille vai ei.<\/p>\n<p>Parhaimmassa tapauksessa voit saada rahaa tilille heti jo muutaman minuutin p\u00e4\u00e4st\u00e4 siit\u00e4 kun olet j\u00e4tt\u00e4nyt lainahakemuksesi. Erityisesti jos haet lainaa pieni\u00e4 summia, on hyvin todenn\u00e4k\u00f6ist\u00e4 ett\u00e4 lainahakemus hyv\u00e4ksyt\u00e4\u00e4n. Mutta my\u00f6s isompi summa on mahdollista saada tilille nopeasti.<\/p>\n<p>En\u00e4\u00e4 ei siis p\u00e4\u00e4se syntym\u00e4\u00e4n tilannetta, ett\u00e4 sinulla ei olisi penni\u00e4k\u00e4\u00e4n rahaa tilill\u00e4, kun tarvitset sit\u00e4 kipe\u00e4sti. Voit n\u00e4pp\u00e4ill\u00e4 hakemuksesi esimerkiksi kulutusluottoja tarjoavalle sivustolle tai nopeita lainoja tarjoavalle sivustolle ja hakemuksesi k\u00e4sitell\u00e4\u00e4n v\u00e4litt\u00f6m\u00e4sti. My\u00f6s soittamalla n\u00e4iden yritysten asiakaspalveluun saat vastauksen lainahakemukseesi v\u00e4litt\u00f6m\u00e4sti. Lainasumma siirret\u00e4\u00e4n tilille heti puhelun p\u00e4\u00e4tytty\u00e4, jos p\u00e4\u00e4t\u00f6s on positiivinen. Saat heti lainaa ja p\u00e4\u00e4set k\u00e4ytt\u00e4m\u00e4\u00e4n tarvitsemasi summan v\u00e4litt\u00f6m\u00e4sti vaikka akuuttiin l\u00e4\u00e4k\u00e4rik\u00e4yntiin tai laskujen maksuun. Muista kuitenkin vertailla ennen lainan ottamista mm. lainan antajien korkoja.<\/p>\n","protected":false},"excerpt":{"rendered":"<p>Onko sinulla akuutti rahapula? Ei h\u00e4t\u00e4\u00e4, voit saada rahaa tilille heti k\u00e4ytt\u00e4m\u00e4ll\u00e4 jotain netin pikavippisivustoista. Rahat siirtyv\u00e4t v\u00e4litt\u00f6m\u00e4sti Monet netin pikavippisivustoista ovat avoinna 24 tuntia vuorokaudessa, mik\u00e4 tarkoittaa, ett\u00e4 voit [&hellip;]<\/p>\n","protected":false},"author":1,"featured_media":0,"parent":0,"menu_order":0,"comment_status":"closed","ping_status":"closed","template":"","meta":{"footnotes":""},"class_list":["post-287","page","type-page","status-publish","hentry"],"_links":{"self":[{"href":"https:\/\/lanebank.com\/fi\/wp-json\/wp\/v2\/pages\/287","targetHints":{"allow":["GET"]}}],"collection":[{"href":"https:\/\/lanebank.com\/fi\/wp-json\/wp\/v2\/pages"}],"about":[{"href":"https:\/\/lanebank.com\/fi\/wp-json\/wp\/v2\/types\/page"}],"author":[{"embeddable":true,"href":"https:\/\/lanebank.com\/fi\/wp-json\/wp\/v2\/users\/1"}],"replies":[{"embeddable":true,"href":"https:\/\/lanebank.com\/fi\/wp-json\/wp\/v2\/comments?post=287"}],"version-history":[{"count":1,"href":"https:\/\/lanebank.com\/fi\/wp-json\/wp\/v2\/pages\/287\/revisions"}],"predecessor-version":[{"id":288,"href":"https:\/\/lanebank.com\/fi\/wp-json\/wp\/v2\/pages\/287\/revisions\/288"}],"wp:attachment":[{"href":"https:\/\/lanebank.com\/fi\/wp-json\/wp\/v2\/media?parent=287"}],"curies":[{"name":"wp","href":"https:\/\/api.w.org\/{rel}","templated":true}]}}