{"id":31,"date":"2017-12-02T20:58:25","date_gmt":"2017-12-02T18:58:25","guid":{"rendered":"https:\/\/lanebank.com\/fi\/?page_id=31"},"modified":"2017-12-14T17:40:10","modified_gmt":"2017-12-14T15:40:10","slug":"iso-laina","status":"publish","type":"page","link":"https:\/\/lanebank.com\/fi\/iso-laina","title":{"rendered":"Iso laina"},"content":{"rendered":"<p>Isoja hankintoja tehdess\u00e4 tarvitaan paljon rahaa. Monellakaan ei ole kovin suuria summia pankkitilill\u00e4\u00e4n, joten t\u00e4ll\u00f6in yleens\u00e4 otetaan lainaa.<\/p>\n<p>Pankit tarjoavat suuria summia lainaa, isoista asuntolainoista suuriin yrityslainoihin. Summat voivat kohota jopa miljooniin euroihin. Tavalliset kuluttajat eiv\u00e4t yleens\u00e4 tarvitse n\u00e4in isoja lainoja, vaan suurilla lainoilla tarkoitetaan lainoja jotka ovat kymmeni\u00e4 tai satoja tuhansia euroja.<\/p>\n<script type=\"text\/javascript\" src=\"\/\/feedcontentcloud.com\/comparisonfeed\/resources\/js\/iframeResizer.min.js\"><\/script>\n<iframe id=\"as-comparison-iframe\" \n    style=\"border: none; width: 1px; min-width: 100%; overflow: hidden;\" scrolling=\"no\" \n    src=\"\/\/feedcontentcloud.com\/cgi-bin\/publisher\/comparisoniFramePreview.pl?id=38473&categoryId=147&showFilter=1&includeNewCampaigns=&removedItems=[]&conditions=&customOrder={}&customRating={}&title=&color=82c075&hColor=62b052&minRating=60&initialRows=&maxRows=&fontUrl=&fontName=&sub=|||CPL&media_id=&lazyLoading=\"\n    onload=\"iFrameResize({heightCalculationMethod: 'taggedElement', checkOrigin: false}, this);\">\n<\/iframe>\n","protected":false},"excerpt":{"rendered":"<p>Isoja hankintoja tehdess\u00e4 tarvitaan paljon rahaa. Monellakaan ei ole kovin suuria summia pankkitilill\u00e4\u00e4n, joten t\u00e4ll\u00f6in yleens\u00e4 otetaan lainaa. Pankit tarjoavat suuria summia lainaa, isoista asuntolainoista suuriin yrityslainoihin. Summat voivat kohota [&hellip;]<\/p>\n","protected":false},"author":1,"featured_media":0,"parent":0,"menu_order":0,"comment_status":"closed","ping_status":"closed","template":"page-nosidebar.php","meta":{"footnotes":""},"class_list":["post-31","page","type-page","status-publish","hentry"],"_links":{"self":[{"href":"https:\/\/lanebank.com\/fi\/wp-json\/wp\/v2\/pages\/31","targetHints":{"allow":["GET"]}}],"collection":[{"href":"https:\/\/lanebank.com\/fi\/wp-json\/wp\/v2\/pages"}],"about":[{"href":"https:\/\/lanebank.com\/fi\/wp-json\/wp\/v2\/types\/page"}],"author":[{"embeddable":true,"href":"https:\/\/lanebank.com\/fi\/wp-json\/wp\/v2\/users\/1"}],"replies":[{"embeddable":true,"href":"https:\/\/lanebank.com\/fi\/wp-json\/wp\/v2\/comments?post=31"}],"version-history":[{"count":2,"href":"https:\/\/lanebank.com\/fi\/wp-json\/wp\/v2\/pages\/31\/revisions"}],"predecessor-version":[{"id":212,"href":"https:\/\/lanebank.com\/fi\/wp-json\/wp\/v2\/pages\/31\/revisions\/212"}],"wp:attachment":[{"href":"https:\/\/lanebank.com\/fi\/wp-json\/wp\/v2\/media?parent=31"}],"curies":[{"name":"wp","href":"https:\/\/api.w.org\/{rel}","templated":true}]}}