{"id":331,"date":"2018-04-15T20:36:53","date_gmt":"2018-04-15T17:36:53","guid":{"rendered":"https:\/\/lanebank.com\/fi\/?page_id=331"},"modified":"2018-04-15T20:36:53","modified_gmt":"2018-04-15T17:36:53","slug":"velkaantumisesta","status":"publish","type":"page","link":"https:\/\/lanebank.com\/fi\/velkaantumisesta","title":{"rendered":"Velkaantumisesta"},"content":{"rendered":"<p>Velkaantumista pidet\u00e4\u00e4n yleens\u00e4 negatiivisena asiana. Usein yrityksen kannalta se saattaa kuitenkin olla ainoa tapa, jolla se pystyy tekem\u00e4\u00e4n investointeja, laajentumaan ja kehitt\u00e4m\u00e4\u00e4n liiketoimintaansa. Se ei siis aina ole huono asia, kunhan velkaa on hyv\u00e4ss\u00e4 suhteessa yhti\u00f6n varoihin ja tulevaisuuden n\u00e4kymiin. Yksityishenkil\u00f6n kannalta velkaa kannattaa ottaa vain t\u00e4rkeisiin hankintoihin, joita ei aina pysty hankkimaan pelk\u00e4st\u00e4\u00e4n k\u00e4teisell\u00e4, kuten autoihin ja asuntoihin. Velan ottaminen huvin vuoksi ja asioihin, jotka eiv\u00e4t ole v\u00e4ltt\u00e4m\u00e4tt\u00f6mi\u00e4, tulevat kaduttamaan my\u00f6hemmin, jos velan m\u00e4\u00e4r\u00e4n alkaa kasvaa ja turha hankinta tulee n\u00e4in kalliiksi.<\/p>\n<h3><strong>Velkaantuminen kannattaa pit\u00e4\u00e4 kohtuullisena<\/strong><\/h3>\n<p>Investointeja tehdess\u00e4 tehd\u00e4\u00e4n aina kannattavuuslaskelmia, joista p\u00e4\u00e4tell\u00e4\u00e4n kuinka kauan kuluu aikaa, ett\u00e4 investointi maksaa itsens\u00e4 takaisin. T\u00e4m\u00e4n tulisi my\u00f6s heijastua investointia varten otettuun velan takaisinmaksuaikaan. Velan maksuajaksi kannattaa valita sellainen, jonka aikana yrityksell\u00e4 realistiset mahdollisuudet maksaa se takaisin. Toisaalta on kuitenkin muistettava korot, jotka nostavat velan hintaa koko ajan. Mit\u00e4 pidemm\u00e4n takaisinmaksuajan valitsee, sit\u00e4 kalliimpi lainasta tulee.<\/p>\n<p>Ennen velan ottamista kannattaa mietti\u00e4 tarkkaan, miten sen pystyy maksamaan takaisin. Mit\u00e4 jos itselle sattuu jotain yll\u00e4tt\u00e4v\u00e4\u00e4, esimerkiksi joutuu ty\u00f6tt\u00f6m\u00e4ksi? Pahimmassa tapauksessa velka ulosmitataan velallisen omaisuudesta. Jos velkaa joutuu ottamaan, kannattaa valita vaihtoehto, jossa on matalin korko. Korko ja muut kulut voivat nostaa velan loppuhintaa moninkertaiseksi. Jotta velan loppusumma ei tulisi yll\u00e4tyksen\u00e4, kannattaa laskea se ennen velan ottamista.<\/p>\n<hr \/>\n<h2>Lainaa huonosta taloustilanteesta huolimatta<\/h2>\n<p>Lainaa voi hakea monelta eri taholta. Yleisimm\u00e4t lainanantajat ovat pankit ja netin pikavippiyritykset. N\u00e4m\u00e4 eri tahot tarkistavat hakijan lainakelpoisuuden hyvin eri tavalla. T\u00e4m\u00e4 my\u00f6s heijastuu niiden perimiin korkoihin. Pankit vaativat yleens\u00e4 lainanhakijalta s\u00e4\u00e4nn\u00f6llisi\u00e4 palkkatuloja, s\u00e4\u00e4st\u00f6j\u00e4 tai omaisuutta lainan takuuksi, jos kyseess\u00e4 on v\u00e4h\u00e4nkin isompi lainasumma, kuten asunto. Pienemmiss\u00e4 kulutusluotoissa n\u00e4it\u00e4 asioita ei v\u00e4ltt\u00e4m\u00e4tt\u00e4 vaadita, mutta kulutusluotoissa lainan hinta onkin korkeampi ja lainasummat pienempi\u00e4.<\/p>\n<h3>Lainaa saa jos luottotiedot ovat kunnossa<\/h3>\n<p>Netin pikavippiyritykset kartoittavat my\u00f6s hakijoiden lainakelpoisuutta, mutta eiv\u00e4t ole siin\u00e4 yht\u00e4 vaativia kuin pankit. Usein pelk\u00e4st\u00e4\u00e4n t\u00e4ysi-ik\u00e4isyys ja puhtaat luottotiedot voivat riitt\u00e4\u00e4 lainan saamiseksi. Mik\u00e4li olet menett\u00e4nyt jo luottotietosi, sinun on hyvin vaikeaa saada en\u00e4\u00e4 mist\u00e4\u00e4n lainaa. Koska netin pikavippiyritykset ottavat n\u00e4in suuremman riskin lainanannossaan, heill\u00e4 on my\u00f6s suuret kulut ja korot. N\u00e4m\u00e4 nostavat lainan hintaa huomattavan paljon.<\/p>\n<p>Jos sinulla on jo huono taloustilanne, kannattaa mietti\u00e4 tarkkaan, onko sen heikent\u00e4misest\u00e4 entisest\u00e4\u00e4n uudella lainalla mit\u00e4\u00e4n hy\u00f6ty\u00e4? Laina tulee aina maksaa takaisin ja jos tilanteesi on jo huono, lainataakkasi tule kasvamaan yh\u00e4 enemm\u00e4n. Jos sinulla on vaikeuksia selviyty\u00e4 jo aiemmista lainoistasi, ei kannata ottaa lis\u00e4\u00e4 lainaa maksaakseen aiempien lainojen eri\u00e4. Kannattaa ottaa yhteytt\u00e4 lainanantajiin ja neuvotella uutta maksuaikataulua entisten lainojen maksamiseksi. Lis\u00e4ksi voit ottaa yhteytt\u00e4 kuntasi velkaneuvontaan, jossa avustetaan ylivelkaantuneita p\u00e4\u00e4sem\u00e4\u00e4n takaisin hyv\u00e4\u00e4n taloudelliseen tilanteeseen.<\/p>\n","protected":false},"excerpt":{"rendered":"<p>Velkaantumista pidet\u00e4\u00e4n yleens\u00e4 negatiivisena asiana. Usein yrityksen kannalta se saattaa kuitenkin olla ainoa tapa, jolla se pystyy tekem\u00e4\u00e4n investointeja, laajentumaan ja kehitt\u00e4m\u00e4\u00e4n liiketoimintaansa. Se ei siis aina ole huono asia, [&hellip;]<\/p>\n","protected":false},"author":1,"featured_media":0,"parent":0,"menu_order":0,"comment_status":"closed","ping_status":"closed","template":"","meta":{"footnotes":""},"class_list":["post-331","page","type-page","status-publish","hentry"],"_links":{"self":[{"href":"https:\/\/lanebank.com\/fi\/wp-json\/wp\/v2\/pages\/331","targetHints":{"allow":["GET"]}}],"collection":[{"href":"https:\/\/lanebank.com\/fi\/wp-json\/wp\/v2\/pages"}],"about":[{"href":"https:\/\/lanebank.com\/fi\/wp-json\/wp\/v2\/types\/page"}],"author":[{"embeddable":true,"href":"https:\/\/lanebank.com\/fi\/wp-json\/wp\/v2\/users\/1"}],"replies":[{"embeddable":true,"href":"https:\/\/lanebank.com\/fi\/wp-json\/wp\/v2\/comments?post=331"}],"version-history":[{"count":1,"href":"https:\/\/lanebank.com\/fi\/wp-json\/wp\/v2\/pages\/331\/revisions"}],"predecessor-version":[{"id":332,"href":"https:\/\/lanebank.com\/fi\/wp-json\/wp\/v2\/pages\/331\/revisions\/332"}],"wp:attachment":[{"href":"https:\/\/lanebank.com\/fi\/wp-json\/wp\/v2\/media?parent=331"}],"curies":[{"name":"wp","href":"https:\/\/api.w.org\/{rel}","templated":true}]}}