{"id":333,"date":"2018-04-15T20:55:56","date_gmt":"2018-04-15T17:55:56","guid":{"rendered":"https:\/\/lanebank.com\/fi\/?page_id=333"},"modified":"2018-04-17T10:01:26","modified_gmt":"2018-04-17T07:01:26","slug":"hatalaina","status":"publish","type":"page","link":"https:\/\/lanebank.com\/fi\/hatalaina","title":{"rendered":"H\u00e4t\u00e4laina"},"content":{"rendered":"<p>H\u00e4t\u00e4laina on lainaa todelliseen tarpeeseen. Toisinaan voi tulla eteen tilanteita, ett\u00e4 rahaa pit\u00e4isi saada nopeasti johonkin t\u00e4rke\u00e4\u00e4n menoon. T\u00e4m\u00e4n meno syys voi olla yksil\u00f6llinen, rahaa voi tarvita esimerkiksi kiireellisiin laskuihin, vuokraan, ruokaan, l\u00e4\u00e4kkeisiin tai johonkin muuhun t\u00e4rke\u00e4\u00e4n. Rahan tarve voi johtua my\u00f6s yll\u00e4tt\u00e4v\u00e4st\u00e4 menosta, kuten hajonneesta kodinkoneesta tai autosta.<\/p>\n<h3>H\u00e4t\u00e4laina netist\u00e4<\/h3>\n<p>T\u00e4llaisia yll\u00e4tt\u00e4vi\u00e4 menoja varten pit\u00e4isi olla varakassa ja s\u00e4\u00e4st\u00f6j\u00e4, mutta aina s\u00e4\u00e4st\u00e4minen ei ole mahdollista tai menon suuruus ylitt\u00e4\u00e4 s\u00e4\u00e4st\u00f6jen m\u00e4\u00e4r\u00e4n. T\u00e4m\u00e4n vuoksi monet hakevat h\u00e4t\u00e4lainaa netin kautta. Lainaa yll\u00e4tt\u00e4viin menoihin voi ottaa joko pikavipin muodossa tai kulutusluottona. Kummassakaan tapauksessa ei tarkemmin kysell\u00e4 mihin lainaa tarvitsee.<\/p>\n<p>Kun haet lainaa kiireellist\u00e4 menoa varten, kannattaa silti olla maltillinen ja vertailla ja tutkia rauhassa eri vaihtoehtoja. Monet <a href=\"https:\/\/lanebank.com\/fi\/pikavippiyritykset\">pikavippiyritykset<\/a> tarjoavat uusille asiakkailleen ensimm\u00e4isen lainan ilmaiseksi. T\u00e4llaiset tarjoukset kannattaa hy\u00f6dynt\u00e4\u00e4, sill\u00e4 silloin sinulle ei aiheudu mit\u00e4\u00e4n ylim\u00e4\u00e4r\u00e4isi\u00e4 kuluja lainan nostamisesta.<\/p>\n<p>Lainan korot vaihtelevat paljon eri lainantarjoajien v\u00e4lill\u00e4. Lainan korkoja vertaillessa kannattaa kiinnitt\u00e4\u00e4 huomiota lainan todelliseen vuosikorkoon, joka on vertailukelpoinen jokaisen lainantarjoajan v\u00e4lill\u00e4. Vuosikoron lis\u00e4ksi kannattaa tutkia kaikki kulut, joita lainan ottamisesta aiheutuu. Pikavippiyritykset voivat laskuttaa my\u00f6s esimerkiksi lainanhoitokuluja, laskutuskuluja ja kaikenlaisia muita lis\u00e4kuluja, jotka nostavat lainan kokonaissumman suureksi. Joka tapauksessa lainaa ei kannata ottaa enemp\u00e4\u00e4 kuin sit\u00e4 tarvitsee. H\u00e4t\u00e4lainaa saa monesti my\u00f6s yst\u00e4v\u00e4lt\u00e4 tai sukulaiselta.<\/p>\n<hr \/>\n<h2>Akuutti rahantarve<\/h2>\n<p>Akuutti rahantarve on monelle tavallista. Rahaa voi tarvita esimerkiksi er\u00e4\u00e4ntyviin laskuihin tai yll\u00e4tt\u00e4viin menoihin. Jos vaikkapa pesukone hajoaa, on t\u00e4rke\u00e4\u00e4 ett\u00e4 uuden saa ostettua mahdollisimman pian. T\u00e4m\u00e4n vuoksi olisi t\u00e4rke\u00e4\u00e4 omata jonkinlainen varakassa s\u00e4\u00e4st\u00f6j\u00e4, joita voi hy\u00f6dynt\u00e4\u00e4 t\u00e4llaisen ik\u00e4v\u00e4n tilanteen iskiess\u00e4. N\u00e4in ei kuitenkaan kaikilla ole. Mik\u00e4 sitten avuksi akuuttiin rahantarpeeseen?<\/p>\n<h3>Rahantarpeeseen on apuja<\/h3>\n<p>Onneksi netiss\u00e4 on tarjolla lukuisia erilaisia pikavippisivustoja, joilta saa haettua lainaa. Lainaa saa sielt\u00e4 ymp\u00e4ri vuorokauden mihin kellonaikaan tahansa jokaisena viikonp\u00e4iv\u00e4n\u00e4. Rahan saa my\u00f6s heti tilille. Sinun tarvitsee vain t\u00e4ytt\u00e4\u00e4 nettisivuilla oleva laina-anomus, joka k\u00e4sitell\u00e4\u00e4n nopeasti. Jos sinulla on luottotiedot kunnossa ja olet t\u00e4ysi-ik\u00e4inen, on hyvin todenn\u00e4k\u00f6ist\u00e4 ett\u00e4 laina my\u00f6nnet\u00e4\u00e4n sinulle.<\/p>\n<p>Tiedon lainan my\u00f6nt\u00e4misest\u00e4 saat v\u00e4litt\u00f6m\u00e4sti lainahakemuksen k\u00e4sittelyn j\u00e4lkeen. Siit\u00e4 ilmoitetaan yleens\u00e4 tekstiviestill\u00e4. Samalla saat ohjeet lainan nostamiseen. Lainan saa usein tilille jo saman p\u00e4iv\u00e4n aikana, mutta t\u00e4m\u00e4 riippuu pankista. Lainaa voi hakea muutamasta kympist\u00e4 useisiin tuhansiin euroihin. Monilla pikavippiyrityksill\u00e4 on v\u00e4lill\u00e4 tarjouksia, joiden avulla ensimm\u00e4inen laina on ilmainen. N\u00e4it\u00e4 tarjouksia kannattaakin hy\u00f6dynt\u00e4\u00e4, sill\u00e4 t\u00e4ll\u00f6in saa rahan k\u00e4yt\u00f6ksi akuuttiin menoon t\u00e4ysin ilmaiseksi ilman kuluja ja korkoja.<\/p>\n<p>Lainaa kattaa ottaa vain, mik\u00e4li akuutti rahantarve koskee jotain t\u00e4rke\u00e4\u00e4 menoa. Vaikka siis tarvitsisi rahaa karkkiin tai leffalippuun, ei sellaisia menoja varten kannata ottaa velkaa vaan ker\u00e4t\u00e4 kasaan rahaa esimerkiksi s\u00e4\u00e4st\u00e4m\u00e4ll\u00e4.<\/p>\n","protected":false},"excerpt":{"rendered":"<p>H\u00e4t\u00e4laina on lainaa todelliseen tarpeeseen. Toisinaan voi tulla eteen tilanteita, ett\u00e4 rahaa pit\u00e4isi saada nopeasti johonkin t\u00e4rke\u00e4\u00e4n menoon. T\u00e4m\u00e4n meno syys voi olla yksil\u00f6llinen, rahaa voi tarvita esimerkiksi kiireellisiin laskuihin, [&hellip;]<\/p>\n","protected":false},"author":1,"featured_media":0,"parent":0,"menu_order":0,"comment_status":"closed","ping_status":"closed","template":"","meta":{"footnotes":""},"class_list":["post-333","page","type-page","status-publish","hentry"],"_links":{"self":[{"href":"https:\/\/lanebank.com\/fi\/wp-json\/wp\/v2\/pages\/333","targetHints":{"allow":["GET"]}}],"collection":[{"href":"https:\/\/lanebank.com\/fi\/wp-json\/wp\/v2\/pages"}],"about":[{"href":"https:\/\/lanebank.com\/fi\/wp-json\/wp\/v2\/types\/page"}],"author":[{"embeddable":true,"href":"https:\/\/lanebank.com\/fi\/wp-json\/wp\/v2\/users\/1"}],"replies":[{"embeddable":true,"href":"https:\/\/lanebank.com\/fi\/wp-json\/wp\/v2\/comments?post=333"}],"version-history":[{"count":2,"href":"https:\/\/lanebank.com\/fi\/wp-json\/wp\/v2\/pages\/333\/revisions"}],"predecessor-version":[{"id":338,"href":"https:\/\/lanebank.com\/fi\/wp-json\/wp\/v2\/pages\/333\/revisions\/338"}],"wp:attachment":[{"href":"https:\/\/lanebank.com\/fi\/wp-json\/wp\/v2\/media?parent=333"}],"curies":[{"name":"wp","href":"https:\/\/api.w.org\/{rel}","templated":true}]}}