{"id":35,"date":"2017-12-02T21:08:40","date_gmt":"2017-12-02T19:08:40","guid":{"rendered":"https:\/\/lanebank.com\/fi\/?page_id=35"},"modified":"2017-12-14T17:41:36","modified_gmt":"2017-12-14T15:41:36","slug":"pieni-laina","status":"publish","type":"page","link":"https:\/\/lanebank.com\/fi\/pieni-laina","title":{"rendered":"Pieni laina"},"content":{"rendered":"<p>Monet ihmiset k\u00e4ytt\u00e4v\u00e4t pieni\u00e4 lainasummia esimerkiksi t\u00e4rkeisiin laskuihin, joihin ei juuri er\u00e4p\u00e4iv\u00e4n hetkell\u00e4 l\u00f6ydy rahaa tai vaikkapa yll\u00e4tt\u00e4viin menoihin. Kaikki eiv\u00e4t ole varautuneet vaikkapa siihen, ett\u00e4 pesukone tai j\u00e4\u00e4kaappi hajoaa ja uusi tarvitsisi ostaa pikaisesti. Vaikka t\u00e4llaisia arjen pikku menoja varten kannattaisi olla s\u00e4\u00e4st\u00f6ss\u00e4 tilill\u00e4 jonkin verran rahaa, kaikilla n\u00e4in ei kuitenkaan ole. <\/p>\n<script type=\"text\/javascript\" src=\"\/\/feedcontentcloud.com\/comparisonfeed\/resources\/js\/iframeResizer.min.js\"><\/script>\n<iframe id=\"as-comparison-iframe\" \n    style=\"border: none; width: 1px; min-width: 100%; overflow: hidden;\" scrolling=\"no\" \n    src=\"\/\/feedcontentcloud.com\/cgi-bin\/publisher\/comparisoniFramePreview.pl?id=38473&categoryId=180&showFilter=1&includeNewCampaigns=&removedItems=[]&conditions=&customOrder={}&customRating={}&title=&color=82c075&hColor=62b052&minRating=60&initialRows=&maxRows=&fontUrl=&fontName=&sub=|||CPL&media_id=&lazyLoading=\"\n    onload=\"iFrameResize({heightCalculationMethod: 'taggedElement', checkOrigin: false}, this);\">\n<\/iframe>\n","protected":false},"excerpt":{"rendered":"<p>Monet ihmiset k\u00e4ytt\u00e4v\u00e4t pieni\u00e4 lainasummia esimerkiksi t\u00e4rkeisiin laskuihin, joihin ei juuri er\u00e4p\u00e4iv\u00e4n hetkell\u00e4 l\u00f6ydy rahaa tai vaikkapa yll\u00e4tt\u00e4viin menoihin. Kaikki eiv\u00e4t ole varautuneet vaikkapa siihen, ett\u00e4 pesukone tai j\u00e4\u00e4kaappi hajoaa [&hellip;]<\/p>\n","protected":false},"author":1,"featured_media":0,"parent":0,"menu_order":0,"comment_status":"closed","ping_status":"closed","template":"page-nosidebar.php","meta":{"footnotes":""},"class_list":["post-35","page","type-page","status-publish","hentry"],"_links":{"self":[{"href":"https:\/\/lanebank.com\/fi\/wp-json\/wp\/v2\/pages\/35","targetHints":{"allow":["GET"]}}],"collection":[{"href":"https:\/\/lanebank.com\/fi\/wp-json\/wp\/v2\/pages"}],"about":[{"href":"https:\/\/lanebank.com\/fi\/wp-json\/wp\/v2\/types\/page"}],"author":[{"embeddable":true,"href":"https:\/\/lanebank.com\/fi\/wp-json\/wp\/v2\/users\/1"}],"replies":[{"embeddable":true,"href":"https:\/\/lanebank.com\/fi\/wp-json\/wp\/v2\/comments?post=35"}],"version-history":[{"count":2,"href":"https:\/\/lanebank.com\/fi\/wp-json\/wp\/v2\/pages\/35\/revisions"}],"predecessor-version":[{"id":213,"href":"https:\/\/lanebank.com\/fi\/wp-json\/wp\/v2\/pages\/35\/revisions\/213"}],"wp:attachment":[{"href":"https:\/\/lanebank.com\/fi\/wp-json\/wp\/v2\/media?parent=35"}],"curies":[{"name":"wp","href":"https:\/\/api.w.org\/{rel}","templated":true}]}}