{"id":38,"date":"2017-12-02T21:12:47","date_gmt":"2017-12-02T19:12:47","guid":{"rendered":"https:\/\/lanebank.com\/fi\/?page_id=38"},"modified":"2017-12-02T21:12:47","modified_gmt":"2017-12-02T19:12:47","slug":"mista-rahaa-laskuihin-ja-elamiseen","status":"publish","type":"page","link":"https:\/\/lanebank.com\/fi\/mista-rahaa-laskuihin-ja-elamiseen","title":{"rendered":"Mist\u00e4 rahaa laskuihin ja el\u00e4miseen?"},"content":{"rendered":"<p>Monet harmittelevat sit\u00e4, kun rahaa ei riit\u00e4 el\u00e4miseen. Laskuja on paljon ja kokoajan rahaa menee my\u00f6s v\u00e4ltt\u00e4m\u00e4tt\u00f6miin menoihin, kuten ruokaan ja matkakuluihin.<\/p>\n<p><strong>Kartoita tulot ja menot<\/strong><\/p>\n<p>Jos laskuja tuntuu olevan enemm\u00e4n kuin rahaa, kannattaa mietti\u00e4, mit\u00e4 kuluja voisi karsia. Ty\u00f6n voi aloittaa vaikka listaamalla kaikki kulut ja menot, joihin on joutunut k\u00e4ytt\u00e4m\u00e4\u00e4n rahaa viimeisen kuukauden aikana. T\u00e4m\u00e4n j\u00e4lkeen voi mietti\u00e4, ovatko kaikki niist\u00e4 todella tarpeellisia ja voisiko joitain kuluja esimerkiksi kilpailuttaa. S\u00e4hk\u00f6laskut, vakuutukset, puhelinliittym\u00e4t ja nettiliittym\u00e4t voi kaikki laittaa kilpailutukseen ja samalla s\u00e4\u00e4st\u00e4\u00e4 monia kymmeni\u00e4 euroja.<\/p>\n<p>Mik\u00e4li laskun er\u00e4p\u00e4iv\u00e4 alkaa l\u00e4hesty\u00e4, eik\u00e4 tilill\u00e4 ole rahaa sen maksuun, kannattaa soittaa rohkeasti laskuttajalle ja neuvotella uusi maksup\u00e4iv\u00e4. Monet yritykset siirt\u00e4v\u00e4t kyll\u00e4 laskun er\u00e4p\u00e4iv\u00e4\u00e4 ja yleens\u00e4 viel\u00e4 ilmaiseksi, kun heille vain kertoo tilanteestaan. Maksuaikaa saa siis usein lis\u00e4\u00e4, jos vain ottaa yhteytt\u00e4 laskuttajaan. T\u00e4m\u00e4 onkin paljon parempi tapa kuin antaa laskun vain er\u00e4\u00e4nty\u00e4, jolloin siihen tulee p\u00e4\u00e4lle viel\u00e4 viiv\u00e4styskorkoja ja maksumuistutuskuluja.<\/p>\n<p><strong>Hy\u00f6dynn\u00e4 lainatarjoukset<\/strong><\/p>\n<p>Monet saattavat turvautua lainaan, jolla he maksavat v\u00e4ltt\u00e4m\u00e4tt\u00f6mi\u00e4 laskuja. Toiset k\u00e4ytt\u00e4v\u00e4t lainarahoja jopa lomamatkailuun tai muuhun vapaa-ajan kulutukseen. Nykyisin lainaa saa helposti netin kautta eiv\u00e4tk\u00e4 pikavippiyritykset kysy lainan k\u00e4ytt\u00f6tarkoitusta sen kummemmin. T\u00e4m\u00e4n vuoksi summan k\u00e4ytt\u00f6tarkoitus j\u00e4\u00e4 oman harkinnan varaan. El\u00e4misen ja laskujen rahoittaminen pikavipeill\u00e4 tulee kuitenkin kalliiksi. Niiden lainoissa on yleens\u00e4 huomattavat korot ja muut kulut, jotka helposti kasvattavat lainan alkuper\u00e4isen summan moninkertaiseksi. Monelle n\u00e4m\u00e4 kulut saattavat silti tulla yll\u00e4tyksen\u00e4 ja karvas totuus paljastuu vasta ajan mittaan, kun huomaa miten hitaasti alkuper\u00e4inen lainasumma pienenee, koska lainaer\u00e4n suuruudesta enin osa koostuu pelk\u00e4st\u00e4\u00e4n lainan lyhennyskuluista ja koroista.<\/p>\n<p>Jos tilanne kuitenkin on paha ja lainaa tarvitsee v\u00e4ltt\u00e4m\u00e4tt\u00e4 vaikkapa laskujen maksamiseen, kannattaa hy\u00f6dynt\u00e4\u00e4 monien lainanantajien tarjouksia, joissa ensimm\u00e4isen lainan voi nostaa ilman kuluja ja korkoja. Mik\u00e4li lainaa tarvitsee joka kuukausi lis\u00e4\u00e4, kannattaa mietti\u00e4 ajoissa miten tilanteen voisi muuttaa ja pyyt\u00e4\u00e4 esimerkiksi velkaneuvonnasta vinkkej\u00e4, miten omaa talouttaan voisi paremmin huoltaa. Esimerkiksi sivuty\u00f6n avulla voi k\u00e4tev\u00e4sti kattaa ainakin joitain kuluja.<\/p>\n","protected":false},"excerpt":{"rendered":"<p>Monet harmittelevat sit\u00e4, kun rahaa ei riit\u00e4 el\u00e4miseen. Laskuja on paljon ja kokoajan rahaa menee my\u00f6s v\u00e4ltt\u00e4m\u00e4tt\u00f6miin menoihin, kuten ruokaan ja matkakuluihin. Kartoita tulot ja menot Jos laskuja tuntuu olevan [&hellip;]<\/p>\n","protected":false},"author":1,"featured_media":0,"parent":0,"menu_order":0,"comment_status":"closed","ping_status":"closed","template":"","meta":{"footnotes":""},"class_list":["post-38","page","type-page","status-publish","hentry"],"_links":{"self":[{"href":"https:\/\/lanebank.com\/fi\/wp-json\/wp\/v2\/pages\/38","targetHints":{"allow":["GET"]}}],"collection":[{"href":"https:\/\/lanebank.com\/fi\/wp-json\/wp\/v2\/pages"}],"about":[{"href":"https:\/\/lanebank.com\/fi\/wp-json\/wp\/v2\/types\/page"}],"author":[{"embeddable":true,"href":"https:\/\/lanebank.com\/fi\/wp-json\/wp\/v2\/users\/1"}],"replies":[{"embeddable":true,"href":"https:\/\/lanebank.com\/fi\/wp-json\/wp\/v2\/comments?post=38"}],"version-history":[{"count":1,"href":"https:\/\/lanebank.com\/fi\/wp-json\/wp\/v2\/pages\/38\/revisions"}],"predecessor-version":[{"id":39,"href":"https:\/\/lanebank.com\/fi\/wp-json\/wp\/v2\/pages\/38\/revisions\/39"}],"wp:attachment":[{"href":"https:\/\/lanebank.com\/fi\/wp-json\/wp\/v2\/media?parent=38"}],"curies":[{"name":"wp","href":"https:\/\/api.w.org\/{rel}","templated":true}]}}