{"id":4,"date":"2017-10-31T16:52:06","date_gmt":"2017-10-31T14:52:06","guid":{"rendered":"https:\/\/lanebank.com\/fi\/?page_id=4"},"modified":"2017-10-31T16:52:06","modified_gmt":"2017-10-31T14:52:06","slug":"vastuuvapauslauseke","status":"publish","type":"page","link":"https:\/\/lanebank.com\/fi\/vastuuvapauslauseke","title":{"rendered":"Vastuuvapauslauseke"},"content":{"rendered":"<p>T\u00e4ll\u00e4 sivustolla oleva materiaali on laadittu vain informatiivisessa tarkoituksessa, eik\u00e4 siin\u00e4 mainittuja seikkoja ole tarkoitettu oikeudelliseksi ohjeeksi tai neuvoksi. Sivustolla oleva aineisto esitet\u00e4\u00e4n sellaisena kuin se on ollut julkaisup\u00e4iv\u00e4n\u00e4, emmek\u00e4 anna mit\u00e4\u00e4n takuuta aineiston oikeellisuudesta, ajankohtaisuudesta tai t\u00e4ydellisyydest\u00e4.<\/p>\n<p>Spexer AB (L\u00e5nebank) ei vastaa sivuston keskeytyksett\u00f6m\u00e4st\u00e4 tai virheett\u00f6m\u00e4st\u00e4 toiminnasta, eik\u00e4 mist\u00e4\u00e4n sivuston tai sen aineiston k\u00e4yt\u00f6st\u00e4 mahdollisesti aiheutuvista vahingoista. Kaikki sivustolla oleva aineisto on Spexer AB (L\u00e5nebank).<\/p>\n","protected":false},"excerpt":{"rendered":"<p>T\u00e4ll\u00e4 sivustolla oleva materiaali on laadittu vain informatiivisessa tarkoituksessa, eik\u00e4 siin\u00e4 mainittuja seikkoja ole tarkoitettu oikeudelliseksi ohjeeksi tai neuvoksi. Sivustolla oleva aineisto esitet\u00e4\u00e4n sellaisena kuin se on ollut julkaisup\u00e4iv\u00e4n\u00e4, emmek\u00e4 [&hellip;]<\/p>\n","protected":false},"author":1,"featured_media":0,"parent":0,"menu_order":0,"comment_status":"closed","ping_status":"closed","template":"page-nosidebar.php","meta":{"footnotes":""},"class_list":["post-4","page","type-page","status-publish","hentry"],"_links":{"self":[{"href":"https:\/\/lanebank.com\/fi\/wp-json\/wp\/v2\/pages\/4","targetHints":{"allow":["GET"]}}],"collection":[{"href":"https:\/\/lanebank.com\/fi\/wp-json\/wp\/v2\/pages"}],"about":[{"href":"https:\/\/lanebank.com\/fi\/wp-json\/wp\/v2\/types\/page"}],"author":[{"embeddable":true,"href":"https:\/\/lanebank.com\/fi\/wp-json\/wp\/v2\/users\/1"}],"replies":[{"embeddable":true,"href":"https:\/\/lanebank.com\/fi\/wp-json\/wp\/v2\/comments?post=4"}],"version-history":[{"count":1,"href":"https:\/\/lanebank.com\/fi\/wp-json\/wp\/v2\/pages\/4\/revisions"}],"predecessor-version":[{"id":6,"href":"https:\/\/lanebank.com\/fi\/wp-json\/wp\/v2\/pages\/4\/revisions\/6"}],"wp:attachment":[{"href":"https:\/\/lanebank.com\/fi\/wp-json\/wp\/v2\/media?parent=4"}],"curies":[{"name":"wp","href":"https:\/\/api.w.org\/{rel}","templated":true}]}}