{"id":7,"date":"2017-10-31T16:54:01","date_gmt":"2017-10-31T14:54:01","guid":{"rendered":"https:\/\/lanebank.com\/fi\/?page_id=7"},"modified":"2017-10-31T16:54:01","modified_gmt":"2017-10-31T14:54:01","slug":"evasteet","status":"publish","type":"page","link":"https:\/\/lanebank.com\/fi\/evasteet","title":{"rendered":"Ev\u00e4steet"},"content":{"rendered":"<p>Ev\u00e4ste (cookie) on pieni tekstitiedosto, jonka internetselain tallentaa k\u00e4ytt\u00e4j\u00e4n laitteelle. Ev\u00e4steit\u00e4 k\u00e4ytet\u00e4\u00e4n esimerkiksi silloin, kun k\u00e4ytt\u00e4j\u00e4n tietoja halutaan s\u00e4ilytt\u00e4\u00e4 t\u00e4m\u00e4n siirtyess\u00e4 internetpalvelun sivulta toiselle. Ev\u00e4steiden k\u00e4ytt\u00f6 edellytt\u00e4\u00e4 aina k\u00e4ytt\u00e4j\u00e4n suostumuksen.<\/p>\n<p>Ev\u00e4ste voidaan tallentaa k\u00e4ytt\u00e4j\u00e4n laitteelle pysyv\u00e4sti (stored cookie) tai se voidaan poistaa palvelun k\u00e4yt\u00f6n j\u00e4lkeen.<\/p>\n<p>Ev\u00e4steiden avulla voidaan ker\u00e4t\u00e4 muun muassa seuraavia tietoja:<\/p>\n<p>k\u00e4ytt\u00e4j\u00e4n IP-osoite<br \/>\nkellonaika<br \/>\nk\u00e4ytetyt sivut<br \/>\nselaintyyppi<br \/>\nmist\u00e4 verkko-osoitteesta k\u00e4ytt\u00e4j\u00e4 on tullut kyseiselle verkkosivulle<br \/>\nmilt\u00e4 palvelimelta k\u00e4ytt\u00e4j\u00e4 on tullut verkkosivulle<br \/>\nmist\u00e4 verkkotunnuksesta k\u00e4ytt\u00e4j\u00e4 on tullut verkkosivulle.<br \/>\nEv\u00e4steiden k\u00e4ytt\u00f6 vaatii k\u00e4ytt\u00e4j\u00e4n suostumuksen<\/p>\n<p>Ev\u00e4steist\u00e4, k\u00e4ytt\u00f6tietojen tallentamisesta ja niiden k\u00e4ytt\u00f6tarkoituksesta on kerrottava selke\u00e4sti ja kattavasti sivuston k\u00e4ytt\u00e4j\u00e4lle. Palvelun k\u00e4ytt\u00e4j\u00e4lt\u00e4 on pyydett\u00e4v\u00e4 suostumus tietojen tallentamiseen ja k\u00e4ytt\u00f6\u00f6n. Tietojen antaminen ja mahdollisuus niiden tallentamisen kielt\u00e4miseen pit\u00e4\u00e4 toteuttaa k\u00e4ytt\u00e4j\u00e4n kannalta mahdollisimman vaivattomasti.<\/p>\n<p>Tietoyhteiskuntakaari 205 \u00a7<\/p>\n<p>Suomessa on tulkittu s\u00e4hk\u00f6isen viestinn\u00e4n tietosuojadirektiivi\u00e4 siten, ett\u00e4 k\u00e4ytt\u00e4j\u00e4 voi antaa suostumuksensa ev\u00e4steiden tallentamiseen esimerkiksi selaimen tai muun sovelluksen asetusten avulla.<\/p>\n<p>&nbsp;<\/p>\n<p>Suomessa ev\u00e4steist\u00e4 tiedottamista tai niiden hyv\u00e4ksymist\u00e4 varten ei vaadita erillist\u00e4 ponnahdusikkunaa. Ev\u00e4stek\u00e4yt\u00e4nn\u00f6t on kuitenkin mainittava verkkosivuilla niin, ett\u00e4 k\u00e4ytt\u00e4j\u00e4n on mahdollista saada niist\u00e4 lis\u00e4tietoa.<\/p>\n<p>&nbsp;<\/p>\n<p>Tulkintak\u00e4yt\u00e4nt\u00f6 vaihtelee valtioittain. Ulkomaisissa palveluissa ev\u00e4steit\u00e4 saatetaankin kysy\u00e4 sivustokohtaisesti.<\/p>\n<p>Ev\u00e4steist\u00e4 ei tarvitse tiedottaa,<\/p>\n<p>jos niiden ainoana tarkoituksena on toteuttaa viestin v\u00e4litt\u00e4minen teknisesti<br \/>\njos niiden ainoana tarkoituksena on helpottaa palvelun k\u00e4ytt\u00f6\u00e4 tai<br \/>\njos k\u00e4ytt\u00e4j\u00e4 on pyyt\u00e4nyt ev\u00e4steiden k\u00e4ytt\u00f6\u00f6n perustuvaa palvelua (esimerkiksi verkkopankkipalvelut).<br \/>\nPalvelutarjoajan tiedonantovelvollisuus<\/p>\n<p>Palveluntarjoajan pit\u00e4\u00e4 noudattaa tietoyhteiskuntakaarta (entinen s\u00e4hk\u00f6kauppalaki) ja siin\u00e4 m\u00e4\u00e4ritelty\u00e4 tiedonantovelvollisuutta, jos se<\/p>\n<p>tallentaa verkkopalvelun k\u00e4ytt\u00f6\u00e4 kuvaavia tietoja, esimerkiksi ev\u00e4steit\u00e4, k\u00e4ytt\u00e4j\u00e4n p\u00e4\u00e4telaitteelle tai<br \/>\nhy\u00f6dynt\u00e4\u00e4 verkkopalvelun k\u00e4ytt\u00f6\u00e4 kuvaavia tietoja.<br \/>\nJos tiedonantovelvollinen on esimerkiksi sivuston k\u00e4ytt\u00f6\u00e4 kuvaavan tilastopalvelun tarjoaja, voi sivun palveluntarjoaja pyyt\u00e4\u00e4 suostumuksen tietojen k\u00e4sittelyyn.<\/p>\n<p>Tietoyhteiskuntakaarta (22 luku) sovelletaan internetin yhteis\u00f6- ja ajanvietepalveluihin.<\/p>\n","protected":false},"excerpt":{"rendered":"<p>Ev\u00e4ste (cookie) on pieni tekstitiedosto, jonka internetselain tallentaa k\u00e4ytt\u00e4j\u00e4n laitteelle. Ev\u00e4steit\u00e4 k\u00e4ytet\u00e4\u00e4n esimerkiksi silloin, kun k\u00e4ytt\u00e4j\u00e4n tietoja halutaan s\u00e4ilytt\u00e4\u00e4 t\u00e4m\u00e4n siirtyess\u00e4 internetpalvelun sivulta toiselle. Ev\u00e4steiden k\u00e4ytt\u00f6 edellytt\u00e4\u00e4 aina k\u00e4ytt\u00e4j\u00e4n suostumuksen. [&hellip;]<\/p>\n","protected":false},"author":1,"featured_media":0,"parent":0,"menu_order":0,"comment_status":"closed","ping_status":"closed","template":"page-nosidebar.php","meta":{"footnotes":""},"class_list":["post-7","page","type-page","status-publish","hentry"],"_links":{"self":[{"href":"https:\/\/lanebank.com\/fi\/wp-json\/wp\/v2\/pages\/7","targetHints":{"allow":["GET"]}}],"collection":[{"href":"https:\/\/lanebank.com\/fi\/wp-json\/wp\/v2\/pages"}],"about":[{"href":"https:\/\/lanebank.com\/fi\/wp-json\/wp\/v2\/types\/page"}],"author":[{"embeddable":true,"href":"https:\/\/lanebank.com\/fi\/wp-json\/wp\/v2\/users\/1"}],"replies":[{"embeddable":true,"href":"https:\/\/lanebank.com\/fi\/wp-json\/wp\/v2\/comments?post=7"}],"version-history":[{"count":1,"href":"https:\/\/lanebank.com\/fi\/wp-json\/wp\/v2\/pages\/7\/revisions"}],"predecessor-version":[{"id":8,"href":"https:\/\/lanebank.com\/fi\/wp-json\/wp\/v2\/pages\/7\/revisions\/8"}],"wp:attachment":[{"href":"https:\/\/lanebank.com\/fi\/wp-json\/wp\/v2\/media?parent=7"}],"curies":[{"name":"wp","href":"https:\/\/api.w.org\/{rel}","templated":true}]}}