{"id":106,"date":"2014-09-29T15:40:32","date_gmt":"2014-09-29T13:40:32","guid":{"rendered":"https:\/\/lanebank.com\/no\/?page_id=106"},"modified":"2017-06-27T12:44:10","modified_gmt":"2017-06-27T10:44:10","slug":"om-lanebank","status":"publish","type":"page","link":"https:\/\/lanebank.com\/no\/om-lanebank","title":{"rendered":"Om L\u00e5nebank"},"content":{"rendered":"<p>L\u00e5nebank \u00e4r et nettsted som gir deg upartisk sammenligning av l\u00e5n og kreditter fra Norges fremste banker.Bruk L\u00e5nbank \u00e5 se hvilken bank har h\u00f8yest kundetilfredshet, som tilbyr l\u00e5n p\u00e5 den laveste renten og hva det koster \u00e5 l\u00e5ne en viss sum penger.<\/p>\n<p>&nbsp;<\/p>\n<p>V\u00e5r service er helt gratis \u00e5 bruke. Det vil aldri v\u00e6re noen ekstra renter eller gebyrer hvis du klikker p\u00e5 gjennom v\u00e5re linker. I stedet mottar L\u00e5nebank i visse tilfeller en provisjon fra utl\u00e5ner n\u00e5r du velger \u00e5 ta opp l\u00e5n gjennom nettstedet v\u00e5rt.<\/p>\n<p>&nbsp;<\/p>\n<p>V\u00e5rt motto er at det skal v\u00e6re trygt \u00e5 l\u00e5ne penger for v\u00e5re kunder. Nettsiden er drevet med et kommersielt form\u00e5l. Informasjonen p\u00e5 nettsiden skal ikke betraktes som fullt dekkende for de produkter som finnes p\u00e5 markedet. Hvis du har sp\u00f8rsm\u00e5l eller bekymringer om innholdet i eller funksjonalitet p\u00e5 siden, kan du kontakte oss.<\/p>\n<p>&nbsp;<\/p>\n<h3>V\u00e5r virksomhet<\/h3>\n<p>L\u00e5nebank eies og forvaltes av markedsf\u00f8ringsselskap Spexer AB. Vi driver informasjonsportaler og sammenligning tjenester hvor kundens interesse i sentrum.<\/p>\n<h5>Spexer AB<\/h5>\n<p>Org. <span class=\"st\"> 556971-8926 <\/span><\/p>\n","protected":false},"excerpt":{"rendered":"<p>L\u00e5nebank \u00e4r et nettsted som gir deg upartisk sammenligning av l\u00e5n og kreditter fra Norges fremste banker.Bruk L\u00e5nbank \u00e5 se hvilken bank har h\u00f8yest kundetilfredshet, som tilbyr l\u00e5n p\u00e5 den laveste renten og hva det koster \u00e5 l\u00e5ne en viss sum penger. &nbsp; V\u00e5r service er helt gratis \u00e5 bruke. Det vil aldri v\u00e6re noen [&hellip;]<\/p>\n","protected":false},"author":1,"featured_media":0,"parent":0,"menu_order":6,"comment_status":"closed","ping_status":"closed","template":"","meta":{"footnotes":""},"class_list":["post-106","page","type-page","status-publish","hentry"],"_links":{"self":[{"href":"https:\/\/lanebank.com\/no\/wp-json\/wp\/v2\/pages\/106","targetHints":{"allow":["GET"]}}],"collection":[{"href":"https:\/\/lanebank.com\/no\/wp-json\/wp\/v2\/pages"}],"about":[{"href":"https:\/\/lanebank.com\/no\/wp-json\/wp\/v2\/types\/page"}],"author":[{"embeddable":true,"href":"https:\/\/lanebank.com\/no\/wp-json\/wp\/v2\/users\/1"}],"replies":[{"embeddable":true,"href":"https:\/\/lanebank.com\/no\/wp-json\/wp\/v2\/comments?post=106"}],"version-history":[{"count":8,"href":"https:\/\/lanebank.com\/no\/wp-json\/wp\/v2\/pages\/106\/revisions"}],"predecessor-version":[{"id":298,"href":"https:\/\/lanebank.com\/no\/wp-json\/wp\/v2\/pages\/106\/revisions\/298"}],"wp:attachment":[{"href":"https:\/\/lanebank.com\/no\/wp-json\/wp\/v2\/media?parent=106"}],"curies":[{"name":"wp","href":"https:\/\/api.w.org\/{rel}","templated":true}]}}