{"id":17,"date":"2014-09-27T21:59:46","date_gmt":"2014-09-27T19:59:46","guid":{"rendered":"https:\/\/lanebank.com\/no\/?page_id=17"},"modified":"2014-09-27T22:07:09","modified_gmt":"2014-09-27T20:07:09","slug":"refinansiering","status":"publish","type":"page","link":"https:\/\/lanebank.com\/no\/refinansiering","title":{"rendered":"Forbruksgjeld Refinansiering \u2013 bli kvitt dyre l\u00e5n!"},"content":{"rendered":"<p>Refinansiering er en tjeneste som mange banker tilbyr. Det g\u00e5r ut p\u00e5 at du tar opp et l\u00e5n for \u00e5 betale ned andre l\u00e5n. Refinansiering blir ofte brukt til \u00e5 betale ned diverse l\u00e5n, kredittkortgjeld, og sm\u00e5l\u00e5n. Ved \u00e5 samle all \u00a0forbruksgjeld\u00a0p\u00e5 ett sted s\u00e5 kan du spare en del penger. \u00c5 ha gjeld hos mange forskjellige akt\u00f8rer kan resultere i veldig h\u00f8ye kostnader. Med refinansiering er det veldig godt mulig at du ender opp med bedre vilk\u00e5r. Du kan f\u00e5 lavere rente, lengre nedbetalingstid, og lavere gebyrer.<\/p>\n<p>&nbsp;<\/p>\n<p>Grovt sett er refinansiering ikke s\u00e5 forskjellig fra et vanlig l\u00e5n. Forskjellen er at du ikke f\u00e5r utbetalt pengene til din egen konto for \u00e5 nedbetale l\u00e5nene \u2013 banken gj\u00f8r dette for deg. Banken s\u00f8rger for at gjelden din blir nedbetalt, og du kan fokusere p\u00e5 ett enkelt l\u00e5n med bedre vilk\u00e5r. Det er den tryggeste m\u00e5ten for b\u00e5de banken og deg selv, og samtidig sparer du tid, arbeid og penger. Refinansiering passer for de som har kredittkortgjeld, et flertall av sm\u00e5l\u00e5n, eller et gammelt l\u00e5n som du har hatt i flere \u00e5r. Gamle l\u00e5n har ofte utdaterte vilk\u00e5r.<\/p>\n<p>&nbsp;<\/p>\n<p>Et enkelt eksempel p\u00e5 refinansiering av et gammelt l\u00e5n: Du har et <a href=\"https:\/\/lanebank.com\/no\/kostnad\/lane-150000-kroner\">l\u00e5n p\u00e5 150 000 kroner<\/a>, som skal nedbetales over 8 \u00e5r, med en nominell rente p\u00e5 20 %. Det m\u00e5nedlige avdraget blir 1500 kroner. Med en refinansieringsplan kan renten reduseres til 14 %, og det m\u00e5nedlige avdraget blir dermed redusert til 1000 kroner. Her sparer du alts\u00e5 500 kroner i m\u00e5neden, uten at du l\u00e5ner mer eller \u00f8ker nedbetalingstiden.<\/p>\n<p>&nbsp;<\/p>\n<p><a href=\"https:\/\/lanebank.com\/no\/wp-content\/uploads\/2014\/09\/laneagent_.jpg\"><img loading=\"lazy\" decoding=\"async\" class=\"alignright size-full wp-image-18\" src=\"https:\/\/lanebank.com\/no\/wp-content\/uploads\/2014\/09\/laneagent_.jpg\" alt=\"laneagent_\" width=\"300\" height=\"199\" \/><\/a>F\u00f8r du s\u00f8ker om refinansiering m\u00e5 du ha en oversikt over hvor mye gjeld du har. N\u00e5r bel\u00f8pet du trenger \u00e5 refinansiere er fastsatt s\u00e5 m\u00e5 du finne en bank som er villig til \u00e5 innvilge en refinansieringsplan. P\u00e5 markedet konkurrerer bankene om kundene, s\u00e5 det skulle ikke v\u00e6re umulig \u00e5 f\u00e5 s\u00f8knaden innvilget. Som verdifull kunde er det lurt \u00e5 vurdere tilbud fra forskjellige banker. Mange <a href=\"https:\/\/lanebank.com\/no\/info\/laneformidlere\">finansagenter<\/a> hjelper deg \u00e5 finne det beste tilbudet for din situasjon, som oftest uten \u00e5 kreve betaling (de f\u00e5r nemlig honorar fra banken hvis en avtale blir inng\u00e5tt via finansagenten). Dette er et lurt alternativ, siden det er gratis og sparer deg tid og arbeid. Disse finansagentene m\u00e5 v\u00e6re registrert i finansforbundet, slik at de er lovp\u00e5lagt \u00e5 f\u00f8lge reglementet og faktisk tilbyr deg det rimeligste tilbudet som er tilgjengelig. Det er ogs\u00e5 viktig at du unng\u00e5r \u00e5 p\u00e5dra deg betalingsanmerkning eller havne i problemer med inkassobyr\u00e5ene, for \u00e5 bevare kredittverdigheten din.<\/p>\n<p>&nbsp;<\/p>\n<p>Det er <strong>generelt sett to typer refinansiering: med eller uten sikkerhet<\/strong>. Refinansiering med sikkerhet betyr at du setter eiendom som sikkerhet for l\u00e5net, for eksempel huset eller bilen. Dersom du ikke har eiendom som kan stilles som sikkerhet for l\u00e5net, s\u00e5 kan du s\u00f8ke om refinansiering uten sikkerhet. Dette er et dyrere l\u00e5n sammenlignet med et l\u00e5n inklusivt sikkerhet, men du kan fortsatt spare penger med denne typen refinansiering.<\/p>\n","protected":false},"excerpt":{"rendered":"<p>Refinansiering er en tjeneste som mange banker tilbyr. Det g\u00e5r ut p\u00e5 at du tar opp et l\u00e5n for \u00e5 betale ned andre l\u00e5n. Refinansiering blir ofte brukt til \u00e5 betale ned diverse l\u00e5n, kredittkortgjeld, og sm\u00e5l\u00e5n. Ved \u00e5 samle all \u00a0forbruksgjeld\u00a0p\u00e5 ett sted s\u00e5 kan du spare en del penger. \u00c5 ha gjeld hos [&hellip;]<\/p>\n","protected":false},"author":1,"featured_media":0,"parent":0,"menu_order":0,"comment_status":"closed","ping_status":"closed","template":"","meta":{"footnotes":""},"class_list":["post-17","page","type-page","status-publish","hentry"],"_links":{"self":[{"href":"https:\/\/lanebank.com\/no\/wp-json\/wp\/v2\/pages\/17","targetHints":{"allow":["GET"]}}],"collection":[{"href":"https:\/\/lanebank.com\/no\/wp-json\/wp\/v2\/pages"}],"about":[{"href":"https:\/\/lanebank.com\/no\/wp-json\/wp\/v2\/types\/page"}],"author":[{"embeddable":true,"href":"https:\/\/lanebank.com\/no\/wp-json\/wp\/v2\/users\/1"}],"replies":[{"embeddable":true,"href":"https:\/\/lanebank.com\/no\/wp-json\/wp\/v2\/comments?post=17"}],"version-history":[{"count":5,"href":"https:\/\/lanebank.com\/no\/wp-json\/wp\/v2\/pages\/17\/revisions"}],"predecessor-version":[{"id":23,"href":"https:\/\/lanebank.com\/no\/wp-json\/wp\/v2\/pages\/17\/revisions\/23"}],"wp:attachment":[{"href":"https:\/\/lanebank.com\/no\/wp-json\/wp\/v2\/media?parent=17"}],"curies":[{"name":"wp","href":"https:\/\/api.w.org\/{rel}","templated":true}]}}