{"id":268,"date":"2017-06-07T09:52:16","date_gmt":"2017-06-07T07:52:16","guid":{"rendered":"https:\/\/lanebank.com\/no\/?page_id=268"},"modified":"2017-06-07T09:53:27","modified_gmt":"2017-06-07T07:53:27","slug":"ansvarsfraskrivelse","status":"publish","type":"page","link":"https:\/\/lanebank.com\/no\/ansvarsfraskrivelse","title":{"rendered":"Ansvarsfraskrivelse"},"content":{"rendered":"<p>Lanebank.com er kun en ren informasjonsside om l\u00e5n, kreditt og finans. Selv om vi pr\u00f8ver \u00e5 holde priser og informasjon oppdaterte, kan vi ikke garantere dette til enhver tid. Vi tar forbehold om prisendringer og eventuelle feil. Unders\u00f8k derfor alltid respektive l\u00e5neselskapenes regler, vilk\u00e5r og l\u00e5nebetingelser f\u00f8r du s\u00f8ker om l\u00e5n.<\/p>\n<p>Lanebank.com tar ikke ansvar for eventuelle konflikter i forbindelse med l\u00e5n. Alle typer avtaler og overenskomster som er inng\u00e5tt, \u00a0er mellom l\u00e5netilbydere, kredittselskap og deg som l\u00e5netaker. Lanebank.com kan ikke stilles til ansvar for erstatninger for skader eller anses som delaktig i eventuelle tvister mellom deg som l\u00e5netaker og selskapet som betaler ut l\u00e5net. Vi har ingen form for initiativ i avtalen(e) som skrives mellom deg som l\u00e5netaker og det kredittselskapet du l\u00e5ner penger fra. Lanebank.com er kun ansvarlig for dette nettstedet og dets innhold og det vi kommuniserer til deg som privatperson direkte eller de selskapene vi anbefaler.<\/p>\n<h3>Endring av vilk\u00e5r og regler<\/h3>\n<p>Fra tid til annen kan bakenforliggende forhold bli endret, og avtalens regler og vilk\u00e5r vil da bli beh\u00f8rig oppdatert. Endringer trer \u00f8yeblikkelig i kraft, og det forutsettes at alle slike endringer er godtatt av deg uten egen varsling fra Lanebank.com.<\/p>\n","protected":false},"excerpt":{"rendered":"<p>Lanebank.com er kun en ren informasjonsside om l\u00e5n, kreditt og finans. Selv om vi pr\u00f8ver \u00e5 holde priser og informasjon oppdaterte, kan vi ikke garantere dette til enhver tid. Vi tar forbehold om prisendringer og eventuelle feil. Unders\u00f8k derfor alltid respektive l\u00e5neselskapenes regler, vilk\u00e5r og l\u00e5nebetingelser f\u00f8r du s\u00f8ker om l\u00e5n. Lanebank.com tar ikke ansvar [&hellip;]<\/p>\n","protected":false},"author":1,"featured_media":0,"parent":0,"menu_order":2,"comment_status":"closed","ping_status":"closed","template":"page-nosidebar.php","meta":{"footnotes":""},"class_list":["post-268","page","type-page","status-publish","hentry"],"_links":{"self":[{"href":"https:\/\/lanebank.com\/no\/wp-json\/wp\/v2\/pages\/268","targetHints":{"allow":["GET"]}}],"collection":[{"href":"https:\/\/lanebank.com\/no\/wp-json\/wp\/v2\/pages"}],"about":[{"href":"https:\/\/lanebank.com\/no\/wp-json\/wp\/v2\/types\/page"}],"author":[{"embeddable":true,"href":"https:\/\/lanebank.com\/no\/wp-json\/wp\/v2\/users\/1"}],"replies":[{"embeddable":true,"href":"https:\/\/lanebank.com\/no\/wp-json\/wp\/v2\/comments?post=268"}],"version-history":[{"count":2,"href":"https:\/\/lanebank.com\/no\/wp-json\/wp\/v2\/pages\/268\/revisions"}],"predecessor-version":[{"id":270,"href":"https:\/\/lanebank.com\/no\/wp-json\/wp\/v2\/pages\/268\/revisions\/270"}],"wp:attachment":[{"href":"https:\/\/lanebank.com\/no\/wp-json\/wp\/v2\/media?parent=268"}],"curies":[{"name":"wp","href":"https:\/\/api.w.org\/{rel}","templated":true}]}}