{"id":428,"date":"2019-10-11T11:37:51","date_gmt":"2019-10-11T09:37:51","guid":{"rendered":"https:\/\/lanebank.com\/no\/?page_id=428"},"modified":"2019-10-11T11:37:51","modified_gmt":"2019-10-11T09:37:51","slug":"uten-fast-inntekt-jobb","status":"publish","type":"page","link":"https:\/\/lanebank.com\/no\/uten-fast-inntekt-jobb","title":{"rendered":"Er det mulig \u00e5 l\u00e5ne penger uten fast inntekt\/jobb?"},"content":{"rendered":"<p>Det finnes mange alternativer tilgjengelige for deg som <a href=\"https:\/\/lanebank.com\/no\/lane-penger\">\u00f8nsker \u00e5 l\u00e5ne penger<\/a>. Det er markedet som styrer hvor mange som \u00f8nsker \u00e5 satse p\u00e5 utl\u00e5ns-bransjen, og fordi man tjener en del p\u00e5 p\u00e5 \u00e5 tilby forbruksl\u00e5n, s\u00e5 er mange interessert i en del av kaka. N\u00e5r det er stor konkurranse om l\u00e5ntagerne, s\u00e5 er det ikke s\u00e5 enkelt \u00e5 bryte inn p\u00e5 markedet som en nykommer blant flere store akt\u00f8rer som har etablert et forhold til et stort antall kunder. P\u00e5 grunn av dette vil mange fors\u00f8ke \u00e5 finne seg en nisje blant kundene. Likevel \u00f8nsker man \u00e5 tjene s\u00e5 mye penger som mulig p\u00e5 hver krone man l\u00e5ner ut, og det er derfor viktig \u00e5 unng\u00e5 risiko. I et marked hvor tilbyderne s\u00f8ker etter minimal risiko og maksimal inntjening, vil det da v\u00e6re mulig \u00e5 l\u00e5ne penger uten inntekt?<\/p>\n<p>Alle tilbydere av hvilken som helst type forbruksl\u00e5n \u00f8nsker \u00e5 minimere risiko, og derfor henter de inn en del informasjon fra l\u00e5nes\u00f8kerne f\u00f8r de innvilger et l\u00e5n. I tillegg til denne informasjonen, s\u00e5 foretas det i de aller fleste tilfeller en <a href=\"https:\/\/lanebank.com\/no\/kredittsjekk-og-kredittvurdering\">kredittsjekk<\/a> som vil vurdere s\u00f8kere i forhold til om de er gode betalere, i tillegg til at man vil kunne se tidligere \u00e5rs inntekt. Denne informasjonen benyttes for \u00e5 vurdere om du vil f\u00e5 l\u00e5n eller ikke, og hvilke betingelser du blir tilbudt. Noen tilbydere tilbyr l\u00e5n i situasjoner som vil bety at du ikke f\u00e5r l\u00e5n andre steder. For eksempel n\u00e5r du ikke kan dokumentere inntekt eller om du har en betalingsanmerkning som du ikke er blitt kvitt. Det finnes med andre ord muligheter, men det vil finnes spesielle betingelser knyttet til denne typen l\u00e5n.<\/p>\n<h3>Betingelser for \u00e5 l\u00e5ne penger<\/h3>\n<p>N\u00e5r man \u00f8nsker \u00e5 l\u00e5ne penger, s\u00e5 finnes det visse betingelser. For forbruksl\u00e5n kan disse betingelsene v\u00e6re strengere enn for andre typer l\u00e5n. En viktig betingelse som s\u00e5 godt som ingen tilbydere av l\u00e5n fraviker, er kravet om at du skal v\u00e6re myndig for \u00e5 kunne ta opp l\u00e5n. Det betyr at du m\u00e5 v\u00e6re fylt 18 \u00e5r. Grunnen til dette er at de \u00f8nsker at du skal v\u00e6re juridisk ansvarlig for l\u00e5net du benytter deg av. For forbruksl\u00e5n vil ofte denne aldersgrensen v\u00e6re strengere enn for boligl\u00e5n. Grunnen til det er at man for boligl\u00e5n har sikkerhet i boligen og dermed en god garanti for at man vil kunne f\u00e5 tilbake pengene. For forbruksl\u00e5n derimot, er man avhengig av at l\u00e5ntagerne betaler i henhold til avtale slik at man skal slippe \u00e5 bruke tid og ressurser p\u00e5 \u00e5 f\u00e5 tilbake pengene man har l\u00e5nt ut. Risikoen for \u00e5 tape penger p\u00e5 et l\u00e5n er beregnet til \u00e5 v\u00e6re h\u00f8yere for yngre l\u00e5ntagere enn for dem som er noen \u00e5r eldre. Derfor er det ikke sjelden \u00e5 se at aldersgrensen kan v\u00e6re helt opp til 25 \u00e5r. I tillegg vil de fleste tilbydere kreve at man har en viss inntekt som st\u00e5r i forhold til l\u00e5net man \u00f8nsker, og man m\u00e5 selvf\u00f8lgelig ikke ha betalingsanmerkninger.<\/p>\n<h3>Forbruksl\u00e5n uten inntekt<\/h3>\n<p>Som nevnt, finnes det noen tilbydere som tilbyr forbruksl\u00e5n selv om man ikke har inntekt, men dette kommer ikke uten betingelser. Hvis du ikke har inntekt, s\u00e5 vil du ikke f\u00e5 et ordin\u00e6rt forbruksl\u00e5n. I stedet kan du f\u00e5 tilbud om et l\u00e5n mot sikkerhet i bolig. Hvis tilbyder har sikkerhet i bolig, s\u00e5 er det mindre risiko for at man ikke f\u00e5r tilbake pengene. Hvis man ikke betaler, s\u00e5 vil tilbyder kreve at boligen selges for \u00e5 dekke l\u00e5net. Denne typen l\u00e5net er i de fleste tilfeller noe dyrere enn ordin\u00e6re forbruksl\u00e5n.<\/p>\n","protected":false},"excerpt":{"rendered":"<p>Det finnes mange alternativer tilgjengelige for deg som \u00f8nsker \u00e5 l\u00e5ne penger. Det er markedet som styrer hvor mange som \u00f8nsker \u00e5 satse p\u00e5 utl\u00e5ns-bransjen, og fordi man tjener en del p\u00e5 p\u00e5 \u00e5 tilby forbruksl\u00e5n, s\u00e5 er mange interessert i en del av kaka. N\u00e5r det er stor konkurranse om l\u00e5ntagerne, s\u00e5 er det [&hellip;]<\/p>\n","protected":false},"author":1,"featured_media":0,"parent":0,"menu_order":0,"comment_status":"closed","ping_status":"closed","template":"","meta":{"footnotes":""},"class_list":["post-428","page","type-page","status-publish","hentry"],"_links":{"self":[{"href":"https:\/\/lanebank.com\/no\/wp-json\/wp\/v2\/pages\/428","targetHints":{"allow":["GET"]}}],"collection":[{"href":"https:\/\/lanebank.com\/no\/wp-json\/wp\/v2\/pages"}],"about":[{"href":"https:\/\/lanebank.com\/no\/wp-json\/wp\/v2\/types\/page"}],"author":[{"embeddable":true,"href":"https:\/\/lanebank.com\/no\/wp-json\/wp\/v2\/users\/1"}],"replies":[{"embeddable":true,"href":"https:\/\/lanebank.com\/no\/wp-json\/wp\/v2\/comments?post=428"}],"version-history":[{"count":1,"href":"https:\/\/lanebank.com\/no\/wp-json\/wp\/v2\/pages\/428\/revisions"}],"predecessor-version":[{"id":433,"href":"https:\/\/lanebank.com\/no\/wp-json\/wp\/v2\/pages\/428\/revisions\/433"}],"wp:attachment":[{"href":"https:\/\/lanebank.com\/no\/wp-json\/wp\/v2\/media?parent=428"}],"curies":[{"name":"wp","href":"https:\/\/api.w.org\/{rel}","templated":true}]}}