{"id":429,"date":"2019-10-11T11:07:26","date_gmt":"2019-10-11T09:07:26","guid":{"rendered":"https:\/\/lanebank.com\/no\/?page_id=429"},"modified":"2019-10-11T11:08:43","modified_gmt":"2019-10-11T09:08:43","slug":"kredittsjekk-og-kredittvurdering","status":"publish","type":"page","link":"https:\/\/lanebank.com\/no\/kredittsjekk-og-kredittvurdering","title":{"rendered":"Kredittsjekk og kredittvurdering"},"content":{"rendered":"<p>N\u00e5r man skal <a href=\"https:\/\/lanebank.com\/no\/info\/forbrukslan\">ta opp et forbruksl\u00e5n<\/a>, s\u00e5 vil alle tilbydere redusere risikoen s\u00e5 mye som mulig. Banker \u00f8nsker \u00e5 tjene s\u00e5 mye penger p\u00e5 hver krone som mulig, og hvis de har kunder som ikke betaler i henhold til avtale eller de trenger \u00e5 benytte seg av innkrevingsl\u00f8sninger for \u00e5 f\u00e5 inn pengene, s\u00e5 er dette kostbart. Det betyr at man tjener mindre penger, og det \u00f8nsker l\u00e5ngivere \u00e5 sikre seg mot. M\u00e5ten \u00e5 sikre seg p\u00e5 er ved \u00e5 sjekke den informasjonen man har anledning til. Det inneb\u00e6rer blant annet \u00e5 foreta en kredittsjekk for \u00e5 v\u00e6re sikker p\u00e5 at man ikke er en d\u00e5rlig betaler. Man vil ogs\u00e5 til dels f\u00e5 bekreftet informasjonen som er levert inn i form av dokumentasjon og egenopplysning. Hvis kredittvurderingsbyr\u00e5ene har registrert at man har betalingsanmerkninger, s\u00e5 vil man i de aller fleste tilfeller f\u00e5 avslag p\u00e5 en l\u00e5nes\u00f8knad.\n<\/p>\n<p>&nbsp;<\/p>\n<p>Det er derfor viktig at du eventuelt er klar over hvis en kredittvurdering vil vise at du har en betalingsanmerkning. F\u00f8r man s\u00f8ker om forbruksl\u00e5n eller andre typer l\u00e5n, s\u00e5 b\u00f8r man sikre at man har orden p\u00e5 \u00f8konomien og at informasjon som er registrert hos kredittvurderingsbyr\u00e5ene gir et bra og presist bilde av din \u00f8konomiske situasjon. Kredittvurdering er dermed en viktig del av vurderingsprosessen for l\u00e5ntilbydere slik at de kan tilby deg et l\u00e5n med s\u00e5 gode betingelser som mulig uten at du risikerer at du ikke kan betale tilbake l\u00e5net. Kredittvurderingen er til fordel for tilbyderne, men er ogs\u00e5 en fordel for l\u00e5ns\u00f8kere. Ikke alle er helt innforst\u00e5tt med hva det betyr \u00e5 ha et l\u00e5n, og i s\u00e5 fall vil det v\u00e6re en fordel at man f\u00e5r vite dette slik at man ikke tar p\u00e5 seg et ansvar man ikke kan leve opp til.\n<\/p>\n<h3>Hvilke tilbydere er aktuelle<\/h3>\n<p>Det finnes mange forskjellige tilbydere av l\u00e5n, og i hovedsak vil alle benytte seg av en kredittvurdering for \u00e5 avgj\u00f8re hvilke betingelser de \u00f8nsker \u00e5 tilby og hvor mye de \u00f8nsker \u00e5 l\u00e5ne deg. Man b\u00f8r v\u00e6re oppmerksom p\u00e5 hvem man benytter for \u00e5 l\u00e5ne penger, da noen tilbydere kan v\u00e6re vesentlig dyrere enn andre. For \u00e5 gj\u00f8re det litt enklere \u00e5 finne ut av hvilke tilbydere man b\u00f8r henvende seg til, s\u00e5 har man fordelt de forskjellige tilbyderne i 3 kategorier. Den dyreste kategorien best\u00e5r av tilbydere som \u00f8nsker \u00e5 tilby deg penger samme dag. P\u00e5 grunn av raske avgj\u00f8relser og mange kunder som ikke sjekker betingelsene f\u00f8r de benytter seg av l\u00e5n fra disse tilbyderne, s\u00e5 kan disse tilbyderne fortsette \u00e5 tilby sine l\u00e5n til en relativt h\u00f8y pris. St\u00f8rrelsene p\u00e5 denne typen l\u00e5n, som kalles mikrol\u00e5n eller sms-l\u00e5n, kan v\u00e6re fra 500kr og opp til ca 40000kr. Nedbetalingstiden kan v\u00e6re fra 10 dager opp til 2 \u00e5r. Neste kategori er ogs\u00e5 noe dyrere enn ordin\u00e6re forbruksl\u00e5n og kalles for sm\u00e5l\u00e5n. Disse l\u00e5nene kan ha en st\u00f8rrelse opp til 100000kr med en nedbetalingstid p\u00e5 inntil 7 \u00e5r. Siste kategorien er ordin\u00e6re forbruksl\u00e5n som kan v\u00e6re p\u00e5 bel\u00f8p helt opp til 600000kr med nedbetalingstid p\u00e5 inntil 15 \u00e5r.\n<\/p>\n<h3>Vurdering av \u00f8konomisk situasjon<\/h3>\n<p>\n<a href=\"https:\/\/lanebank.com\/no\/info\/norskebanker\">Alle Norske banker<\/a> vurderer hvilke betingelser de vil tilby deg ut fra en individuell vurdering av din \u00f8konomiske situasjon. Som en del av denne vurderingen er kredittvurdering en viktig faktor. En kredittvurdering vil fortelle tilbyderen om man har eventuelle betalingsanmerkninger, som igjen betyr at man har ubetalte krav mot seg, og dermed at man ikke er en spesielt attraktiv kunde.\n<\/p>\n<h3>Minimal risiko<\/h3>\n<p>\nAlle tilbydere av forbruksl\u00e5n \u00f8nsker minimal risiko n\u00e5r de tilbyr sine l\u00e5n til markedet. Dette oppn\u00e5r de ved hjelp av kredittvurdering som vil avsl\u00f8re eventuelle faktorer som gj\u00f8r deg til en usikker betaler.<\/p>\n","protected":false},"excerpt":{"rendered":"<p>N\u00e5r man skal ta opp et forbruksl\u00e5n, s\u00e5 vil alle tilbydere redusere risikoen s\u00e5 mye som mulig. Banker \u00f8nsker \u00e5 tjene s\u00e5 mye penger p\u00e5 hver krone som mulig, og hvis de har kunder som ikke betaler i henhold til avtale eller de trenger \u00e5 benytte seg av innkrevingsl\u00f8sninger for \u00e5 f\u00e5 inn pengene, s\u00e5 [&hellip;]<\/p>\n","protected":false},"author":1,"featured_media":0,"parent":0,"menu_order":0,"comment_status":"closed","ping_status":"closed","template":"","meta":{"footnotes":""},"class_list":["post-429","page","type-page","status-publish","hentry"],"_links":{"self":[{"href":"https:\/\/lanebank.com\/no\/wp-json\/wp\/v2\/pages\/429","targetHints":{"allow":["GET"]}}],"collection":[{"href":"https:\/\/lanebank.com\/no\/wp-json\/wp\/v2\/pages"}],"about":[{"href":"https:\/\/lanebank.com\/no\/wp-json\/wp\/v2\/types\/page"}],"author":[{"embeddable":true,"href":"https:\/\/lanebank.com\/no\/wp-json\/wp\/v2\/users\/1"}],"replies":[{"embeddable":true,"href":"https:\/\/lanebank.com\/no\/wp-json\/wp\/v2\/comments?post=429"}],"version-history":[{"count":3,"href":"https:\/\/lanebank.com\/no\/wp-json\/wp\/v2\/pages\/429\/revisions"}],"predecessor-version":[{"id":432,"href":"https:\/\/lanebank.com\/no\/wp-json\/wp\/v2\/pages\/429\/revisions\/432"}],"wp:attachment":[{"href":"https:\/\/lanebank.com\/no\/wp-json\/wp\/v2\/media?parent=429"}],"curies":[{"name":"wp","href":"https:\/\/api.w.org\/{rel}","templated":true}]}}