{"id":443,"date":"2019-10-11T12:08:13","date_gmt":"2019-10-11T10:08:13","guid":{"rendered":"https:\/\/lanebank.com\/no\/?page_id=443"},"modified":"2019-10-11T12:08:13","modified_gmt":"2019-10-11T10:08:13","slug":"hvis-du-ikke-betaler-dine-regninger","status":"publish","type":"page","link":"https:\/\/lanebank.com\/no\/hvis-du-ikke-betaler-dine-regninger","title":{"rendered":"Hvad sker der hvis man ikke betaler sine regninger?"},"content":{"rendered":"<p>Det kan v\u00e6re mange grunner til at man ikke betaler regningene sine. Ofte skyldes det at man er kommet i en situasjon hvor man har mistet kontroll over utgiftene sine. I mange tilfeller vil noen personer som havner i denne situasjonen f\u00e5 en aversjon mot regninger, og i noen tilfeller slutter man \u00e5 betale regningene. N\u00e5r dette skjer kommer man raskt i en situasjon hvor det blir vanskelig \u00e5 f\u00e5 taket p\u00e5 \u00f8konomien igjen, og man kan derfor forbli en d\u00e5rlig betaler og dette registreres ogs\u00e5 hos kredittvurderingsbyr\u00e5ene. En av grunnene til at man havner i en slik situasjon kan v\u00e6re at man har h\u00f8y gjeld og dyre l\u00e5n som man har akkumulert opp. Dette for\u00e5rsaker at man f\u00e5r h\u00f8ye m\u00e5nedlige kostnader, og det tar lang tid \u00e5 f\u00e5 redusert dem igjen med mindre man f\u00e5r refinansiert med et vesentlig billigere l\u00e5n.\n<\/p>\n<p>&nbsp;<\/p>\n<p>\nDe fleste \u00f8nsker \u00e5 unng\u00e5 \u00e5 havne i en slik situasjon, og n\u00e5r man er klar over hva f\u00f8lgene er ved ikke \u00e5 betale, s\u00e5 vil de fleste tenke gjennom sin situasjon f\u00f8r man tar opp et l\u00e5n slik at de er sikre p\u00e5 \u00e5 ikke utsette seg for en h\u00f8yere l\u00e5nebelastning enn det som er \u00f8nskelig. Hvis man ikke betaler det man skylder, s\u00e5 vil man ogs\u00e5 miste muligheten til \u00e5 finansiere fremtidige kj\u00f8p ved hjelp av l\u00e5n. Det begrenser hva slags muligheter man har da man i stedet for \u00e5 l\u00e5ne penger da m\u00e5 spare til alt man \u00f8nsker \u00e5 kj\u00f8pe. Hvis man ikke frivillig betaler det man skylder i forbindelse med et l\u00e5n, s\u00e5 vil man til slutt f\u00e5 rettslige p\u00e5legg for \u00e5 betale det. Ingen tilbydere av l\u00e5n \u00f8nsker \u00e5 taper penger, og man reduserer derfor risikoen for tap s\u00e5 mye man kan.\n<\/p>\n<h3>H\u00f8ye l\u00e5nekostnader<\/h3>\n<p>\nDet finnes mange muligheter i dag for \u00e5 l\u00e5ne penger. Man kan derfor ogs\u00e5 l\u00e5ne mer enn man klarer \u00e5 betale, og man kan ogs\u00e5 ende opp med dyre l\u00e5n som blir en stor belastning p\u00e5 \u00f8konomien. Et eksempel p\u00e5 dette er kredittkort. Disse var aldri ment for \u00e5 benyttes som l\u00e5n. De har hele tiden v\u00e6rt et hjelpemiddel for deg som vil betale mindre innkj\u00f8p i l\u00f8pet av en m\u00e5ned ved \u00e5 betale en faktura hver m\u00e5ned. Hvis man \u00f8nsker kan man fordele en faktura over flere m\u00e5neder. Dette er grunnen til hvorfor kredittkort koster det de gj\u00f8r n\u00e5r man benytter dem. Kostnadene ved \u00e5 benytte kredittkort som l\u00e5n eller for \u00e5 f\u00e5 kontanter er ofte over 25% effektiv rente, men kan ogs\u00e5 v\u00e6re helt opp i mot 40%. Forbruksl\u00e5n er et bedre og billigere alternativ, men sm\u00e5l\u00e5n, mikrol\u00e5n og avbetalingsl\u00f8sninger kan ogs\u00e5 v\u00e6re kostbare.\n<\/p>\n<h3>Prosedyre hvis man ikke betaler<\/h3>\n<p>\nHvis man ikke betaler et avdrag p\u00e5 et forbruksl\u00e5n, s\u00e5 vil man f\u00f8rst motta en purring. F\u00f8r du har mottatt en purring p\u00e5 kravet, s\u00e5 kan ikke kravet bli sendt videre til inkasso. Mange tror at n\u00e5r en sak blir sendt til inkasso s\u00e5 blir man registrert som en d\u00e5rlig betaler. Dette er ikke faktum. At saken g\u00e5r til inkasso betyr at den sendes over til et selskap som har spesialisert seg p\u00e5 inkassokrav. Med en gang kravet ditt havner her, s\u00e5 blir kostnadene for hver nye purring vesentlig h\u00f8yere enn n\u00e5r selskapet du skylder penger til selv henter inn kravet. Hvis du ikke betaler et inkassokrav etter et antall purringer, s\u00e5 g\u00e5r det videre til rettslig innkreving. Hvis du fortsatt ikke betaler, s\u00e5 vil du f\u00e5 et rettslig krav mot deg, og da kan man p\u00e5legge trekk i l\u00f8nn og salg av eiendeler for \u00e5 gj\u00f8re opp gjelden din. N\u00e5r du har f\u00e5tt et rettslig krav mot deg, s\u00e5 vil du ogs\u00e5 f\u00e5 betalingsanmerkninger, som igjen betyr at du ikke vil f\u00e5 l\u00e5n igjen f\u00f8r denne er fjernet.<\/p>\n","protected":false},"excerpt":{"rendered":"<p>Det kan v\u00e6re mange grunner til at man ikke betaler regningene sine. Ofte skyldes det at man er kommet i en situasjon hvor man har mistet kontroll over utgiftene sine. I mange tilfeller vil noen personer som havner i denne situasjonen f\u00e5 en aversjon mot regninger, og i noen tilfeller slutter man \u00e5 betale regningene. [&hellip;]<\/p>\n","protected":false},"author":1,"featured_media":0,"parent":0,"menu_order":0,"comment_status":"closed","ping_status":"closed","template":"","meta":{"footnotes":""},"class_list":["post-443","page","type-page","status-publish","hentry"],"_links":{"self":[{"href":"https:\/\/lanebank.com\/no\/wp-json\/wp\/v2\/pages\/443","targetHints":{"allow":["GET"]}}],"collection":[{"href":"https:\/\/lanebank.com\/no\/wp-json\/wp\/v2\/pages"}],"about":[{"href":"https:\/\/lanebank.com\/no\/wp-json\/wp\/v2\/types\/page"}],"author":[{"embeddable":true,"href":"https:\/\/lanebank.com\/no\/wp-json\/wp\/v2\/users\/1"}],"replies":[{"embeddable":true,"href":"https:\/\/lanebank.com\/no\/wp-json\/wp\/v2\/comments?post=443"}],"version-history":[{"count":1,"href":"https:\/\/lanebank.com\/no\/wp-json\/wp\/v2\/pages\/443\/revisions"}],"predecessor-version":[{"id":444,"href":"https:\/\/lanebank.com\/no\/wp-json\/wp\/v2\/pages\/443\/revisions\/444"}],"wp:attachment":[{"href":"https:\/\/lanebank.com\/no\/wp-json\/wp\/v2\/media?parent=443"}],"curies":[{"name":"wp","href":"https:\/\/api.w.org\/{rel}","templated":true}]}}