{"id":447,"date":"2019-10-11T12:55:38","date_gmt":"2019-10-11T10:55:38","guid":{"rendered":"https:\/\/lanebank.com\/no\/?page_id=447"},"modified":"2019-10-11T12:56:00","modified_gmt":"2019-10-11T10:56:00","slug":"p2p","status":"publish","type":"page","link":"https:\/\/lanebank.com\/no\/p2p","title":{"rendered":"P2P-l\u00e5n og folkefinansiering"},"content":{"rendered":"<p>Mange gode ideer ser aldri dagens lys fordi man ikke har anledning til \u00e5 investere pengene som kreves eller man f\u00e5r ikke en bank til \u00e5 stille seg bak ideen. For at en bank i Norge skal ta en risiko i forhold til en ide eller et prosjekt, s\u00e5 krever de at man stiller en eller annen form for sikkerhet, enten i form av varig inntekt eller ved at man kan stille sikkerhet i eiendom. P\u00e5 grunn av dette vil de fleste prosjekter eller ideer fra privatpersoner aldri se dagens lys. De fleste l\u00f8nnstakere \u00f8nsker ikke \u00e5 risikere at de ikke kan betale for hus og hjem og trenger fast inntekt for \u00e5 sikre familiens \u00f8konomi. Vanlige l\u00f8nnstakere vil derfor sjelden ta sjansen p\u00e5 \u00e5 investere i en ide eller et prosjekt selv om dette har potensiale.\n<\/p>\n<p>&nbsp;<\/p>\n<p>L\u00f8sningen for dette er i ferd med \u00e5 ogs\u00e5 innta det norske markedet. I stedet for \u00e5 benytte en bank som ikke tar noen risiko med mindre du mer eller mindre kan stille med garantier, s\u00e5 kan man benytte seg av privat finansiering som folkefinansiering, eller crowdfunding, og peer-to-peer-l\u00e5n. Denne typen finansiering krever ikke sikkerhet, men investoren er med p\u00e5 \u00e5 ta risikoen hvis de har tro p\u00e5 prosjektet. Dette kan enten v\u00e6re at flere personer investerer i et prosjekt uten \u00e5 forvente noe tilbake, kanskje ved at man mottar en pr\u00f8ve p\u00e5 et produkt eller liknende, eller det kan v\u00e6re at man \u00f8nsker aksjer i selskapet med den risikoen det inneb\u00e6rer. Alternativt tilbys finansiering som et rent l\u00e5n fra en eller flere personer. Denne typen finansiering krever at man betaler tilbake pengene i avdrag som et ordin\u00e6rt l\u00e5n.\n<\/p>\n<h3>L\u00e5n mellom privatpersoner<\/h3>\n<p>\nN\u00e5r man l\u00e5ner penger av privatpersoner, s\u00e5 kan dette ofte skape mange utfordringer, og mange har opplevd at denne typen l\u00e5n kan \u00f8delegge familieforhold eller vennskap p\u00e5 grunn av uklart definerte avtaler. Det kan oppst\u00e5 mange u\u00f8nskede situasjoner dersom man l\u00e5ner penger av venner og familie. Men det betyr ikke at det ikke finnes praktiske l\u00f8sninger for \u00e5 l\u00e5ne penger av privatpersoner. Hvis du l\u00e5ner penger gjennom folkefinansiering eller peer-to-peer-l\u00e5n, s\u00e5 foreg\u00e5r l\u00e5net ved hjelp av formelle avtaler og det formidles via en tredjepart. Denne typen finansiering foreg\u00e5r via en nettside og organiseres av eier av nettsiden.\n<\/p>\n<h3>Folkefinansiering eller crowdfunding<\/h3>\n<p>\nFlokefinansiering er det norske navnet p\u00e5 crowdfunding. Dette er oppst\u00e5tt for \u00e5 gi muligheter til at gode ideer kan settes ut i livet selv om du ikke har finansene til \u00e5 gj\u00f8re det selv. Da kan alle som har tro p\u00e5 prosjektet bidra med de de \u00f8nsker \u00e5 bidra med. Personer som \u00f8nsker \u00e5 bidra med penger til interessante prosjekter ser gjennom prosjektpresentasjoner og velger dem de eventuelt \u00f8nsker \u00e5 sponse. Ved hjelp av bidragene fra flere personer vil man forh\u00e5pentligvis oppn\u00e5 en finansiering som dekker det behovet man har for \u00e5 realisere prosjektet.\n<\/p>\n<h3>Peer-to-peer-l\u00e5n<\/h3>\n<p>\nAlternativet til folkefinansiering er peer-to-peer-l\u00e5n. Ved hjelp av denne typen finansiering kan man oppn\u00e5 de n\u00f8dvendige finansene for \u00e5 gjennomf\u00f8re prosjektet og etter det betale tilbake l\u00e5net i avdrag. Personer som tilbyr denne typen finansiering har en st\u00f8rre sikkerhet for \u00e5 f\u00e5 tilbake pengene. I forhold til folkefinansiering hvor man investerer pengene uten \u00e5 f\u00e5 noe tilbake med mindre prosjektet er vellykket, s\u00e5 har man ikke den samme risikoen.\n<\/p>\n<h3>L\u00e5n n\u00e5r bankene ikke vil ta risikoen<\/h3>\n<p>\nDisse alternativene gir gode muligheter n\u00e5r man ikke f\u00e5r den finansiering man trenger gjennom vanlige kanaler. Norske banker gir ikke store muligheter for \u00e5 l\u00e5ne penger hvis man ikke kan stille sikkerhet, og da vil man ikke f\u00e5 muligheten til \u00e5 f\u00e5 frem gode ideer eller prosjekter fra personer som ikke har r\u00e5d til \u00e5 markedsf\u00f8re dem i utgangspunktet.<\/p>\n","protected":false},"excerpt":{"rendered":"<p>Mange gode ideer ser aldri dagens lys fordi man ikke har anledning til \u00e5 investere pengene som kreves eller man f\u00e5r ikke en bank til \u00e5 stille seg bak ideen. For at en bank i Norge skal ta en risiko i forhold til en ide eller et prosjekt, s\u00e5 krever de at man stiller en [&hellip;]<\/p>\n","protected":false},"author":1,"featured_media":0,"parent":0,"menu_order":0,"comment_status":"closed","ping_status":"closed","template":"","meta":{"footnotes":""},"class_list":["post-447","page","type-page","status-publish","hentry"],"_links":{"self":[{"href":"https:\/\/lanebank.com\/no\/wp-json\/wp\/v2\/pages\/447","targetHints":{"allow":["GET"]}}],"collection":[{"href":"https:\/\/lanebank.com\/no\/wp-json\/wp\/v2\/pages"}],"about":[{"href":"https:\/\/lanebank.com\/no\/wp-json\/wp\/v2\/types\/page"}],"author":[{"embeddable":true,"href":"https:\/\/lanebank.com\/no\/wp-json\/wp\/v2\/users\/1"}],"replies":[{"embeddable":true,"href":"https:\/\/lanebank.com\/no\/wp-json\/wp\/v2\/comments?post=447"}],"version-history":[{"count":1,"href":"https:\/\/lanebank.com\/no\/wp-json\/wp\/v2\/pages\/447\/revisions"}],"predecessor-version":[{"id":455,"href":"https:\/\/lanebank.com\/no\/wp-json\/wp\/v2\/pages\/447\/revisions\/455"}],"wp:attachment":[{"href":"https:\/\/lanebank.com\/no\/wp-json\/wp\/v2\/media?parent=447"}],"curies":[{"name":"wp","href":"https:\/\/api.w.org\/{rel}","templated":true}]}}