{"id":448,"date":"2019-10-11T12:40:29","date_gmt":"2019-10-11T10:40:29","guid":{"rendered":"https:\/\/lanebank.com\/no\/?page_id=448"},"modified":"2019-10-11T12:40:29","modified_gmt":"2019-10-11T10:40:29","slug":"pensjonistlan","status":"publish","type":"page","link":"https:\/\/lanebank.com\/no\/pensjonistlan","title":{"rendered":"Pensjonistl\u00e5n"},"content":{"rendered":"<p>I dagens samfunn er mange i en bedre \u00f8konomisk situasjon enn man var for bare en generasjon eller to tilbake. Etter andre verdenskrig befant mange seg i en vanskelig \u00f8konomisk situasjon hvor det var vanskelig \u00e5 finne arbeid og den \u00f8konomiske situasjonen i landet var utfordrende for de fleste. Man hadde derfor ikke s\u00e5 mye og kunne ikke tilby s\u00e5 mye til barna sine. Neste generasjon hadde det ogs\u00e5 tungt \u00f8konomisk, og det ble viktig at barna kunne arve det foreldrene hadde bygget opp. I dag er man kommet i en annen situasjon hvor de yngre har gode muligheter for \u00e5 etablere seg med hus og hjem og investere i fremtiden. N\u00e5r foreldrene n\u00e5r pensjonsalder og g\u00e5r inn i sine senior\u00e5r, s\u00e5 vil ofte barna deres ha spart opp eiendom og formue slik at de klarer seg helt fint p\u00e5 egen h\u00e5nd. De fleste \u00f8nsker sine foreldre en hyggelig pensjonstid hvor de kan nyte det de har jobbet for hele livet.\n<\/p>\n<p>&nbsp;<\/p>\n<p>\nPensjonistl\u00e5n eller seniorl\u00e5n gir denne muligheten. Banker tilbyr de eldre \u00e5 l\u00e5ne pengene de har i verdi i boligen, og med noen av disse l\u00e5nene beh\u00f8ver man ikke \u00e5 betale tilbake pengene. I stedet f\u00e5r banken tilbake pengene n\u00e5r man flytter fra boligen eller n\u00e5r man ikke lever lenger. Dette gir eldre en mulighet til \u00e5 nyte sine pensjonist\u00e5r og gir en mulighet til \u00e5 gj\u00f8re ting man ikke har hatt r\u00e5d til eller tid til n\u00e5r man var yngre. Man kan benytte seniorl\u00e5n og pensjonistl\u00e5n til hva man \u00f8nsker. Enten man vil kj\u00f8pe seg en motorsykkel for \u00e5 kj\u00f8re USA p\u00e5 tvers eller man \u00f8nsker \u00e5 kj\u00f8pe en seilb\u00e5t for \u00e5 reise verden rundt, s\u00e5 er det avhengig av verdien p\u00e5 boligen hvor mye penger man kan f\u00e5 l\u00e5nt.\n<\/p>\n<h3>Alder og \u00f8konomi<\/h3>\n<p>N\u00e5r man i dag kommer i en alder hvor man kan pensjonere seg, s\u00e5 finnes det muligheter for \u00e5 velge \u00e5 fullf\u00f8re sine dr\u00f8mmer og nyte den nye tilv\u00e6relsen. De fleste pensjonister i dag har hatt mulighet til \u00e5 anskaffe seg eiendeler gjennom et langt liv. Men siden dette gjerne er i form av egen bolig, s\u00e5 kan man ikke uten videre nyte godt av disse verdiene. For \u00e5 f\u00e5 bedre \u00f8konomi i pensjonstilv\u00e6relsen, s\u00e5 kan man velge \u00e5 benytte seg av et pensjonistl\u00e5n eller et seniorl\u00e5n. Dette er essensielt et l\u00e5n som gj\u00f8r at du kan ta ut verdiene i boligen slik at du kan benytte dem i stedet for at verdiene forblir i boligen.\n<\/p>\n<h3>Hva er et pensjonistl\u00e5n<\/h3>\n<p>\nEt pensjonistl\u00e5n lar deg benytte boligens verdi til \u00e5 \u00f8ke livskvaliteten hvis du ikke har familie eller arvinger som har behov for verdiene etter deg. Du kan selvf\u00f8lgelig ogs\u00e5 velge denne l\u00f8sningen hvis du rett og slett ikke \u00f8nsker at det skal bli arv igjen etter deg men i stedet vil nyte hva du har spart opp. N\u00e5r man har jobbet hele livet vil pensjonstilv\u00e6relsen komme som en etterlengtet tid n\u00e5r man endelig kan nyte fritid som man ikke kunne mens man var i arbeid. Banker tilbyr pensjonistl\u00e5n som betyr at du tar ut verdien av huset som l\u00e5n, og noen banker vil ogs\u00e5 tilby muligheten til at du ikke betaler noe p\u00e5 l\u00e5net, men i stedet vil de overta huset for \u00e5 dekke gjelden n\u00e5r tiden kommer.\n<\/p>\n<h3>Hvilke betingelser kan man forvente med et pensjonistl\u00e5n<\/h3>\n<p>\nFor \u00e5 finne de beste betingelsene p\u00e5 et pensjonistl\u00e5n, s\u00e5 b\u00f8r du sjekke flere steder. Renten man til slutt velger kan bli lagt til l\u00e5net, og n\u00e5r tiden er inne for at man ikke lenger trenger boligen, s\u00e5 vil banken ta ut sitt l\u00e5n med renter fra salg av boligen. P\u00e5 den m\u00e5ten blir dette et l\u00e5n du ikke trenger \u00e5 tenke mer p\u00e5, men i stedet kan benytte som et tilskudd til pensjonen.<\/p>\n","protected":false},"excerpt":{"rendered":"<p>I dagens samfunn er mange i en bedre \u00f8konomisk situasjon enn man var for bare en generasjon eller to tilbake. Etter andre verdenskrig befant mange seg i en vanskelig \u00f8konomisk situasjon hvor det var vanskelig \u00e5 finne arbeid og den \u00f8konomiske situasjonen i landet var utfordrende for de fleste. Man hadde derfor ikke s\u00e5 mye [&hellip;]<\/p>\n","protected":false},"author":1,"featured_media":0,"parent":0,"menu_order":0,"comment_status":"closed","ping_status":"closed","template":"","meta":{"footnotes":""},"class_list":["post-448","page","type-page","status-publish","hentry"],"_links":{"self":[{"href":"https:\/\/lanebank.com\/no\/wp-json\/wp\/v2\/pages\/448","targetHints":{"allow":["GET"]}}],"collection":[{"href":"https:\/\/lanebank.com\/no\/wp-json\/wp\/v2\/pages"}],"about":[{"href":"https:\/\/lanebank.com\/no\/wp-json\/wp\/v2\/types\/page"}],"author":[{"embeddable":true,"href":"https:\/\/lanebank.com\/no\/wp-json\/wp\/v2\/users\/1"}],"replies":[{"embeddable":true,"href":"https:\/\/lanebank.com\/no\/wp-json\/wp\/v2\/comments?post=448"}],"version-history":[{"count":1,"href":"https:\/\/lanebank.com\/no\/wp-json\/wp\/v2\/pages\/448\/revisions"}],"predecessor-version":[{"id":449,"href":"https:\/\/lanebank.com\/no\/wp-json\/wp\/v2\/pages\/448\/revisions\/449"}],"wp:attachment":[{"href":"https:\/\/lanebank.com\/no\/wp-json\/wp\/v2\/media?parent=448"}],"curies":[{"name":"wp","href":"https:\/\/api.w.org\/{rel}","templated":true}]}}