{"id":61,"date":"2014-09-28T18:21:20","date_gmt":"2014-09-28T16:21:20","guid":{"rendered":"https:\/\/lanebank.com\/no\/?page_id=61"},"modified":"2017-11-23T15:01:06","modified_gmt":"2017-11-23T14:01:06","slug":"egenkapital","status":"publish","type":"page","link":"https:\/\/lanebank.com\/no\/egenkapital","title":{"rendered":"L\u00e5n penger til egenkapital"},"content":{"rendered":"<p><em>Merk at denne artikelen ikke oppfordrer noen til \u00e5 ta opp forbruksl\u00e5n til egenkapital for boligkj\u00f8p.<\/em><\/p>\n<p>Tidligere kunne man fullfinansiere et boligkj\u00f8p, men i dag stiller bankene krav om minst 15% i egenkapital \u00a0(dvs. egne oppsparte penger). \u00c5rsaken er at bankene m\u00e5 sikre seg \u00f8konomisk, og ta h\u00f8yde for eventuelle svingninger i boligmarkedet som kan gj\u00f8re at sikkerheten i boligen svekkes. Dermed m\u00f8ter f\u00f8rstegangs etablerere et stort hinder p\u00e5 sin vei ut i boligmarkedet. Sikkerhet i foreldrenes bolig kan v\u00e6re l\u00f8sningen dersom de unge ikke har egenkapital, eller direkte pengest\u00f8tte fra foreldrene i form av forskudd p\u00e5 arv eller rett og slett pengegave.<\/p>\n<p><\/br><\/p>\n<p>&nbsp;<\/p>\n<p>Det finnes ogs\u00e5 et produkt som kalles for starthjelp. Her g\u00e5r foreldre, tanter, onkler og besteforeldre sammen, og setter inn penger p\u00e5 hver sin starthjelpkonto. Sluttsummen m\u00e5 dekke egenkapitalen. Banken tar s\u00e5 pant i totalbel\u00f8pet, som blir st\u00e5ende som en sikkerhet for boligl\u00e5net. Med pant i starthjelpkontoen og 85% i boligen kan boligkj\u00f8pet fullfinansieres. Dette er en ryddig og rettferdig l\u00f8sning for alle parter.<\/p>\n<p><\/br><\/p>\n<p>&nbsp;<\/p>\n<p>Kommunen tilbyr startl\u00e5n for f\u00f8rstegangsetablerere.\u00a0 Men det er viktig \u00e5 vite at n\u00e5 strammer myndighetene inn p\u00e5 denne muligheten. Dette l\u00e5net har en l\u00e5nerente, tilsvarende husbankrenten. Dette er et spesialisert tilbud til unge etablerere.<\/p>\n<p><\/br><\/p>\n<p>&nbsp;<\/p>\n<p>BSU, boligsparing for ungdom, er en annen fornuftig mulighet der du setter av penger gjennom ungdoms\u00e5rene til du fyller 34 \u00e5r. Ved \u00e5 spare inntil 20.000 kroner \u00e5rlig, f\u00e5r du ogs\u00e5 en stor skattefordel. Form\u00e5let med sparingen er \u00e5 bruke det som egenkapital ved ditt f\u00f8rste boligkj\u00f8p.<\/p>\n<p><\/br><\/p>\n<p>&nbsp;<\/p>\n<p>Det er ikke mulig \u00e5 l\u00e5ne penger til egenkapital hos noen av bankene vi samarbeider med for \u00e5 kj\u00f8pe bolig.\u00a0 Det er imidlertid mulig \u00e5 l\u00e5ne til egenkapital for oppstart av AS. Oppstart av aksjeselskaper i Norge krever egenkapital p\u00e5 30.000 kroner.<\/p>\n","protected":false},"excerpt":{"rendered":"<p>Merk at denne artikelen ikke oppfordrer noen til \u00e5 ta opp forbruksl\u00e5n til egenkapital for boligkj\u00f8p. Tidligere kunne man fullfinansiere et boligkj\u00f8p, men i dag stiller bankene krav om minst 15% i egenkapital \u00a0(dvs. egne oppsparte penger). \u00c5rsaken er at bankene m\u00e5 sikre seg \u00f8konomisk, og ta h\u00f8yde for eventuelle svingninger i boligmarkedet som kan [&hellip;]<\/p>\n","protected":false},"author":1,"featured_media":0,"parent":0,"menu_order":0,"comment_status":"closed","ping_status":"closed","template":"","meta":{"footnotes":""},"class_list":["post-61","page","type-page","status-publish","hentry"],"_links":{"self":[{"href":"https:\/\/lanebank.com\/no\/wp-json\/wp\/v2\/pages\/61","targetHints":{"allow":["GET"]}}],"collection":[{"href":"https:\/\/lanebank.com\/no\/wp-json\/wp\/v2\/pages"}],"about":[{"href":"https:\/\/lanebank.com\/no\/wp-json\/wp\/v2\/types\/page"}],"author":[{"embeddable":true,"href":"https:\/\/lanebank.com\/no\/wp-json\/wp\/v2\/users\/1"}],"replies":[{"embeddable":true,"href":"https:\/\/lanebank.com\/no\/wp-json\/wp\/v2\/comments?post=61"}],"version-history":[{"count":8,"href":"https:\/\/lanebank.com\/no\/wp-json\/wp\/v2\/pages\/61\/revisions"}],"predecessor-version":[{"id":347,"href":"https:\/\/lanebank.com\/no\/wp-json\/wp\/v2\/pages\/61\/revisions\/347"}],"wp:attachment":[{"href":"https:\/\/lanebank.com\/no\/wp-json\/wp\/v2\/media?parent=61"}],"curies":[{"name":"wp","href":"https:\/\/api.w.org\/{rel}","templated":true}]}}