{"id":63,"date":"2014-09-28T18:31:10","date_gmt":"2014-09-28T16:31:10","guid":{"rendered":"https:\/\/lanebank.com\/no\/?page_id=63"},"modified":"2019-10-11T12:58:14","modified_gmt":"2019-10-11T10:58:14","slug":"lane-penger","status":"publish","type":"page","link":"https:\/\/lanebank.com\/no\/lane-penger","title":{"rendered":"L\u00e5ne penger"},"content":{"rendered":"<p>N\u00e5 er det enklere enn noen gang \u00e5 finansiere en dr\u00f8m. Kanskje vil du fremskynde den planlagte ferieturen med din kj\u00e6re, eller det har dukket opp en uforutsett utgift det haster med.\n<\/p>\n<p>&nbsp;\n<\/p>\n<p><img loading=\"lazy\" decoding=\"async\" class=\"alignright size-full wp-image-64\" src=\"https:\/\/lanebank.com\/no\/wp-content\/uploads\/2014\/09\/finans-future.jpg\" alt=\"finans-future\" width=\"300\" height=\"200\" \/><\/p>\n<p>\nGj\u00f8r ikke noe overilt; ta deg tid til \u00e5 lese vilk\u00e5rene n\u00f8ye f\u00f8r du s\u00f8ker om et slikt forbruksl\u00e5n. Det er viktig at du som l\u00e5netaker er klar over vilk\u00e5r som renteniv\u00e5, nedbetalingstid og st\u00f8rrelsen p\u00e5 de m\u00e5nedlige avdragene. P\u00e5 hurtigl\u00e5nene er det ingen startkostnad, og du vil ikke bli bedt om \u00e5 opplyse hva l\u00e5net skal brukes til. I og med at det ikke er krav til sikkerhet p\u00e5 et hurtigl\u00e5n, er rentene h\u00f8yere enn p\u00e5 andre l\u00e5n der sikkerhet stilles. Det kan ofte v\u00e6re snakk om rundt 10% eller mer, over det dobbelte enn ved for eksempel et boligl\u00e5n.\n<\/p>\n<p>\n&nbsp;\n<\/p>\n<p>\nDet er mange tilbud p\u00e5 hurtigl\u00e5n, og det fine med slike l\u00e5n er at du slipper \u00e5 stille sikkerhet og at du kan f\u00e5 pengene p\u00e5 dagen eller i l\u00f8pet av den samme uken. Hvor mye du kan l\u00e5ne avhenger av hver enkelt banks tilbud. Det viktigste f\u00f8r du tar opp et slikt l\u00e5n er \u00e5 v\u00e6re sikker p\u00e5 at du klarer \u00e5 betjene de m\u00e5nedlige avdragene. Hos noen l\u00e5neinstitusjoner f\u00e5r du \u00f8nsket sum til disposisjon, men du betaler kun renter p\u00e5 den summen du velger \u00e5 bruke. Hvis du for eksempel ber om 20.000 kroner, bruker 5.000 og lar 15.000 st\u00e5 ur\u00f8rt, s\u00e5 betaler du renter kun p\u00e5 de 5.000 kronene du har brukt.\n<\/p>\n<p>\n&nbsp;\n<\/p>\n<p>\nAlle tilbyr de den tilbakebetalingsordningen som passer deg best, der du selv kan velge st\u00f8rrelsen p\u00e5 det m\u00e5nedlige avdraget. De fleste l\u00e5neinstitusjoner tilbyr elektroniske l\u00e5nes\u00f8knader der du f\u00e5r svar umiddelbart. Blir s\u00f8knaden godkjent har du pengene p\u00e5 konto i l\u00f8pet av dagen eller uken.\n<\/p>\n<p>\n&nbsp;\n<\/p>\n<p>\n<a href=\"https:\/\/lanebank.com\/no\">L\u00e5nebank<\/a> gir en god oversikt over de beste hurtigl\u00e5nene og forbruksl\u00e5nene. Mange sider rangerer ogs\u00e5 bankene etter de beste vilk\u00e5rene, og gj\u00f8r dermed valget enklere for deg. Du kan raskt og enkelt finne de enkeltes betingelser og vilk\u00e5r ved \u00e5 lese portalenes omtaler. Det gjelder \u00e5 velge de med lavest rente, og ikke falle for fristelsen \u00e5 l\u00e5ne mer enn det du trenger. Husk at l\u00e5net skal tilbakebetales.\n<\/p>\n<hr \/>\n<p><img decoding=\"async\" style=\"float: left; vertical-align: middle;\" src=\"https:\/\/lanebank.com\/no\/wp-content\/themes\/point\/images\/icon1.png\" \/><\/p>\n<h2>Grunnleggende krav for \u00e5 ta opp et l\u00e5n<\/h2>\n<p>Du kan ikke forvente \u00e5 f\u00e5 tilbud om l\u00e5n uansett hvilken \u00f8konomiske situasjon du befinner deg i. Det finnes noen grunnleggende krav som bestemmer om en tilbyder \u00f8nsker \u00e5 gi deg l\u00e5n eller ikke. Disse kravene vil v\u00e6re forskjellige i forhold til hvilke l\u00e5n du s\u00f8ker p\u00e5. Men noen grunnleggende krav m\u00e5 v\u00e6re tilfredsstilt uansett hvilken type l\u00e5n du benytter deg av. Alle tilbydere av l\u00e5n vil vurdere din \u00f8konomiske situasjon for \u00e5 bestemme hvor sannsynlig det er for at du betaler tilbake pengene i henhold til avtalen du inng\u00e5r med dem. Alle norske l\u00e5ngivere \u00f8nsker \u00e5 tjene penger og de \u00f8nsker derfor ikke \u00e5 l\u00e5ne deg mer penger enn de er sikker p\u00e5 at du klarer \u00e5 betale tilbake. Det gjelder uansett hvem du har gjeld til. De forskjellige tilbyderne benytter seg av forskjellige modeller for \u00e5 bestemme om du er en risiko eller ikke, s\u00e5 det kan v\u00e6re forskjell p\u00e5 hva du tilbys fra en tilbyder i forhold til en annen. Utl\u00e5n er regulert av Finanstilsynet, men de styrer ikke detaljert hvordan hver tilbyder tar sine avgj\u00f8relser, og det er derfor opp til dem hvordan de vurderer din situasjon.\n<\/p>\n<p>&nbsp;<\/p>\n<p>De mest grunnleggende betingelsene vil bestemme overfor l\u00e5ngivere om de kan f\u00f8lge opp et krav juridisk hvis du ikke betaler, i tillegg til at de fors\u00f8ker \u00e5 bestemme sannsynligheten for at du faktisk betaler det du skylder. De fleste tilbyderne vil sette betingelser for l\u00e5n i forhold til disse faktorene. For dem handler det kun om inntekt, og de \u00f8nsker ikke \u00e5 ta en h\u00f8yere risiko enn de beh\u00f8ver, men de \u00f8nsker \u00e5 tjene s\u00e5 mye som mulig for hver krone de l\u00e5ner ut. Hvis man noen gang lurer p\u00e5 hvorfor en bank eller en tilbyder av forbruksl\u00e5n tar et valg fremfor et annet, s\u00e5 er dette alltid grunnen. Tilbydere tjener ikke penger hvis de ikke f\u00e5r tilbake pengene de har l\u00e5nt ut.<\/p>\n<h3>Individuell vurdering av \u00f8konomisk situasjon<\/h3>\n<p>De fleste l\u00e5ntilbydere \u00f8nsker \u00e5 utf\u00f8re en individuell vurdering av din \u00f8konomiske situasjon for \u00e5 bestemme hvilket l\u00e5n du kan f\u00e5 og hvilke betingelser de kan tilby. N\u00e5r det gjelder boligl\u00e5n, s\u00e5 er de ganske \u00e5pne om betingelsene de tilbyr. Grunnen til det er at konkurransen er stor og det er en fordel for kundene at de kan forutsi betingelsene f\u00f8r de kj\u00f8per en bolig. Disse tilbyderne tilbyr gjerne samme rentesats til alle sine kunder p\u00e5 et spesifikt tidspunkt. De vil ogs\u00e5 fortelle deg hvordan de bestemmer hvor mye du f\u00e5r l\u00e5ne hvis du sp\u00f8r. Dette er ikke tilfelle hos tilbydere av forbruksl\u00e5n. Her vil du ikke f\u00e5 vite betingelsene eller hvor mye du f\u00e5r l\u00e5ne f\u00f8r du s\u00f8ker.<\/p>\n<h3>Betalingsanmerkninger<\/h3>\n<p>Hvis du har betalingsanmerkninger, s\u00e5 er sannsynligheten stor for at du ikke f\u00e5r l\u00e5n. Det betyr at du har et utest\u00e5ende krav som du enten ikke kan eller ikke vil betale og det gir ikke et godt inntrykk hos l\u00e5ntilbydere. Hvis du kan argumentere for at du har en god grunn til \u00e5 ha en betalingsanmerkning, s\u00e5 kan det v\u00e6re mulig \u00e5 f\u00e5 l\u00e5n hos et lite antall tilbydere som \u00f8nsker \u00e5 tilby denne tjenesten. For \u00e5 f\u00e5 tilbud om denne typen l\u00e5n, s\u00e5 vil du m\u00e5tte stille sikkerhet i bolig for l\u00e5net. Ingen tilbydere av forbruksl\u00e5n eller andre l\u00e5n vil gi deg l\u00e5n hvis ikke de kan sikre p\u00e5 at de f\u00e5r pengene tilbake som avtalt.<\/p>\n<h3>Krav til alder<\/h3>\n<p>De fleste tilbydere av forbruksl\u00e5n vil kun tilby deg l\u00e5n hvis du er myndig. Hvis du ikke er myndig s\u00e5 kan de ikke benytte seg av rettslige virkemidler for \u00e5 f\u00e5 tilbake pengene, I tillegg til dette vil de fleste tilbydere av forbruksl\u00e5n sette aldergrensen h\u00f8yere fordi man ofte opplever at personer under for eksempel 23 \u00e5r misligholder l\u00e5nene sine.<\/p>\n<h3>Krav til inntekt<\/h3>\n<p>Du vil i tillegg m\u00e5tte ha en inntekt for \u00e5 bli tilbudt et l\u00e5n. Det kan imidlertid v\u00e6re mulig \u00e5 <a href=\"https:\/\/lanebank.com\/no\/uten-fast-inntekt-jobb\">l\u00e5ne uten fast inntekt<\/a>. Hvor mye inntekt de krever er opp til hver tilbyder.<\/p>\n<hr \/>\n<p><img decoding=\"async\" style=\"float: left; vertical-align: middle;\" src=\"https:\/\/lanebank.com\/no\/wp-content\/themes\/point\/images\/icon2.png\" \/><\/p>\n<h2>Hvor mye kan jeg l\u00e5ne<\/h2>\n<p>N\u00e5r man skal vurdere \u00e5 benytte seg av et l\u00e5n, s\u00e5 vil det v\u00e6re forskjell p\u00e5 hvor mye man trenger i forskjellige situasjoner. N\u00e5r man skal bestemme hvor mye man skal l\u00e5ne, s\u00e5 er det viktig \u00e5 vurdere hva l\u00e5net koster. Mange vurderer \u00e5 l\u00e5ne litt ekstra n\u00e5r man f\u00f8rst l\u00e5ner, men dette kan bli kostbart dersom man ikke sjekker betingelsene f\u00f8r man l\u00e5ner. Forbruksl\u00e5n er dyrere enn for eksempel boligl\u00e5n, og kostnadene med \u00e5 l\u00e5ne noen ekstra kroner enn det man trenger kan v\u00e6re mer enn man forventer. Hvor mye du kan l\u00e5ne styres av din \u00f8konomiske situasjon, det vil si dine inntekter og din gjeld, men det styres ogs\u00e5 av hvilken tilbyder du \u00f8nsker \u00e5 benytte deg av. Det finnes mange forskjellige typer tilbydere, og hver tilbyr finansiering for forskjellige deler av markedet. Hva du kan l\u00e5ne er derfor styrt av mange faktorer, men i hovedsak s\u00e5 er det din \u00f8konomiske situasjon og hvor mye du f\u00f8ler du har r\u00e5d til som bestemmer l\u00e5nebel\u00f8pet.\n<\/p>\n<p>&nbsp;<\/p>\n<p>\nDet er viktig \u00e5 sjekke hva man kan t\u00e5le av belastning p\u00e5 \u00f8konomien n\u00e5r man skal l\u00e5ne penger. Mange overlater den vurderingen til tilbyderne av l\u00e5net, men de vurderer egentlig ikke hva du har r\u00e5d til. De sammenlikner deg med en modell som bestemmer om du kommer til \u00e5 betale tilbake l\u00e5net eller ikke, eller rettere sagt sannsynligheten for at du gj\u00f8r det. Hvis de mener at du har r\u00e5d til et l\u00e5n, s\u00e5 er det hva du vil f\u00e5 tilbudt. Men til slutt er det du som m\u00e5 bed\u00f8mme hva du har r\u00e5d til. Det er du som m\u00e5 betale tilbake l\u00e5net, og n\u00e5r man signerer for et l\u00e5n, s\u00e5 vil det bli krevd inn p\u00e5 en eller annen m\u00e5te. For ikke \u00e5 havne i en u\u00f8nsket situasjon m\u00e5 du derfor v\u00e6re sikker p\u00e5 at du ikke l\u00e5ner mer enn du kan betale tilbake, og du m\u00e5 ogs\u00e5 sjekke betingelsene f\u00f8r du aksepterer l\u00e5net.\n<\/p>\n<h3>Kategorier av l\u00e5ngivere<\/h3>\n<p>\nFor \u00e5 gj\u00f8re det enklere \u00e5 finne ut av hvordan man skal bestemme hvilken tilbyder man b\u00f8r benytte seg av for \u00e5 f\u00e5 det l\u00e5net man \u00f8nsker, s\u00e5 kategoriserer man ofte tilbydere av forbruksl\u00e5n i 3 kategorier. De forskjellige kategoriene bestemmes av den maksimale l\u00e5negrensende tilbyr, i tillegg til hvor lang nedbetalingstid de kan tilby. Den f\u00f8rste kategorien er mikrol\u00e5n, eller s\u00e5kalte sms-l\u00e5n. Disse l\u00e5nene kan v\u00e6re vesentlig mye dyrere enn andre l\u00e5n. Grunnen til det er at de er ment for personer som \u00f8nsker penger utbetalt p\u00e5 dagen. Dette betyr at man m\u00e5 vurdere risiko raskere enn man ellers ville gjort, og da er det st\u00f8rre risiko for mislighold. I tillegg s\u00e5 vil tilbydere som tar seg ekstra godt betalt overleve fordi ikke alle sjekker betingelsene godt nok. <a href=\"https:\/\/lanebank.com\/no\/info\/smalan\">Sm\u00e5l\u00e5n<\/a> kan v\u00e6re p\u00e5 inntil 100000kr med en nedbetalingstid p\u00e5 inntil 7 \u00e5r. Disse tilbyderne tilbyr l\u00e5n som passer for innkj\u00f8p av forbrukervarer som for eksempel elektronikk, hvitevarer og m\u00f8bler. Man vil ofte f\u00e5 tilbud fra disse tilbyderne hvis man \u00f8nsker \u00e5 kj\u00f8pe for eksempel en TV i en butikk og \u00f8nsker \u00e5 ta denne med seg umiddelbart. Disse har ofte startet med \u00e5 tilby finansiering eller utleie av egne produkter, men har endret til generell finansiering da dette gir et st\u00f8rre marked. Det h\u00f8yeste bel\u00f8pet du kan l\u00e5ne hvis du benytter deg av <a href=\"https:\/\/lanebank.com\/no\/info\/forbrukslan\">forbruksl\u00e5n<\/a> er i dag 600000kr, og nedbetalingstiden er p\u00e5 inntil 15 \u00e5r.\n<\/p>\n<h3>Forskjell p\u00e5 sikrede og usikrede l\u00e5n<\/h3>\n<p>\nN\u00e5r man skal benytte seg av boligl\u00e5n, s\u00e5 er bel\u00f8pene h\u00f8yere da man da stiller med sikkerhet i bolig. Da vil l\u00e5nebel\u00f8pet man kan oppn\u00e5 v\u00e6re begrenset av inntekt og annen gjeld, men bel\u00f8pet kan for en inntekt p\u00e5 for eksempel 500000kr per \u00e5r gi et mulig l\u00e5n p\u00e5 inntil 2000000 avhengig av hvilken bank man kontakter. Utover det vil l\u00e5nebel\u00f8pet begrenses av hvor mange barn man fors\u00f8rger og verdien p\u00e5 boligen man \u00f8nsker \u00e5 kj\u00f8pe.\n<\/p>\n<div class=\"grid-container\">\n<div class=\"item1\"><img decoding=\"async\" style=\"float:left;vertical-align: middle;\" src=\"https:\/\/lanebank.com\/no\/wp-content\/themes\/point\/images\/icon1.png\"><span style=\"margin-left:5px;\"><a href=\"https:\/\/lanebank.com\/no\/pensjonistlan\"> L\u00e5ne penger som pensjonist<\/a><\/span><\/div>\n<div class=\"item2\"><img decoding=\"async\" style=\"float:left;vertical-align: middle;\" src=\"https:\/\/lanebank.com\/no\/wp-content\/themes\/point\/images\/icon1.png\"><span style=\"margin-left:5px;\"><a href=\"https:\/\/lanebank.com\/no\/student\"> L\u00e5ne penger som student<\/a><\/span><\/div>\n<div class=\"item3\"><img decoding=\"async\" style=\"float:left;vertical-align: middle;\" src=\"https:\/\/lanebank.com\/no\/wp-content\/themes\/point\/images\/icon1.png\"><span style=\"margin-left:5px;\"><a href=\"https:\/\/lanebank.com\/no\/p2p\"> L\u00e5n av penger mellom privatpersoner<\/a><\/span><\/div>\n<\/div>\n","protected":false},"excerpt":{"rendered":"<p>N\u00e5 er det enklere enn noen gang \u00e5 finansiere en dr\u00f8m. Kanskje vil du fremskynde den planlagte ferieturen med din kj\u00e6re, eller det har dukket opp en uforutsett utgift det haster med. &nbsp; Gj\u00f8r ikke noe overilt; ta deg tid til \u00e5 lese vilk\u00e5rene n\u00f8ye f\u00f8r du s\u00f8ker om et slikt forbruksl\u00e5n. Det er viktig [&hellip;]<\/p>\n","protected":false},"author":1,"featured_media":0,"parent":0,"menu_order":5,"comment_status":"closed","ping_status":"closed","template":"","meta":{"footnotes":""},"class_list":["post-63","page","type-page","status-publish","hentry"],"_links":{"self":[{"href":"https:\/\/lanebank.com\/no\/wp-json\/wp\/v2\/pages\/63","targetHints":{"allow":["GET"]}}],"collection":[{"href":"https:\/\/lanebank.com\/no\/wp-json\/wp\/v2\/pages"}],"about":[{"href":"https:\/\/lanebank.com\/no\/wp-json\/wp\/v2\/types\/page"}],"author":[{"embeddable":true,"href":"https:\/\/lanebank.com\/no\/wp-json\/wp\/v2\/users\/1"}],"replies":[{"embeddable":true,"href":"https:\/\/lanebank.com\/no\/wp-json\/wp\/v2\/comments?post=63"}],"version-history":[{"count":21,"href":"https:\/\/lanebank.com\/no\/wp-json\/wp\/v2\/pages\/63\/revisions"}],"predecessor-version":[{"id":457,"href":"https:\/\/lanebank.com\/no\/wp-json\/wp\/v2\/pages\/63\/revisions\/457"}],"wp:attachment":[{"href":"https:\/\/lanebank.com\/no\/wp-json\/wp\/v2\/media?parent=63"}],"curies":[{"name":"wp","href":"https:\/\/api.w.org\/{rel}","templated":true}]}}