{"id":1000,"date":"2016-04-18T11:09:56","date_gmt":"2016-04-18T09:09:56","guid":{"rendered":"https:\/\/lanebank.com\/sv\/?page_id=1000"},"modified":"2016-04-18T11:09:56","modified_gmt":"2016-04-18T09:09:56","slug":"kostnadsguiden","status":"publish","type":"page","link":"https:\/\/lanebank.com\/sv\/kostnadsguiden","title":{"rendered":"Kostnadsguiden"},"content":{"rendered":"<p>En god ekonomi f\u00f6ruts\u00e4tter att det g\u00e5r att planera kostnader och ink\u00f6p. Det f\u00f6rsta steget till en h\u00e5llbar buget \u00e4r d\u00e4rf\u00f6r att l\u00e4ra sig mer om olika kostnader som kan uppst\u00e5. Kostnadsguiden \u00e4r en oberoende kostnadsfri prisuppskattning f\u00f6r b\u00e5de st\u00f6rre och mindre ink\u00f6p.<\/p>\n","protected":false},"excerpt":{"rendered":"<p>En god ekonomi f\u00f6ruts\u00e4tter att det g\u00e5r att planera kostnader och ink\u00f6p. Det f\u00f6rsta steget till en h\u00e5llbar buget \u00e4r d\u00e4rf\u00f6r att l\u00e4ra sig mer om olika kostnader som kan [&hellip;]<\/p>\n","protected":false},"author":1,"featured_media":0,"parent":0,"menu_order":0,"comment_status":"closed","ping_status":"closed","template":"","meta":{"footnotes":""},"class_list":["post-1000","page","type-page","status-publish","hentry"],"wppr_data":{"cwp_meta_box_check":"No","cwp_rev_product_name":"","cwp_rev_price":""},"_links":{"self":[{"href":"https:\/\/lanebank.com\/sv\/wp-json\/wp\/v2\/pages\/1000","targetHints":{"allow":["GET"]}}],"collection":[{"href":"https:\/\/lanebank.com\/sv\/wp-json\/wp\/v2\/pages"}],"about":[{"href":"https:\/\/lanebank.com\/sv\/wp-json\/wp\/v2\/types\/page"}],"author":[{"embeddable":true,"href":"https:\/\/lanebank.com\/sv\/wp-json\/wp\/v2\/users\/1"}],"replies":[{"embeddable":true,"href":"https:\/\/lanebank.com\/sv\/wp-json\/wp\/v2\/comments?post=1000"}],"version-history":[{"count":1,"href":"https:\/\/lanebank.com\/sv\/wp-json\/wp\/v2\/pages\/1000\/revisions"}],"predecessor-version":[{"id":1001,"href":"https:\/\/lanebank.com\/sv\/wp-json\/wp\/v2\/pages\/1000\/revisions\/1001"}],"wp:attachment":[{"href":"https:\/\/lanebank.com\/sv\/wp-json\/wp\/v2\/media?parent=1000"}],"curies":[{"name":"wp","href":"https:\/\/api.w.org\/{rel}","templated":true}]}}