{"id":1041,"date":"2016-05-26T08:16:16","date_gmt":"2016-05-26T06:16:16","guid":{"rendered":"https:\/\/lanebank.com\/sv\/?page_id=1041"},"modified":"2016-05-26T08:16:16","modified_gmt":"2016-05-26T06:16:16","slug":"battre-huslan-flytta-villalan-mellan-banker","status":"publish","type":"page","link":"https:\/\/lanebank.com\/sv\/lana-pengar\/battre-huslan-flytta-villalan-mellan-banker","title":{"rendered":"B\u00e4ttre husl\u00e5n &#8211; flytta villal\u00e5n mellan banker"},"content":{"rendered":"<p>Begreppet bostadsl\u00e5n anv\u00e4nds allm\u00e4nt f\u00f6r att beskriva: bol\u00e5n, villal\u00e5n, l\u00e4genhetsl\u00e5n och husl\u00e5n. De olika namnen anv\u00e4nds fr\u00e4mst f\u00f6r att beskriva vilken typ av fastighetsk\u00f6p som \u00e4r kopplat till avtalet.<\/p>\n<h3>\nNytt husl\u00e5n<\/h3>\n<p>Det kan g\u00e5 att spara m\u00e5nga tusenlappar p\u00e5 att v\u00e4lja r\u00e4tt bank n\u00e4r man tecknar husl\u00e5n. Eftersom dessa krediter ofta \u00e4r omfattande, \u00e4r det extra viktigt att f\u00f6rs\u00f6ka hitta en l\u00e5g r\u00e4nta redan fr\u00e5n b\u00f6rjan.<\/p>\n<p>Vid nytecknade har du som kund m\u00f6jlighet att s\u00e4tta press p\u00e5 bankerna och &#8220;spela ut dem&#8221; mot varandra. F\u00e5r du flera likv\u00e4rdiga l\u00e5nel\u00f6ften kan du f\u00f6rs\u00f6ka f\u00f6rhandla fram b\u00e4ttre villkor. F\u00f6r att lyckas pruta p\u00e5 r\u00e4ntan g\u00e4ller det att vara best\u00e4md och ha realistiska krav.<\/p>\n<p><span style=\"color: #008000;\">Tips: Skandiabanken Bol\u00e5n erbjuder en bol\u00e5ner\u00e4nta ner till 1,31 %. <a style=\"color: #008000;\" href=\"https:\/\/lanebank.com\/sv\/till\/skandiabanken\" rel=\"nofollow\" target=\"_blank\">Bes\u00f6k banken nu!<\/a><\/span><\/p>\n<h3>Flytta villal\u00e5n<\/h3>\n<p>Om du redan idag har ett villal\u00e5n hos en svensk bank \u00e4r det m\u00f6jligt att byta till en annan bank. Har du r\u00f6rlig r\u00e4nta kan du flytta l\u00e5n mellan olika banker utan kostnad. \u00c4r r\u00e4ntan bunden och du flyttar under din bindningstid m\u00e5ste du d\u00e4remot betala en r\u00e4nteskillnadsers\u00e4ttning till den bank du flyttar fr\u00e5n.<\/p>\n<p><span style=\"color: #008080;\">Tips: Mittbol\u00e5n.se \u00e4r experter p\u00e5 att f\u00f6rhandla fram b\u00e4ttre avtal. <a style=\"color: #008080;\" href=\"https:\/\/lanebank.com\/sv\/till\/mittbolan\" rel=\"nofollow\" target=\"_blank\">Bes\u00f6k sidan nu!<\/a><\/span><\/p>\n<h2>Grundprincipen f\u00f6r bostadsl\u00e5n<\/h2>\n<p>Alla bol\u00e5n kan delas upp i tv\u00e5 eller tre delar.<\/p>\n<p>Den stora delen kallas <em>bottenl\u00e5n<\/em> och r\u00f6r ofta miljonbelopp. Kostnaden f\u00f6r denna del styrs fr\u00e4mst genom bol\u00e5ner\u00e4ntor. Numera \u00e4r bankerna \u00e5lagda att redog\u00f6ra f\u00f6r sina genomsnittliga bol\u00e5ner\u00e4ntor vilket g\u00f6r det l\u00e4ttare f\u00f6r dig som l\u00e5ntagare att tr\u00e4ffa l\u00e5ngsiktigt bra avtal.<\/p>\n<p>Ovanp\u00e5 bottenl\u00e5net kan ett <em>toppl\u00e5n<\/em> finnas. Detta l\u00e5n har st\u00f6rre risk. Numera har detta uppl\u00e4gg allt ovanligare eftersom man inf\u00f6rt ett bol\u00e5netak som inneb\u00e4r att bottenl\u00e5n och toppl\u00e5n f\u00e5r motsvara maximalt 85 % av k\u00f6psumman. (Det \u00e4r emellertid inte s\u00e4kert att du f\u00e5r l\u00e5na 85% av k\u00f6psumman, detta \u00e4r maxsatsen men procentsats kan vara l\u00e4gre.)<\/p>\n<p>Vanligast numera \u00e4r att kunden tar ett <a href=\"https:\/\/lanebank.com\/sv\/info\/privatlan\">privatl\u00e5n<\/a> eller sj\u00e4lv sparar ihop kapital f\u00f6r att t\u00e4cka de resterande delen av k\u00f6psumman om 15%. Denna del kallas <em>kontantinsats<\/em>.<\/p>\n","protected":false},"excerpt":{"rendered":"<p>Begreppet bostadsl\u00e5n anv\u00e4nds allm\u00e4nt f\u00f6r att beskriva: bol\u00e5n, villal\u00e5n, l\u00e4genhetsl\u00e5n och husl\u00e5n. De olika namnen anv\u00e4nds fr\u00e4mst f\u00f6r att beskriva vilken typ av fastighetsk\u00f6p som \u00e4r kopplat till avtalet. Nytt [&hellip;]<\/p>\n","protected":false},"author":1,"featured_media":0,"parent":170,"menu_order":0,"comment_status":"closed","ping_status":"closed","template":"","meta":{"footnotes":""},"class_list":["post-1041","page","type-page","status-publish","hentry"],"wppr_data":{"cwp_meta_box_check":"No","cwp_rev_product_name":"","cwp_rev_price":""},"_links":{"self":[{"href":"https:\/\/lanebank.com\/sv\/wp-json\/wp\/v2\/pages\/1041","targetHints":{"allow":["GET"]}}],"collection":[{"href":"https:\/\/lanebank.com\/sv\/wp-json\/wp\/v2\/pages"}],"about":[{"href":"https:\/\/lanebank.com\/sv\/wp-json\/wp\/v2\/types\/page"}],"author":[{"embeddable":true,"href":"https:\/\/lanebank.com\/sv\/wp-json\/wp\/v2\/users\/1"}],"replies":[{"embeddable":true,"href":"https:\/\/lanebank.com\/sv\/wp-json\/wp\/v2\/comments?post=1041"}],"version-history":[{"count":1,"href":"https:\/\/lanebank.com\/sv\/wp-json\/wp\/v2\/pages\/1041\/revisions"}],"predecessor-version":[{"id":1042,"href":"https:\/\/lanebank.com\/sv\/wp-json\/wp\/v2\/pages\/1041\/revisions\/1042"}],"up":[{"embeddable":true,"href":"https:\/\/lanebank.com\/sv\/wp-json\/wp\/v2\/pages\/170"}],"wp:attachment":[{"href":"https:\/\/lanebank.com\/sv\/wp-json\/wp\/v2\/media?parent=1041"}],"curies":[{"name":"wp","href":"https:\/\/api.w.org\/{rel}","templated":true}]}}