{"id":1137,"date":"2017-03-16T09:38:33","date_gmt":"2017-03-16T08:38:33","guid":{"rendered":"https:\/\/lanebank.com\/sv\/?page_id=1137"},"modified":"2017-03-16T09:38:33","modified_gmt":"2017-03-16T08:38:33","slug":"missbruksregistret","status":"publish","type":"page","link":"https:\/\/lanebank.com\/sv\/skuldsattning\/missbruksregistret","title":{"rendered":"Missbruksregistret"},"content":{"rendered":"<p>Banker och kreditgivare ser allvarligt p\u00e5 missk\u00f6tta krediter. Den som inte betalar tillbaka en skuld eller g\u00f6r en sen \u00e5terbetalning p\u00e5 ett l\u00e5n, riskerar att hamna i missbruksregistret. Upplysningscentralen UC, samarbetar med ett stort antal banker, kreditgivare och finansbolag genom att f\u00f6rse dessa med kreditupplysningar. Kredit- och missbruksregistret \u00e4r ett kontrollregister som bankerna anv\u00e4nder sig av intern och men du kan se dessa uppgifter genom att g\u00f6ra en egen kreditupplysning p\u00e5 sj\u00e4lv genom minuc.se.<\/p>\n<p>Endast kreditgivare under Finansinspektionens tillsyn som sj\u00e4lva rapporterar in uppgifter om missk\u00f6tta krediter har m\u00f6jlighet att beg\u00e4ra ut uppgifter fr\u00e5n registret. Normalt ligger en anm\u00e4rkning i missbruksregistret kvar i 36 m\u00e5nader (tre \u00e5r), vilket \u00e4r samma tid som en betalningsanm\u00e4rkning ligger kvar.<\/p>\n<h3>Hur p\u00e5verkar en missk\u00f6tt kredit dig?<\/h3>\n<p>Att finnas med i missbruksregistret kan f\u00f6rs\u00e4mra dina m\u00f6jligheter till l\u00e5n, kreditkort, andra f\u00f6rm\u00e5nskort samt m\u00f6jligheterna att teckna andra former av abonnemang och kreditavtal.<\/p>\n","protected":false},"excerpt":{"rendered":"<p>Banker och kreditgivare ser allvarligt p\u00e5 missk\u00f6tta krediter. Den som inte betalar tillbaka en skuld eller g\u00f6r en sen \u00e5terbetalning p\u00e5 ett l\u00e5n, riskerar att hamna i missbruksregistret. Upplysningscentralen UC, [&hellip;]<\/p>\n","protected":false},"author":1,"featured_media":0,"parent":272,"menu_order":0,"comment_status":"closed","ping_status":"closed","template":"","meta":{"footnotes":""},"class_list":["post-1137","page","type-page","status-publish","hentry"],"wppr_data":{"cwp_meta_box_check":"No","cwp_rev_product_name":"","cwp_rev_price":""},"_links":{"self":[{"href":"https:\/\/lanebank.com\/sv\/wp-json\/wp\/v2\/pages\/1137","targetHints":{"allow":["GET"]}}],"collection":[{"href":"https:\/\/lanebank.com\/sv\/wp-json\/wp\/v2\/pages"}],"about":[{"href":"https:\/\/lanebank.com\/sv\/wp-json\/wp\/v2\/types\/page"}],"author":[{"embeddable":true,"href":"https:\/\/lanebank.com\/sv\/wp-json\/wp\/v2\/users\/1"}],"replies":[{"embeddable":true,"href":"https:\/\/lanebank.com\/sv\/wp-json\/wp\/v2\/comments?post=1137"}],"version-history":[{"count":1,"href":"https:\/\/lanebank.com\/sv\/wp-json\/wp\/v2\/pages\/1137\/revisions"}],"predecessor-version":[{"id":1138,"href":"https:\/\/lanebank.com\/sv\/wp-json\/wp\/v2\/pages\/1137\/revisions\/1138"}],"up":[{"embeddable":true,"href":"https:\/\/lanebank.com\/sv\/wp-json\/wp\/v2\/pages\/272"}],"wp:attachment":[{"href":"https:\/\/lanebank.com\/sv\/wp-json\/wp\/v2\/media?parent=1137"}],"curies":[{"name":"wp","href":"https:\/\/api.w.org\/{rel}","templated":true}]}}