{"id":1139,"date":"2017-03-16T10:05:26","date_gmt":"2017-03-16T09:05:26","guid":{"rendered":"https:\/\/lanebank.com\/sv\/?page_id=1139"},"modified":"2017-03-16T10:05:42","modified_gmt":"2017-03-16T09:05:42","slug":"lar-dig-handskas-med-pengar","status":"publish","type":"page","link":"https:\/\/lanebank.com\/sv\/aktier-fonder-spara-pengar\/lar-dig-handskas-med-pengar","title":{"rendered":"L\u00e4r dig handskas med pengar s\u00e5 att du slipper \u00e5ngest"},"content":{"rendered":"<p>Myterna \u00e4r m\u00e5nga n\u00e4r det kommer till pengar. Det har med emfas h\u00e4vdats att s\u00e4cken med mynt och sedlar bringar\u00a0 lycka eller olycka beroende p\u00e5 dess storlek, men sanningen \u00e4r den att det oftast inte \u00e4r tillg\u00e5ngen eller bristen p\u00e5 pengarna som g\u00f6r dig glad eller ledsen.<\/p>\n<p>Att lycka inte kan m\u00e4tas i pengar, \u00e4r visserligen en sanning med modifikation. Unders\u00f6kningar d\u00e4r man tittar p\u00e5 hur glada, n\u00f6jda eller tom. lyckliga man \u00e4r \u00f6ver livet visar en tydlig korrelation mellan stabila ekonomiska f\u00f6ruts\u00e4ttningar och hur lycklig man uppfattar sig vara.<\/p>\n<p><img loading=\"lazy\" decoding=\"async\" class=\"alignright size-medium wp-image-1140\" src=\"https:\/\/lanebank.com\/sv\/wp-content\/uploads\/2017\/03\/stabilt-300x225.jpg\" alt=\"leder pengar till lycka eller f\u00f6rd\u00e4rv?\" width=\"300\" height=\"225\" srcset=\"https:\/\/lanebank.com\/sv\/wp-content\/uploads\/2017\/03\/stabilt-300x225.jpg 300w, https:\/\/lanebank.com\/sv\/wp-content\/uploads\/2017\/03\/stabilt-150x113.jpg 150w, https:\/\/lanebank.com\/sv\/wp-content\/uploads\/2017\/03\/stabilt-133x100.jpg 133w, https:\/\/lanebank.com\/sv\/wp-content\/uploads\/2017\/03\/stabilt-90x68.jpg 90w, https:\/\/lanebank.com\/sv\/wp-content\/uploads\/2017\/03\/stabilt.jpg 586w\" sizes=\"auto, (max-width: 300px) 100vw, 300px\" \/><\/p>\n<p>Samtidigt tycks lyckan endast\u00a0 \u00f6ka upp till en viss gr\u00e4ns. Det handlar helt enkelt om att ha tillr\u00e4ckligt med pengar f\u00f6r att kunna leva ett gott liv utan oro \u00f6ver hur man skall f\u00e5 ekonomin att g\u00e5 ihop. De flesta svenskarna har ett mycket bra utg\u00e5ngsl\u00e4get f\u00f6r att skaffa sig ett stabilt liv, men \u00e4nd\u00e5 upplever m\u00e5nga att man inte f\u00e5r ekonomin att g\u00e5 ihop och att pengar ger dem \u00e5ngest. Vad beror detta p\u00e5?<\/p>\n<p>Kanske handlar detta egentligen inte fr\u00e4mst om att pengarna inte r\u00e4cker till, utan snarare om att man spenderar \u00f6ver sina tillg\u00e5ngar. Att inte sk\u00f6ta hush\u00e5llsekonomin p\u00e5 ett korrekt vis skapar oro och ger \u00e5ngest. Det fina i kr\u00e5ks\u00e5ngen \u00e4r du kan slippa b\u00e5de oron och \u00e5ngesten genom att l\u00e4ra dig att handskas med pengar p\u00e5 ett bra vis.<\/p>\n<h3>Lev utifr\u00e5n dina f\u00f6ruts\u00e4ttningar<\/h3>\n<p>Det \u00e4r l\u00e4tt att dras med i den k\u00f6physteri som r\u00e5der i v\u00e5r v\u00e4rld idag. Allt \u00e5t alla \u00e4r en tanken som \u00e4r l\u00e4tt att s\u00e4lja in, men tyv\u00e4rr ocks\u00e5 totalt oh\u00e5llbar. Alla kan inte k\u00f6pa hus f\u00f6r flera miljoner, bil av senaste modell eller g\u00f6ra utlandsresor varje \u00e5r.<\/p>\n<p>\u00c4ven om det \u00e4r en lockande tanke att \u00e4ga och &#8220;f\u00e5&#8221; uppleva alla dessa saker, \u00e4r det l\u00e5ngsiktiga konsekvenserna av att konsumera \u00f6ver sin f\u00f6rm\u00e5ga mycket k\u00e4nnbara. \u00d6verskulds\u00e4ttning f\u00f6rorsakar ofta <a href=\"https:\/\/lanebank.com\/sv\/skuldsattning\/missbruksregistret\">missk\u00f6tta krediter<\/a> eller <a href=\"https:\/\/lanebank.com\/sv\/skuldsattning\/lana-trots-inkasso-fa-pengar-med-skulder-hos-kronofogden\">betalningsanm\u00e4rkning med Kronofogden<\/a> som slutstation.<\/p>\n<p>Visst \u00e4r det att man endast har ett liv och det g\u00e4ller att leva det, men en del av detta \u00e4r att l\u00e4ra sig att leva utifr\u00e5n sina f\u00f6ruts\u00e4ttningar och r\u00e4tta mun efter mats\u00e4cken.<\/p>\n<h3>Skapa en hush\u00e5llsbudget och se till att h\u00e5lla den<\/h3>\n<p>En lika klassisk som v\u00e4lfungerande metod f\u00f6r att l\u00e4ra sig handskas med pengar \u00e4r att uppr\u00e4tta en budget. M\u00e5let med hush\u00e5llsbudgeten \u00e4r att skapa en l\u00e5ngsiktig h\u00e5llbar plan f\u00f6r din privatekonomi samtidigt f\u00e5r du insikt i f\u00f6rh\u00e5llandet mellan int\u00e4kter och utgifter samt till vad dina pengar g\u00e5r.<\/p>\n<p>Med en budget \u00e4r det sv\u00e5rt att inte f\u00e5 sin ekonomi att g\u00e5 ihop, om en s\u00e5dan d\u00e4remot saknas \u00e4r risken uppenbar att man hamnar fel.<\/p>\n<h3>Vad g\u00f6r man om man redan stora skulder och l\u00e5n?<\/h3>\n<p>Tyv\u00e4rr \u00e4r det m\u00e5nga som skapar en budget, f\u00f6rst d\u00e5 man hamnat i en oh\u00e5llbar situation. I vissa fall \u00e4r det d\u00e5 redan om\u00f6jligt att skapa en h\u00e5llbar hush\u00e5llsbudget, men det \u00e4r trots allt b\u00e4ttre att uppr\u00e4tta en budget sent \u00e4n aldrig.<\/p>\n<p>Ganska ofta \u00e4r det m\u00f6jligt att <a href=\"https:\/\/lanebank.com\/sv\/skuldsattning\/lan-for-att-losa-obetalda-skulder\">baka samman flera skulder<\/a> och p\u00e5 detta vis s\u00e4nka den totala kostnaden. Om hush\u00e5llsekonomin g\u00e5tt helt \u00f6ver styr, kan du <a href=\"https:\/\/lanebank.com\/sv\/skuldsattning\/sa-fungerar-skuldsanering\">ans\u00f6ka om skuldsanering<\/a>.<\/p>\n","protected":false},"excerpt":{"rendered":"<p>Myterna \u00e4r m\u00e5nga n\u00e4r det kommer till pengar. Det har med emfas h\u00e4vdats att s\u00e4cken med mynt och sedlar bringar\u00a0 lycka eller olycka beroende p\u00e5 dess storlek, men sanningen \u00e4r [&hellip;]<\/p>\n","protected":false},"author":1,"featured_media":0,"parent":622,"menu_order":0,"comment_status":"closed","ping_status":"closed","template":"","meta":{"footnotes":""},"class_list":["post-1139","page","type-page","status-publish","hentry"],"wppr_data":{"cwp_meta_box_check":"No","cwp_rev_product_name":"","cwp_rev_price":""},"_links":{"self":[{"href":"https:\/\/lanebank.com\/sv\/wp-json\/wp\/v2\/pages\/1139","targetHints":{"allow":["GET"]}}],"collection":[{"href":"https:\/\/lanebank.com\/sv\/wp-json\/wp\/v2\/pages"}],"about":[{"href":"https:\/\/lanebank.com\/sv\/wp-json\/wp\/v2\/types\/page"}],"author":[{"embeddable":true,"href":"https:\/\/lanebank.com\/sv\/wp-json\/wp\/v2\/users\/1"}],"replies":[{"embeddable":true,"href":"https:\/\/lanebank.com\/sv\/wp-json\/wp\/v2\/comments?post=1139"}],"version-history":[{"count":1,"href":"https:\/\/lanebank.com\/sv\/wp-json\/wp\/v2\/pages\/1139\/revisions"}],"predecessor-version":[{"id":1141,"href":"https:\/\/lanebank.com\/sv\/wp-json\/wp\/v2\/pages\/1139\/revisions\/1141"}],"up":[{"embeddable":true,"href":"https:\/\/lanebank.com\/sv\/wp-json\/wp\/v2\/pages\/622"}],"wp:attachment":[{"href":"https:\/\/lanebank.com\/sv\/wp-json\/wp\/v2\/media?parent=1139"}],"curies":[{"name":"wp","href":"https:\/\/api.w.org\/{rel}","templated":true}]}}