{"id":1143,"date":"2017-03-16T13:43:41","date_gmt":"2017-03-16T12:43:41","guid":{"rendered":"https:\/\/lanebank.com\/sv\/?page_id=1143"},"modified":"2018-04-25T09:53:46","modified_gmt":"2018-04-25T07:53:46","slug":"korttidslan-bet-anm","status":"publish","type":"page","link":"https:\/\/lanebank.com\/sv\/kreditprovning\/korttidslan-bet-anm","title":{"rendered":"Korttidsl\u00e5n med betalningsanm\u00e4rkning"},"content":{"rendered":"<p>Det \u00e4r i vissa fall m\u00f6jligt att ans\u00f6ka om och <strong>f\u00e5 l\u00e5net beviljat<\/strong> \u00e4ven fast en eller flera betalningsanm\u00e4rkningar finnas f\u00f6rutsatt att ekonomin i \u00f6vrigt \u00e4r ordnad. Samtidigt vill vi p\u00e5peka att <strong>korttidsl\u00e5n <a href=\"#risk\">inte \u00e4r riskfritt<\/a><\/strong> f\u00f6r dig som l\u00e5ntagare. Observera att <strong>pengarna skall vara \u00e5terbetalda inom 15-90 dagar<\/strong> och missk\u00f6tsel kan leda till dr\u00f6jsm\u00e5lr\u00e4nta, straffavgifter samt att ytterligare en ny <strong>betalningsanm\u00e4rkning kan g\u00f6ra det sv\u00e5rt att s\u00f6ka l\u00e5n<\/strong> i framtiden.<\/p>\n<p>Det \u00e4r vanligt att kortidsl\u00e5n beskrivs med <a href=\"#namn\">olika namn<\/a>, n\u00e5gra vanliga termer \u00e4r snabbl\u00e5n, smsl\u00e5n och mikrol\u00e5n vilka alla i praktiken syftar p\u00e5 samma sak.<\/p>\n","protected":false},"excerpt":{"rendered":"<p>Det \u00e4r i vissa fall m\u00f6jligt att ans\u00f6ka om och f\u00e5 l\u00e5net beviljat \u00e4ven fast en eller flera betalningsanm\u00e4rkningar finnas f\u00f6rutsatt att ekonomin i \u00f6vrigt \u00e4r ordnad. Samtidigt vill vi [&hellip;]<\/p>\n","protected":false},"author":1,"featured_media":0,"parent":640,"menu_order":0,"comment_status":"closed","ping_status":"closed","template":"","meta":{"footnotes":""},"class_list":["post-1143","page","type-page","status-publish","hentry"],"wppr_data":{"cwp_meta_box_check":"No","cwp_rev_product_name":"","cwp_rev_price":""},"_links":{"self":[{"href":"https:\/\/lanebank.com\/sv\/wp-json\/wp\/v2\/pages\/1143","targetHints":{"allow":["GET"]}}],"collection":[{"href":"https:\/\/lanebank.com\/sv\/wp-json\/wp\/v2\/pages"}],"about":[{"href":"https:\/\/lanebank.com\/sv\/wp-json\/wp\/v2\/types\/page"}],"author":[{"embeddable":true,"href":"https:\/\/lanebank.com\/sv\/wp-json\/wp\/v2\/users\/1"}],"replies":[{"embeddable":true,"href":"https:\/\/lanebank.com\/sv\/wp-json\/wp\/v2\/comments?post=1143"}],"version-history":[{"count":6,"href":"https:\/\/lanebank.com\/sv\/wp-json\/wp\/v2\/pages\/1143\/revisions"}],"predecessor-version":[{"id":1506,"href":"https:\/\/lanebank.com\/sv\/wp-json\/wp\/v2\/pages\/1143\/revisions\/1506"}],"up":[{"embeddable":true,"href":"https:\/\/lanebank.com\/sv\/wp-json\/wp\/v2\/pages\/640"}],"wp:attachment":[{"href":"https:\/\/lanebank.com\/sv\/wp-json\/wp\/v2\/media?parent=1143"}],"curies":[{"name":"wp","href":"https:\/\/api.w.org\/{rel}","templated":true}]}}