{"id":1195,"date":"2017-03-22T09:26:23","date_gmt":"2017-03-22T08:26:23","guid":{"rendered":"https:\/\/lanebank.com\/sv\/?page_id=1195"},"modified":"2017-03-22T09:27:21","modified_gmt":"2017-03-22T08:27:21","slug":"fristaende-sparbanker","status":"publish","type":"page","link":"https:\/\/lanebank.com\/sv\/finansbranschen\/fristaende-sparbanker","title":{"rendered":"\u00d6versikt frist\u00e5ende sparbanker"},"content":{"rendered":"<p>Idag finns det ungef\u00e4r ett 80-tal olika frist\u00e5ende sparbanker spridda \u00f6ver hela landet, var av de flesta \u00e5terfinns i Sk\u00e5ne, Sm\u00e5land och V\u00e4stra G\u00f6taland. Bankverksamheten har en stark koppling till lokalsamh\u00e4llet och grundtanken att \u00f6verskottet fr\u00e5n denna bankverksamhet skall g\u00e5 tillbaka till orten och bygden p\u00e5 ett eller annat vis lever fortsatt vidare.<\/p>\n<p>G\u00f6teborg f\u00f6rst med sparbankSparbankernas stolta tradition tog sin b\u00f6rjan i G\u00f6teborg. 1820 grundades G\u00f6teborgs sparbank av Eduard Ludendorff och \u00f6ppnade samma \u00e5r upp f\u00f6r allm\u00e4nheten. Ett \u00e5r senare \u00f6ppnade den f\u00f6rsta sparbanken i Stockholm.1997 genomf\u00f6rdes en fusionen mellan Sparbanken Sverige och F\u00f6reningsbanken vilket p\u00e5verkade omkring 5 miljoner och grunden f\u00f6r det som 2006 sedan skulle bli aktiebolaget Swedbank var lagd.<\/p>\n<table>\n<tbody>\n<tr>\n<th><span style=\"color: #ffffff;\">Sparbanker<\/span><\/th>\n<th><span style=\"color: #ffffff;\">Org<\/span><\/th>\n<\/tr>\n<tr>\n<td>Bjurs\u00e5s Sparbank<\/td>\n<td>583201-2495<\/td>\n<\/tr>\n<tr>\n<td>Dalslands Sparbank<\/td>\n<td>562500-5243<\/td>\n<\/tr>\n<tr>\n<td>Ekeby Sparbank<\/td>\n<td>543002-7341<\/td>\n<\/tr>\n<tr>\n<td>Falkenbergs Sparbank<\/td>\n<td>549000-5484<\/td>\n<\/tr>\n<tr>\n<td>Fryksdalens Sparbank<\/td>\n<td>574000-3420<\/td>\n<\/tr>\n<tr>\n<td>H\u00e4lsinglands Sparbank<\/td>\n<td>587500-7196<\/td>\n<\/tr>\n<tr>\n<td>H\u00e4radssparbanken M\u00f6nster\u00e5s<\/td>\n<td>532800-6209<\/td>\n<\/tr>\n<tr>\n<td>H\u00f6gsby Sparbank<\/td>\n<td>532800-6217<\/td>\n<\/tr>\n<tr>\n<td>Ivetofta Sparbank i Brom\u00f6lla<\/td>\n<td>538201-3109<\/td>\n<\/tr>\n<tr>\n<td>Kinda-Ydre Sparbank<\/td>\n<td>522001-5985<\/td>\n<\/tr>\n<tr>\n<td>Laholms Sparbank<\/td>\n<td>549201-6059<\/td>\n<\/tr>\n<tr>\n<td>Lekebergs Sparbank<\/td>\n<td>575001-9803<\/td>\n<\/tr>\n<tr>\n<td>Leksands Sparbank<\/td>\n<td>583201-2529<\/td>\n<\/tr>\n<tr>\n<td>L\u00f6nneberga-Tuna-Vena Sparbank<\/td>\n<td>533200-5189<\/td>\n<\/tr>\n<tr>\n<td>Markaryds sparbank<\/td>\n<td>529000-8506<\/td>\n<\/tr>\n<tr>\n<td>Mj\u00f6b\u00e4cks Sparbank<\/td>\n<td>565000-6520<\/td>\n<\/tr>\n<tr>\n<td>Norrb\u00e4rke Sparbank<\/td>\n<td>583800-5246<\/td>\n<\/tr>\n<tr>\n<td>N\u00e4rs sparbank<\/td>\n<td>534000-5965<\/td>\n<\/tr>\n<tr>\n<td>Orusts Sparbank<\/td>\n<td>558500-7999<\/td>\n<\/tr>\n<tr>\n<td>Roslagens Sparbank<\/td>\n<td>514400-7399<\/td>\n<\/tr>\n<tr>\n<td>Sala Sparbank<\/td>\n<td>579500-4133<\/td>\n<\/tr>\n<tr>\n<td>Sidensj\u00f6 sparbank<\/td>\n<td>589600-6219<\/td>\n<\/tr>\n<tr>\n<td>Skurups Sparbank<\/td>\n<td>548000-7409<\/td>\n<\/tr>\n<tr>\n<td>Snapphanebygdens Sparbank<\/td>\n<td>537000-9598<\/td>\n<\/tr>\n<tr>\n<td>Sparbanken Boken<\/td>\n<td>537600-6234<\/td>\n<\/tr>\n<tr>\n<td>Sparbanken Gotland<\/td>\n<td>534000-5775<\/td>\n<\/tr>\n<tr>\n<td>Sparbanken i Enk\u00f6ping<\/td>\n<td>517000-6505<\/td>\n<\/tr>\n<tr>\n<td>Sparbanken i Karlshamn<\/td>\n<td>536200-9481<\/td>\n<\/tr>\n<tr>\n<td>Sparbanken Nord<\/td>\n<td>598800-4817<\/td>\n<\/tr>\n<tr>\n<td>Sparbanken Syd<\/td>\n<td>548000-7425<\/td>\n<\/tr>\n<tr>\n<td>Sparbanken Tanum<\/td>\n<td>555900-2695<\/td>\n<\/tr>\n<tr>\n<td>Sparbanken Tranemo<\/td>\n<td>565500-6152<\/td>\n<\/tr>\n<tr>\n<td>Sparbanken V\u00e4stra M\u00e4lardalen<\/td>\n<td>578500-7120<\/td>\n<\/tr>\n<tr>\n<td>S\u00f6dra Dalarnas Sparbank<\/td>\n<td>582000-5345<\/td>\n<\/tr>\n<tr>\n<td>S\u00f6dra Hestra Sparbank<\/td>\n<td>528500-6408<\/td>\n<\/tr>\n<tr>\n<td>S\u00f6lvesborg-Mj\u00e4llby Sparbank<\/td>\n<td>536200-9457<\/td>\n<\/tr>\n<tr>\n<td>S\u00f6rmlands Sparbank<\/td>\n<td>516401-9639<\/td>\n<\/tr>\n<tr>\n<td>Tidaholms Sparbank<\/td>\n<td>567200-4883<\/td>\n<\/tr>\n<tr>\n<td>Tj\u00f6rns Sparbank<\/td>\n<td>553300-7943<\/td>\n<\/tr>\n<tr>\n<td>Ulricehamns Sparbank<\/td>\n<td>565500-6145<\/td>\n<\/tr>\n<tr>\n<td>Vadstena Sparbank<\/td>\n<td>524000-5719<\/td>\n<\/tr>\n<tr>\n<td>VALDEMARSVIKS SPARBANK<\/td>\n<td>525002-3982<\/td>\n<\/tr>\n<tr>\n<td>Westra Wermlands Sparbank<\/td>\n<td>572000-4489<\/td>\n<\/tr>\n<tr>\n<td>Virserums Sparbank<\/td>\n<td>533200-5247<\/td>\n<\/tr>\n<tr>\n<td>\u00c5lems Sparbank<\/td>\n<td>532800-6282<\/td>\n<\/tr>\n<tr>\n<td>\u00c5se Viste Sparbank<\/td>\n<td>569000-6670<\/td>\n<\/tr>\n<tr>\n<td>\u00c5tvidabergs Sparbank<\/td>\n<td>522001-5886<\/td>\n<\/tr>\n<\/tbody>\n<\/table>\n","protected":false},"excerpt":{"rendered":"<p>Idag finns det ungef\u00e4r ett 80-tal olika frist\u00e5ende sparbanker spridda \u00f6ver hela landet, var av de flesta \u00e5terfinns i Sk\u00e5ne, Sm\u00e5land och V\u00e4stra G\u00f6taland. Bankverksamheten har en stark koppling till [&hellip;]<\/p>\n","protected":false},"author":1,"featured_media":0,"parent":1198,"menu_order":0,"comment_status":"closed","ping_status":"closed","template":"","meta":{"footnotes":""},"class_list":["post-1195","page","type-page","status-publish","hentry"],"wppr_data":{"cwp_meta_box_check":"No","cwp_rev_product_name":"","cwp_rev_price":""},"_links":{"self":[{"href":"https:\/\/lanebank.com\/sv\/wp-json\/wp\/v2\/pages\/1195","targetHints":{"allow":["GET"]}}],"collection":[{"href":"https:\/\/lanebank.com\/sv\/wp-json\/wp\/v2\/pages"}],"about":[{"href":"https:\/\/lanebank.com\/sv\/wp-json\/wp\/v2\/types\/page"}],"author":[{"embeddable":true,"href":"https:\/\/lanebank.com\/sv\/wp-json\/wp\/v2\/users\/1"}],"replies":[{"embeddable":true,"href":"https:\/\/lanebank.com\/sv\/wp-json\/wp\/v2\/comments?post=1195"}],"version-history":[{"count":3,"href":"https:\/\/lanebank.com\/sv\/wp-json\/wp\/v2\/pages\/1195\/revisions"}],"predecessor-version":[{"id":1203,"href":"https:\/\/lanebank.com\/sv\/wp-json\/wp\/v2\/pages\/1195\/revisions\/1203"}],"up":[{"embeddable":true,"href":"https:\/\/lanebank.com\/sv\/wp-json\/wp\/v2\/pages\/1198"}],"wp:attachment":[{"href":"https:\/\/lanebank.com\/sv\/wp-json\/wp\/v2\/media?parent=1195"}],"curies":[{"name":"wp","href":"https:\/\/api.w.org\/{rel}","templated":true}]}}