{"id":1198,"date":"2013-03-21T20:42:28","date_gmt":"2013-03-21T19:42:28","guid":{"rendered":"https:\/\/lanebank.com\/sv\/?page_id=1198"},"modified":"2017-05-26T12:07:14","modified_gmt":"2017-05-26T10:07:14","slug":"finansbranschen","status":"publish","type":"page","link":"https:\/\/lanebank.com\/sv\/finansbranschen","title":{"rendered":"Finansbranschen"},"content":{"rendered":"<p>F\u00f6r m\u00e5nga \u00e4r finansbranschen liktydigt med stora penningbelopp och en stressig tillvaro och denna schablonbild \u00e4r inte fel, men s\u00e4ger kanske inte hela sanningen. Finansbranschen handlar inte bara om vinster och f\u00f6rs\u00e4ljningar utan \u00e4ven om att bygga h\u00e5llbara aff\u00e4rsrelationer och ekonomiskt effektiva organisationer.<\/p>\n<div class=\"specialaren40\" style=\"inline-block;padding-left:4%;padding-right:4%;\"><a id=\"footer-thumbnail\" href=\"https:\/\/lanebank.com\/sv\/info\/svenskabanker\"><\/p>\n<div>\n<div class=\"hover\"><span class=\"icon-link\"><\/span><\/div>\n<div class=\"featured-thumbnail\">\n<ul>\n<li><span style=\"color: black;\">Bankaktiebolag<\/span><\/li>\n<li><span style=\"color: black;\">Medlemsbanker<\/span><\/li>\n<li><span style=\"color: black;\">30 olika bankl\u00e5n<\/span><\/li>\n<li><span style=\"color: black;\">L\u00e5n upp till 500.000 kr<\/span><\/li>\n<\/ul>\n<\/div>\n<\/div>\n<p class=\"footer-title\">\n<p>\t\t\t\t\t\t\t\t<center><span class=\"featured-title\"><font color=\"white\">Bankverksamhet<\/font><\/span><\/center><\/p>\n<p><\/a><\/div>\n<div class=\"specialaren40\" style=\"inline-block;padding-left:4%;padding-right:4%;\"><a id=\"footer-thumbnail\" href=\"https:\/\/lanebank.com\/sv\/finansbranschen\/fristaende-sparbanker\"><\/p>\n<div>\n<div class=\"hover\"><span class=\"icon-link\"><\/span><\/div>\n<div class=\"featured-thumbnail\">\n<ul>\n<li><span style=\"color: black;\">Frist\u00e5ende sparbanker<\/span><\/li>\n<li><span style=\"color: black;\">Hela listan<\/span><\/li>\n<li><span style=\"color: black;\">Lokala verksamheter<\/span><\/li>\n<li><span style=\"color: black;\">80-talet banker<\/span><\/li>\n<\/ul>\n<\/div>\n<\/div>\n<p class=\"footer-title\">\n<p>\t\t\t\t\t\t\t\t<center><span class=\"featured-title\"><font color=\"white\">Sparbanker<\/font><\/span><\/center><\/p>\n<p><\/a><\/div>\n<div class=\"specialaren40\" style=\"inline-block;padding-left:4%;padding-right:4%;\"><a id=\"footer-thumbnail\" href=\"https:\/\/lanebank.com\/sv\/skuldsattning\/lana-trots-inkasso-fa-pengar-med-skulder-hos-kronofogden\/inkassobolag\"><\/p>\n<div>\n<div class=\"hover\"><span class=\"icon-link\"><\/span><\/div>\n<div class=\"featured-thumbnail\">\n<ul>\n<li><span style=\"color: black;\">Inkassotj\u00e4nster<\/span><\/li>\n<li><span style=\"color: black;\">Hela listan<\/span><\/li>\n<li><span style=\"color: black;\">Aktiebolag\/firmor<\/span><\/li>\n<li><span style=\"color: black;\">Indrivning av skulder<\/span><\/li>\n<\/ul>\n<\/div>\n<\/div>\n<p class=\"footer-title\">\n<p>\t\t\t\t\t\t\t\t<center><span class=\"featured-title\"><font color=\"white\">Inkassobolagen<\/font><\/span><\/center><\/p>\n<p><\/a><\/div>\n<p>&nbsp;<\/p>\n<div class=\"specialaren40\" style=\"inline-block;padding-left:4%;padding-right:4%;\"><a id=\"footer-thumbnail\" href=\"https:\/\/lanebank.com\/sv\/finansbranschen\/kreditupplysningsforetag\"><\/p>\n<div>\n<div class=\"hover\"><span class=\"icon-link\"><\/span><\/div>\n<div class=\"featured-thumbnail\">\n<ul>\n<li><span style=\"color: black;\">Kreditupplysningsverksamhet<\/span><\/li>\n<li><span style=\"color: black;\">Kreditupplysningstillst\u00e5nd<\/span><\/li>\n<li><span style=\"color: black;\">17 upplysningsbolag<\/span><\/li>\n<li><span style=\"color: black;\">Kontrollerar l\u00e5ntagare<\/span><\/li>\n<\/ul>\n<\/div>\n<\/div>\n<p class=\"footer-title\">\n<p>\t\t\t\t\t\t\t\t<center><span class=\"featured-title\"><font color=\"white\">Kreditupplysning<\/font><\/span><\/center><\/p>\n<p><\/a><\/div>\n<p>&nbsp;<\/p>\n<div class=\"specialaren40\" style=\"inline-block;padding-left:4%;padding-right:4%;\"><a id=\"footer-thumbnail\" href=\"https:\/\/lanebank.com\/sv\/finansbranschen\/insattningsgaranti\"><\/p>\n<div>\n<div class=\"hover\"><span class=\"icon-link\"><\/span><\/div>\n<div class=\"featured-thumbnail\">\n<ul>\n<li><span style=\"color: black;\">40 Bankaktiebolag<\/span><\/li>\n<li><span style=\"color: black;\">36 Kreditmarknadsblg.<\/span><\/li>\n<li><span style=\"color: black;\">2 Medlemsbanker<\/span><\/li>\n<li><span style=\"color: black;\">47 Sparbanker<\/span><\/li>\n<\/ul>\n<\/div>\n<\/div>\n<p class=\"footer-title\">\n<p>\t\t\t\t\t\t\t\t<center><span class=\"featured-title\"><font color=\"white\">Ins\u00e4ttningsgarantin<\/font><\/span><\/center><\/p>\n<p><\/a><\/div>\n<p>&nbsp;<\/p>\n<div style=\"clear:both;\"><\/div>\n<div style=\"clear:both;\"><\/div>\n<h3>En bransch med mycket pengar och stora vinster<\/h3>\n<p>Den svenska finansbranschen oms\u00e4tter enorma belopp. Det r\u00e4cker att titta p\u00e5 bolagsvinsterna f\u00f6r att f\u00f6rst\u00e5 att finansbranschen g\u00e5r p\u00e5 h\u00f6gvarv i Sverige. Hel\u00e5ret 2016 gjorde de fyra svenska storbankerna tillsammans en sammantagen vinst p\u00e5 92 miljarder. Mest vinst gjorde Nordea som gick +41 miljarder kronor, d\u00e4refter f\u00f6ljer Swedbank +20 miljarder kronor, Handelsbanken: +16 miljarder kronor och SEB: +15 miljarder kronor.<\/p>\n<h3>Digitalisering &#8211; medf\u00f6r b\u00e5de m\u00f6jligheter och risker<\/h3>\n<p>IT har blivit en del av v\u00e5r vardag, vilket sj\u00e4lvklart \u00e4ven p\u00e5verkar finansbranschen. Redan i dagsl\u00e4get sker och hanteras fler \u00e4renden och transaktioner p\u00e5 internet ist\u00e4llet f\u00f6r p\u00e5 bankkontoren. Digitaliseringen f\u00f6rv\u00e4ntas forts\u00e4tta och bli allt mer p\u00e5taglig.<\/p>\n<p>Att finansmarknaden till stor del hamnar p\u00e5 internet medf\u00f6r b\u00e5de nya m\u00f6jligheter och risker. M\u00e5nga finansiella tj\u00e4nster som tidigare var mycket tidskr\u00e4vande kan idag sk\u00f6tas mycket enkelt tack vara digitalisering och datorisering, samtidigt blir s\u00e4kerhetsriskerna allt mer komplexa och mycket grov ekonomisk brottslighet \u00e4r redan nu ett stort bekymmer.<\/p>\n<ul>\n<li><a href=\"https:\/\/lanebank.com\/sv\/finansbranschen\/skicka-pengar\">Betalningstj\u00e4nster &#8211; Skicka pengar<\/a><\/li>\n<\/ul>\n","protected":false},"excerpt":{"rendered":"<p>F\u00f6r m\u00e5nga \u00e4r finansbranschen liktydigt med stora penningbelopp och en stressig tillvaro och denna schablonbild \u00e4r inte fel, men s\u00e4ger kanske inte hela sanningen. Finansbranschen handlar inte bara om vinster [&hellip;]<\/p>\n","protected":false},"author":1,"featured_media":1200,"parent":0,"menu_order":0,"comment_status":"closed","ping_status":"closed","template":"page-nosidebar.php","meta":{"footnotes":""},"class_list":["post-1198","page","type-page","status-publish","has-post-thumbnail","hentry","has_thumb"],"wppr_data":{"cwp_meta_box_check":"No","cwp_rev_product_name":"","cwp_rev_price":""},"_links":{"self":[{"href":"https:\/\/lanebank.com\/sv\/wp-json\/wp\/v2\/pages\/1198","targetHints":{"allow":["GET"]}}],"collection":[{"href":"https:\/\/lanebank.com\/sv\/wp-json\/wp\/v2\/pages"}],"about":[{"href":"https:\/\/lanebank.com\/sv\/wp-json\/wp\/v2\/types\/page"}],"author":[{"embeddable":true,"href":"https:\/\/lanebank.com\/sv\/wp-json\/wp\/v2\/users\/1"}],"replies":[{"embeddable":true,"href":"https:\/\/lanebank.com\/sv\/wp-json\/wp\/v2\/comments?post=1198"}],"version-history":[{"count":24,"href":"https:\/\/lanebank.com\/sv\/wp-json\/wp\/v2\/pages\/1198\/revisions"}],"predecessor-version":[{"id":1287,"href":"https:\/\/lanebank.com\/sv\/wp-json\/wp\/v2\/pages\/1198\/revisions\/1287"}],"wp:featuredmedia":[{"embeddable":true,"href":"https:\/\/lanebank.com\/sv\/wp-json\/wp\/v2\/media\/1200"}],"wp:attachment":[{"href":"https:\/\/lanebank.com\/sv\/wp-json\/wp\/v2\/media?parent=1198"}],"curies":[{"name":"wp","href":"https:\/\/api.w.org\/{rel}","templated":true}]}}