{"id":1217,"date":"2017-03-27T16:00:18","date_gmt":"2017-03-27T14:00:18","guid":{"rendered":"https:\/\/lanebank.com\/sv\/?page_id=1217"},"modified":"2017-03-27T16:00:18","modified_gmt":"2017-03-27T14:00:18","slug":"utan-fast-anstallning","status":"publish","type":"page","link":"https:\/\/lanebank.com\/sv\/kreditprovning\/utan-fast-anstallning","title":{"rendered":"Blancol\u00e5n utan fast anst\u00e4llning"},"content":{"rendered":"<p>\u00c4r det verkligen m\u00f6jligt att l\u00e5na utan fast inkomst? Svaret \u00e4r b\u00e5de ja och nej. Ingen l\u00e5ngivare l\u00e5ter dig sluta l\u00e5neavtal utan n\u00e5gon som helst s\u00e4kerhet och m\u00e5nga g\u00e5nger r\u00e4knas din inkomst fr\u00e5n arbete som en del av denna s\u00e4kerhet. Men i vissa fall \u00e4r det faktiskt m\u00f6jligt att ta blancol\u00e5n utan fast anst\u00e4llning, flera faktorer spelar n\u00e4mligen in n\u00e4r kreditbolagen bed\u00f6mer din \u00e5terbetalningsf\u00f6rm\u00e5ga.<\/p>\n<p>I samband med din l\u00e5neans\u00f6kan g\u00f6rs alltid en kreditpr\u00f6vning f\u00f6r att kontrollera din \u00e5terbetalningsf\u00f6rm\u00e5ga. Kreditbed\u00f6mning utg\u00e5r fr\u00e5n dina nuvarande tillg\u00e5ngar och skulder samt tittar p\u00e5 den senaste taxerade inkomsten. Om du tidigare haft en god inkomst och endast varit utan fast anst\u00e4llning en kortare tid, \u00e4r det oftast m\u00f6jligt att l\u00e5na pengar d\u00e5 kreditv\u00e4rderingen utg\u00e5r fr\u00e5n din senast deklarerade inkomst.<\/p>\n<p>Anv\u00e4nd l\u00e5nef\u00f6rmedlaren <a href=\"https:\/\/lanebank.com\/sv\/691-l%C3%A5n-search.php\/zmarta\">Zmarta<\/a> f\u00f6r att ans\u00f6ka om Blancol\u00e5n utan fast inkomst.<\/p>\n<h3>L\u00e5n med l\u00e5ga inkomstkrav<\/h3>\n<p>F\u00f6ljande l\u00e5nebolag har inkomstkrav p\u00e5 60.000 kr\/\u00e5r eller l\u00e4gre:<\/p>\n","protected":false},"excerpt":{"rendered":"<p>\u00c4r det verkligen m\u00f6jligt att l\u00e5na utan fast inkomst? Svaret \u00e4r b\u00e5de ja och nej. Ingen l\u00e5ngivare l\u00e5ter dig sluta l\u00e5neavtal utan n\u00e5gon som helst s\u00e4kerhet och m\u00e5nga g\u00e5nger r\u00e4knas [&hellip;]<\/p>\n","protected":false},"author":1,"featured_media":0,"parent":640,"menu_order":0,"comment_status":"closed","ping_status":"closed","template":"","meta":{"footnotes":""},"class_list":["post-1217","page","type-page","status-publish","hentry"],"wppr_data":{"cwp_meta_box_check":"No","cwp_rev_product_name":"","cwp_rev_price":""},"_links":{"self":[{"href":"https:\/\/lanebank.com\/sv\/wp-json\/wp\/v2\/pages\/1217","targetHints":{"allow":["GET"]}}],"collection":[{"href":"https:\/\/lanebank.com\/sv\/wp-json\/wp\/v2\/pages"}],"about":[{"href":"https:\/\/lanebank.com\/sv\/wp-json\/wp\/v2\/types\/page"}],"author":[{"embeddable":true,"href":"https:\/\/lanebank.com\/sv\/wp-json\/wp\/v2\/users\/1"}],"replies":[{"embeddable":true,"href":"https:\/\/lanebank.com\/sv\/wp-json\/wp\/v2\/comments?post=1217"}],"version-history":[{"count":1,"href":"https:\/\/lanebank.com\/sv\/wp-json\/wp\/v2\/pages\/1217\/revisions"}],"predecessor-version":[{"id":1218,"href":"https:\/\/lanebank.com\/sv\/wp-json\/wp\/v2\/pages\/1217\/revisions\/1218"}],"up":[{"embeddable":true,"href":"https:\/\/lanebank.com\/sv\/wp-json\/wp\/v2\/pages\/640"}],"wp:attachment":[{"href":"https:\/\/lanebank.com\/sv\/wp-json\/wp\/v2\/media?parent=1217"}],"curies":[{"name":"wp","href":"https:\/\/api.w.org\/{rel}","templated":true}]}}