{"id":1233,"date":"2017-05-10T08:00:17","date_gmt":"2017-05-10T06:00:17","guid":{"rendered":"https:\/\/lanebank.com\/sv\/?page_id=1233"},"modified":"2017-05-10T08:33:40","modified_gmt":"2017-05-10T06:33:40","slug":"skicka-pengar","status":"publish","type":"page","link":"https:\/\/lanebank.com\/sv\/finansbranschen\/skicka-pengar","title":{"rendered":"Skicka pengar med betalningstj\u00e4nster"},"content":{"rendered":"<p>Ett flertal tillf\u00e4llen och situationer kr\u00e4ver s\u00e4kra \u00f6verf\u00f6ringar av pengar. Idag \u00e4r det l\u00e4ttare \u00e4n n\u00e5gonsin tidigare att utf\u00f6ra dessa transaktioner p\u00e5 n\u00e4tet. Att skicka pengar skedde\u00a0tidigare huvudsakligen genom banken, givetvis \u00e4r detta fortfarande en m\u00f6jlighet, men numera finns det flera olika s\u00e4tt att s\u00e4nda pengar till konton inom Sverige och till andra l\u00e4nder. H\u00e4r\u00a0hittar du information om olika\u00a0betalningstj\u00e4nster p\u00e5 n\u00e4tet:<\/p>\n<header>\n<div class=\"multi excerpt\">\n\t\t\t\t\t\t\t\t<a href=\"https:\/\/lanebank.com\/sv\/finansbranschen\/skicka-pengar\/swish\" title=\"Swisha pengar\" id=\"first-thumbnail\"><\/p>\n<p>\t\t\t\t\t\t\t\t\t<img loading=\"lazy\" decoding=\"async\" width=\"300\" height=\"200\" src=\"https:\/\/lanebank.com\/sv\/wp-content\/uploads\/2017\/05\/001_swish.jpg\" class=\"attachment-mediumthumb size-mediumthumb wp-post-image\" alt=\"\" title=\"\" \/>\t\t\t\t\t\t\t\t\t\t\t\t\t\t\t\t\t\t<\/p>\n<p class=\"featured-excerpt\">\n\t\t\t\t\t\t\t\t\t\t<span class=\"featured-title\">Swish<\/span><br \/>\n\t\t\t\t\t\t\t\t\t\t<span class=\"f-excerpt\">Skicka och ta emot pengar smidigt och enkelt p\u00e5 bankkontot med din mobil.<\/span>\n\t\t\t\t\t\t\t\t\t<\/p>\n<p>\t\t\t\t\t\t\t\t<\/a>\n\t\t\t\t\t\t\t\t\t<\/div>\n<\/header>\n<p><!--.header--><\/p>\n","protected":false},"excerpt":{"rendered":"<p>Ett flertal tillf\u00e4llen och situationer kr\u00e4ver s\u00e4kra \u00f6verf\u00f6ringar av pengar. Idag \u00e4r det l\u00e4ttare \u00e4n n\u00e5gonsin tidigare att utf\u00f6ra dessa transaktioner p\u00e5 n\u00e4tet. Att skicka pengar skedde\u00a0tidigare huvudsakligen genom banken, [&hellip;]<\/p>\n","protected":false},"author":1,"featured_media":0,"parent":1198,"menu_order":0,"comment_status":"closed","ping_status":"closed","template":"","meta":{"footnotes":""},"class_list":["post-1233","page","type-page","status-publish","hentry"],"wppr_data":{"cwp_meta_box_check":"No","cwp_rev_product_name":"","cwp_rev_price":""},"_links":{"self":[{"href":"https:\/\/lanebank.com\/sv\/wp-json\/wp\/v2\/pages\/1233","targetHints":{"allow":["GET"]}}],"collection":[{"href":"https:\/\/lanebank.com\/sv\/wp-json\/wp\/v2\/pages"}],"about":[{"href":"https:\/\/lanebank.com\/sv\/wp-json\/wp\/v2\/types\/page"}],"author":[{"embeddable":true,"href":"https:\/\/lanebank.com\/sv\/wp-json\/wp\/v2\/users\/1"}],"replies":[{"embeddable":true,"href":"https:\/\/lanebank.com\/sv\/wp-json\/wp\/v2\/comments?post=1233"}],"version-history":[{"count":4,"href":"https:\/\/lanebank.com\/sv\/wp-json\/wp\/v2\/pages\/1233\/revisions"}],"predecessor-version":[{"id":1250,"href":"https:\/\/lanebank.com\/sv\/wp-json\/wp\/v2\/pages\/1233\/revisions\/1250"}],"up":[{"embeddable":true,"href":"https:\/\/lanebank.com\/sv\/wp-json\/wp\/v2\/pages\/1198"}],"wp:attachment":[{"href":"https:\/\/lanebank.com\/sv\/wp-json\/wp\/v2\/media?parent=1233"}],"curies":[{"name":"wp","href":"https:\/\/api.w.org\/{rel}","templated":true}]}}