{"id":1246,"date":"2017-05-10T08:25:59","date_gmt":"2017-05-10T06:25:59","guid":{"rendered":"https:\/\/lanebank.com\/sv\/?page_id=1246"},"modified":"2017-05-10T08:33:10","modified_gmt":"2017-05-10T06:33:10","slug":"swish","status":"publish","type":"page","link":"https:\/\/lanebank.com\/sv\/finansbranschen\/skicka-pengar\/swish","title":{"rendered":"Swisha pengar"},"content":{"rendered":"<p>I det moderna samh\u00e4llet har mynt och sedlar i h\u00f6g grad ersatts av kortbetalningar. Samtidigt har betalkorten vissa begr\u00e4nsningar som g\u00f6r dessa opraktiska exempelvis vid transaktioner mellan privatpersoner. Swish \u00e4r ett s\u00e4kert betalningsalternativ i mobilen, som g\u00f6r det m\u00f6jligt att skicka i f\u00f6rsta hand mindre summor pengar till andra anv\u00e4ndare. Tj\u00e4nsten har idag \u00f6ver 5 000 000 anv\u00e4ndare och \u00e4r tillg\u00e4nglig f\u00f6r s\u00e5v\u00e4l privatpersoner som f\u00f6retag.<\/p>\n<h3>Kom ig\u00e5ng och b\u00f6rja Swisha<\/h3>\n<p>F\u00f6r att kunna Swisha till andra eller ta emot pengar genom tj\u00e4nsten, beh\u00f6ver du eller ditt f\u00f6retag vara kund hos en bank som \u00e4r ansluten till Swish.<\/p>\n<p><strong>F\u00f6ljande banker har Swish:<\/strong><\/p>\n<p><a href=\"https:\/\/lanebank.com\/sv\/68-l%C3%A5n-search.php\/danske-bank\">Danske Bank<\/a>, <a href=\"https:\/\/lanebank.com\/sv\/26-l%C3%A5n-search.php\/handelsbanken\">Handelsbanken<\/a>, <a href=\"https:\/\/lanebank.com\/sv\/71-l%C3%A5n-search.php\/lansforsakringar\">L\u00e4nsf\u00f6rs\u00e4kringar<\/a>, <a href=\"https:\/\/lanebank.com\/sv\/158-l%C3%A5n-search.php\/nordea\">Nordea<\/a>, <a href=\"https:\/\/lanebank.com\/sv\/20-l%C3%A5n-search.php\/seb\">SEB<\/a>, <a href=\"https:\/\/lanebank.com\/sv\/309-l%C3%A5n-search.php\/skandiabanken\">Skandia<\/a>, <a href=\"https:\/\/lanebank.com\/sv\/64-l%C3%A5n-search.php\/ica-banken\">Ica Banken<\/a>, Sparbanken Syd, Sparbanken \u00d6resund, <a href=\"https:\/\/lanebank.com\/sv\/23-l%C3%A5n-search.php\/swedbank\">Swedbank<\/a> och <a href=\"https:\/\/lanebank.com\/sv\/finansbranschen\/fristaende-sparbanker\">Sparbankerna<\/a>.<\/p>\n<p>N\u00e4r du laddat ner och installerat Swish appen i din mobil beh\u00f6ver tj\u00e4nsten aktiveras, genom att koppla ihop ditt mobilnummer och bankkonto, detta g\u00f6r du via din internetbank. F\u00f6r att bekr\u00e4fta din identitet kr\u00e4vs direkttillg\u00e5ng till mobiltelefon, BankID samt eventuellt \u00e4ven bankdosa beroende p\u00e5 vilken bank du \u00e4r kund hos.<\/p>\n<h3>S\u00e4kerhet<\/h3>\n<p>D\u00e5 Swish \u00e4r en programvara som \u00e4gs och utvecklas av bankerna sj\u00e4lva, st\u00e5r s\u00e4kerhetst\u00e4nket alltid i fokus. Ett nytt konto kan enbart skapas genom internetbanken och d\u00e4refter anv\u00e4nds din telefon i kombination med BankID f\u00f6r att bekr\u00e4fta anv\u00e4ndarens identitet. BankID som e-legitimation har visat sig vara en stabil och mycket s\u00e4ker teknik, dock \u00e4r det alltid ditt ansvar som anv\u00e4ndare att se till s\u00e5 att enheter med BankID samt ID-koden f\u00f6rvars p\u00e5 ett s\u00e4kert vis.<\/p>\n<h5>Om Getswish AB &#8211; Bolaget bakom Swish<\/h5>\n<p>Bakom Getswish AB \u00e5terfinns storbankerna Danske Bank, Handelsbanken, L\u00e4nsf\u00f6rs\u00e4kringar, Nordea, SEB samt Swedbank och Sparbankerna.<\/p>\n","protected":false},"excerpt":{"rendered":"<p>I det moderna samh\u00e4llet har mynt och sedlar i h\u00f6g grad ersatts av kortbetalningar. Samtidigt har betalkorten vissa begr\u00e4nsningar som g\u00f6r dessa opraktiska exempelvis vid transaktioner mellan privatpersoner. Swish \u00e4r [&hellip;]<\/p>\n","protected":false},"author":1,"featured_media":1248,"parent":1233,"menu_order":0,"comment_status":"closed","ping_status":"closed","template":"","meta":{"footnotes":""},"class_list":["post-1246","page","type-page","status-publish","has-post-thumbnail","hentry","has_thumb"],"wppr_data":{"cwp_meta_box_check":"No","cwp_rev_product_name":"","cwp_rev_price":""},"_links":{"self":[{"href":"https:\/\/lanebank.com\/sv\/wp-json\/wp\/v2\/pages\/1246","targetHints":{"allow":["GET"]}}],"collection":[{"href":"https:\/\/lanebank.com\/sv\/wp-json\/wp\/v2\/pages"}],"about":[{"href":"https:\/\/lanebank.com\/sv\/wp-json\/wp\/v2\/types\/page"}],"author":[{"embeddable":true,"href":"https:\/\/lanebank.com\/sv\/wp-json\/wp\/v2\/users\/1"}],"replies":[{"embeddable":true,"href":"https:\/\/lanebank.com\/sv\/wp-json\/wp\/v2\/comments?post=1246"}],"version-history":[{"count":2,"href":"https:\/\/lanebank.com\/sv\/wp-json\/wp\/v2\/pages\/1246\/revisions"}],"predecessor-version":[{"id":1249,"href":"https:\/\/lanebank.com\/sv\/wp-json\/wp\/v2\/pages\/1246\/revisions\/1249"}],"up":[{"embeddable":true,"href":"https:\/\/lanebank.com\/sv\/wp-json\/wp\/v2\/pages\/1233"}],"wp:featuredmedia":[{"embeddable":true,"href":"https:\/\/lanebank.com\/sv\/wp-json\/wp\/v2\/media\/1248"}],"wp:attachment":[{"href":"https:\/\/lanebank.com\/sv\/wp-json\/wp\/v2\/media?parent=1246"}],"curies":[{"name":"wp","href":"https:\/\/api.w.org\/{rel}","templated":true}]}}