{"id":1251,"date":"2017-05-10T08:57:44","date_gmt":"2017-05-10T06:57:44","guid":{"rendered":"https:\/\/lanebank.com\/sv\/?page_id=1251"},"modified":"2017-05-10T10:09:50","modified_gmt":"2017-05-10T08:09:50","slug":"kreditupplysningsforetag","status":"publish","type":"page","link":"https:\/\/lanebank.com\/sv\/finansbranschen\/kreditupplysningsforetag","title":{"rendered":"Vilka kreditupplysningsf\u00f6retag finns det?"},"content":{"rendered":"<p>Tusentals kreditupplysningar g\u00f6rs dagligen p\u00e5 privatpersoner och f\u00f6retag, f\u00f6r att kontrollera betalningsf\u00f6rm\u00e5gan vid avtalsk\u00f6p, tecknande av abonnemang och olika finansiella tj\u00e4nster. \u00a0F\u00f6r att bedriva kreditupplysningsverksamhet kr\u00e4vs i regel ett kreditupplysningstillst\u00e5nd. Vill du veta vilka kreditupplysningsf\u00f6retag som har Datainspektionens godk\u00e4nnande att bedriva sin verksamhet i Sverige hittar du en lista nedan.<\/p>\n<table>\n<tbody>\n<tr>\n<th><span style=\"color: #ffffff;\">Kreditupplysning<\/span><\/th>\n<th><span style=\"color: #ffffff;\">Ort<\/span><\/th>\n<th><span style=\"color: #ffffff;\">Org<\/span><\/th>\n<\/tr>\n<tr>\n<td>Bisnode Dun &amp; Bradstreet Sverige AB<\/td>\n<td>Solna<\/td>\n<td>556022-4692<\/td>\n<\/tr>\n<tr>\n<td><img decoding=\"async\" src=\"https:\/\/lanebank.com\/sv\/wp-content\/uploads\/2017\/03\/bisnode.png\" alt=\"Bisnode logo\" width=\"33%\" \/><br \/>\n<a href=\"https:\/\/lanebank.com\/sv\/kreditupplysning\/bisnode-kredit-ab\">Bisnode Kredit AB<\/a><\/td>\n<td>Solna<\/td>\n<td>556485-5582<\/td>\n<\/tr>\n<tr>\n<td>\n<img decoding=\"async\" src=\"https:\/\/lanebank.com\/sv\/wp-content\/uploads\/2017\/03\/creditsafe.png\" alt=\"Creditsafe Logo\" width=\"33%\" \/><\/p>\n<p><a href=\"https:\/\/lanebank.com\/sv\/kreditupplysning\/creditsafe\">CreditSafe i Sverige AB<\/a><\/td>\n<td>G\u00f6teborg<\/td>\n<td>556514-4408<\/td>\n<\/tr>\n<tr>\n<td>Decidas Info AB<\/td>\n<td>G\u00f6teborg<\/td>\n<td>556721-3714<\/td>\n<\/tr>\n<tr>\n<td>Sergel Kredittj\u00e4nster AB<\/td>\n<td>Stockholm<\/td>\n<td>556264-8310<\/td>\n<\/tr>\n<tr>\n<td>Syna AB<\/td>\n<td>Malm\u00f6<\/td>\n<td>556049-7314<\/td>\n<\/tr>\n<tr>\n<td>\n<img decoding=\"async\" src=\"https:\/\/lanebank.com\/sv\/wp-content\/uploads\/2017\/01\/uc-logo.jpg\" alt=\"UC logo\" width=\"33%\" \/><br \/>\n<a href=\"https:\/\/lanebank.com\/sv\/forsakringsbolag\/uc\">UC AB<\/a><\/td>\n<td>Stockholm<\/td>\n<td>556137-5113<\/td>\n<\/tr>\n<tr>\n<td>Atradius filial Sverige<\/td>\n<td>Stockholm<\/td>\n<td>516402-6113<\/td>\n<\/tr>\n<tr>\n<td>Biluthyrarna Sverige<\/td>\n<td>Stockholm<\/td>\n<td>802015-0333<\/td>\n<\/tr>\n<tr>\n<td>Colligent Inkasso AB<\/td>\n<td>G\u00f6teborg<\/td>\n<td>556527-5418<\/td>\n<\/tr>\n<tr>\n<td>DoubleCheck AB<\/td>\n<td>Danderyd<\/td>\n<td>556753-4978<\/td>\n<\/tr>\n<tr>\n<td>Euler Hermes Sverige filial<\/td>\n<td>Stockholm<\/td>\n<td>516407-6233<\/td>\n<\/tr>\n<tr>\n<td>Krafman AB<\/td>\n<td>Domsten<\/td>\n<td>556274-9894<\/td>\n<\/tr>\n<tr>\n<td>PayEx Finance AB<\/td>\n<td>Visby<\/td>\n<td>556174-3914<\/td>\n<\/tr>\n<tr>\n<td>Safenode AB<\/td>\n<td>Stockholm<\/td>\n<td>556623-9355<\/td>\n<\/tr>\n<tr>\n<td>Trejo information AB<\/td>\n<td>Stockholm<\/td>\n<td>556777-0705<\/td>\n<\/tr>\n<tr>\n<td>Yellow-Belly Decision Systems AB<\/td>\n<td>Stockholm<\/td>\n<td>556912-4885<\/td>\n<\/tr>\n<\/tbody>\n<\/table>\n","protected":false},"excerpt":{"rendered":"<p>Tusentals kreditupplysningar g\u00f6rs dagligen p\u00e5 privatpersoner och f\u00f6retag, f\u00f6r att kontrollera betalningsf\u00f6rm\u00e5gan vid avtalsk\u00f6p, tecknande av abonnemang och olika finansiella tj\u00e4nster. \u00a0F\u00f6r att bedriva kreditupplysningsverksamhet kr\u00e4vs i regel ett kreditupplysningstillst\u00e5nd. [&hellip;]<\/p>\n","protected":false},"author":1,"featured_media":0,"parent":1198,"menu_order":0,"comment_status":"closed","ping_status":"closed","template":"","meta":{"footnotes":""},"class_list":["post-1251","page","type-page","status-publish","hentry"],"wppr_data":{"cwp_meta_box_check":"No","cwp_rev_product_name":"","cwp_rev_price":""},"_links":{"self":[{"href":"https:\/\/lanebank.com\/sv\/wp-json\/wp\/v2\/pages\/1251","targetHints":{"allow":["GET"]}}],"collection":[{"href":"https:\/\/lanebank.com\/sv\/wp-json\/wp\/v2\/pages"}],"about":[{"href":"https:\/\/lanebank.com\/sv\/wp-json\/wp\/v2\/types\/page"}],"author":[{"embeddable":true,"href":"https:\/\/lanebank.com\/sv\/wp-json\/wp\/v2\/users\/1"}],"replies":[{"embeddable":true,"href":"https:\/\/lanebank.com\/sv\/wp-json\/wp\/v2\/comments?post=1251"}],"version-history":[{"count":8,"href":"https:\/\/lanebank.com\/sv\/wp-json\/wp\/v2\/pages\/1251\/revisions"}],"predecessor-version":[{"id":1265,"href":"https:\/\/lanebank.com\/sv\/wp-json\/wp\/v2\/pages\/1251\/revisions\/1265"}],"up":[{"embeddable":true,"href":"https:\/\/lanebank.com\/sv\/wp-json\/wp\/v2\/pages\/1198"}],"wp:attachment":[{"href":"https:\/\/lanebank.com\/sv\/wp-json\/wp\/v2\/media?parent=1251"}],"curies":[{"name":"wp","href":"https:\/\/api.w.org\/{rel}","templated":true}]}}