{"id":1267,"date":"2017-05-11T16:43:27","date_gmt":"2017-05-11T14:43:27","guid":{"rendered":"https:\/\/lanebank.com\/sv\/?page_id=1267"},"modified":"2018-07-11T19:19:00","modified_gmt":"2018-07-11T17:19:00","slug":"kontokredit","status":"publish","type":"page","link":"https:\/\/lanebank.com\/sv\/kontokredit","title":{"rendered":"Kontokredit"},"content":{"rendered":"<p>Ist\u00e4llet f\u00f6r att teckna flera <a href=\"https:\/\/lanebank.com\/sv\/info\/smalan\">sm\u00e5l\u00e5n<\/a>, kan du skaffa ett digitalt kreditkort med valbar kontokredit som kopplas direkt till din mobil. Ibland r\u00e4cker inte pengarna helt enkelt inte till, kreditl\u00e5n ger dig ett flexibelt ett kreditutrymme s\u00e5 att du \u00e4r f\u00f6rberedd p\u00e5 det v\u00e4rsta och slipper s\u00f6ka l\u00e5n i panik. F\u00f6rdelen med detta uppl\u00e4gg \u00e4r att du enbart betalar f\u00f6r den kredit du utnyttjar, vilket inneb\u00e4r att du kan ans\u00f6ka om digital kreditkort utan kostnad och sedan endast betala f\u00f6r den tid du belastar din kontokredit.<\/p>\n<p>Det beh\u00f6vs inte n\u00e5got platskort ist\u00e4llet \u00e4r kreditkortet helt digitaliserat med en flexibel kredit i mobilen. Uttag\/\u00f6verf\u00f6ringar kan g\u00f6ras under st\u00f6rre delen av dagen och sker till ditt bankkonto. I regel har du pengar p\u00e5 kontot redan inom ett par sekunder, hur snabbt det g\u00e5r beror delvis p\u00e5 vilken bank du \u00e4r kund hos.<\/p>\n","protected":false},"excerpt":{"rendered":"<p>Ist\u00e4llet f\u00f6r att teckna flera sm\u00e5l\u00e5n, kan du skaffa ett digitalt kreditkort med valbar kontokredit som kopplas direkt till din mobil. Ibland r\u00e4cker inte pengarna helt enkelt inte till, kreditl\u00e5n [&hellip;]<\/p>\n","protected":false},"author":1,"featured_media":1291,"parent":0,"menu_order":0,"comment_status":"closed","ping_status":"closed","template":"","meta":{"footnotes":""},"class_list":["post-1267","page","type-page","status-publish","has-post-thumbnail","hentry","has_thumb"],"wppr_data":{"cwp_meta_box_check":"No","cwp_rev_product_name":"","cwp_rev_price":""},"_links":{"self":[{"href":"https:\/\/lanebank.com\/sv\/wp-json\/wp\/v2\/pages\/1267","targetHints":{"allow":["GET"]}}],"collection":[{"href":"https:\/\/lanebank.com\/sv\/wp-json\/wp\/v2\/pages"}],"about":[{"href":"https:\/\/lanebank.com\/sv\/wp-json\/wp\/v2\/types\/page"}],"author":[{"embeddable":true,"href":"https:\/\/lanebank.com\/sv\/wp-json\/wp\/v2\/users\/1"}],"replies":[{"embeddable":true,"href":"https:\/\/lanebank.com\/sv\/wp-json\/wp\/v2\/comments?post=1267"}],"version-history":[{"count":6,"href":"https:\/\/lanebank.com\/sv\/wp-json\/wp\/v2\/pages\/1267\/revisions"}],"predecessor-version":[{"id":1510,"href":"https:\/\/lanebank.com\/sv\/wp-json\/wp\/v2\/pages\/1267\/revisions\/1510"}],"wp:featuredmedia":[{"embeddable":true,"href":"https:\/\/lanebank.com\/sv\/wp-json\/wp\/v2\/media\/1291"}],"wp:attachment":[{"href":"https:\/\/lanebank.com\/sv\/wp-json\/wp\/v2\/media?parent=1267"}],"curies":[{"name":"wp","href":"https:\/\/api.w.org\/{rel}","templated":true}]}}