{"id":1301,"date":"2016-05-29T17:24:21","date_gmt":"2016-05-29T15:24:21","guid":{"rendered":"https:\/\/lanebank.com\/sv\/?page_id=1301"},"modified":"2020-11-29T22:51:08","modified_gmt":"2020-11-29T21:51:08","slug":"ferratum-mastercard","status":"publish","type":"page","link":"https:\/\/lanebank.com\/sv\/ferratum-mastercard","title":{"rendered":"Ferratum Mastercard"},"content":{"rendered":"<p>F\u00e5 ett kostnadsfritt Mastercard bankkort fr\u00e5n Ferratum Bank. Kan anv\u00e4ndas f\u00f6r att g\u00f6ra uttag i hela Europa. M\u00f6jlighet finns \u00e4ven att skaffa en kontokredit p\u00e5 upp till 20.000 genom Ferratum som kan anv\u00e4ndas vid behov. <a href=\"https:\/\/lanebank.com\/sv\/till\/ferratum-bankkonto\" target=\"_blank\" rel=\"nofollow noopener noreferrer\">\u00d6ppna ett bankkonto hos Ferratum Bank<\/a> nu.<\/p>\n<p><a href=\"https:\/\/track.adtraction.com\/t\/t?a=679911485&amp;as=1556304941&amp;t=2&amp;tk=1\">Ans\u00f6k om Ferratum Mastercard<\/a><\/p>\n","protected":false},"excerpt":{"rendered":"<p>F\u00e5 ett kostnadsfritt Mastercard bankkort fr\u00e5n Ferratum Bank. Kan anv\u00e4ndas f\u00f6r att g\u00f6ra uttag i hela Europa. M\u00f6jlighet finns \u00e4ven att skaffa en kontokredit p\u00e5 upp till 20.000 genom Ferratum [&hellip;]<\/p>\n","protected":false},"author":1,"featured_media":1302,"parent":0,"menu_order":0,"comment_status":"closed","ping_status":"closed","template":"","meta":{"footnotes":""},"class_list":["post-1301","page","type-page","status-publish","has-post-thumbnail","hentry","has_thumb"],"wppr_data":{"cwp_meta_box_check":"No","cwp_rev_product_name":"","cwp_rev_price":""},"_links":{"self":[{"href":"https:\/\/lanebank.com\/sv\/wp-json\/wp\/v2\/pages\/1301","targetHints":{"allow":["GET"]}}],"collection":[{"href":"https:\/\/lanebank.com\/sv\/wp-json\/wp\/v2\/pages"}],"about":[{"href":"https:\/\/lanebank.com\/sv\/wp-json\/wp\/v2\/types\/page"}],"author":[{"embeddable":true,"href":"https:\/\/lanebank.com\/sv\/wp-json\/wp\/v2\/users\/1"}],"replies":[{"embeddable":true,"href":"https:\/\/lanebank.com\/sv\/wp-json\/wp\/v2\/comments?post=1301"}],"version-history":[{"count":7,"href":"https:\/\/lanebank.com\/sv\/wp-json\/wp\/v2\/pages\/1301\/revisions"}],"predecessor-version":[{"id":1800,"href":"https:\/\/lanebank.com\/sv\/wp-json\/wp\/v2\/pages\/1301\/revisions\/1800"}],"wp:featuredmedia":[{"embeddable":true,"href":"https:\/\/lanebank.com\/sv\/wp-json\/wp\/v2\/media\/1302"}],"wp:attachment":[{"href":"https:\/\/lanebank.com\/sv\/wp-json\/wp\/v2\/media?parent=1301"}],"curies":[{"name":"wp","href":"https:\/\/api.w.org\/{rel}","templated":true}]}}