{"id":1413,"date":"2017-08-13T10:50:53","date_gmt":"2017-08-13T08:50:53","guid":{"rendered":"https:\/\/lanebank.com\/sv\/?page_id=1413"},"modified":"2017-08-13T10:50:53","modified_gmt":"2017-08-13T08:50:53","slug":"sekki","status":"publish","type":"page","link":"https:\/\/lanebank.com\/sv\/ekonomiska-begrepp\/sekki","title":{"rendered":"SEKKI"},"content":{"rendered":"<p>SEKKI &#8211; Standardiserad Europeisk konsumentkreditinformation p\u00e5 engelska &#8220;standardised european consumer credit information&#8221; \u00e4r ett standardiserat system f\u00f6r r\u00e4ttvis j\u00e4mf\u00f6relse av krediter. Den f\u00f6rsta december 2010 gjordes ett till\u00e4gg till EU:s konsumentskyddslag som st\u00e4ller krav p\u00e5 kreditgivare att tillg\u00e4ngligg\u00f6ra och erbjuda kunder den viktigaste nyckelinformation s\u00e5 att de kan l\u00e4sa igenom villkoren innan de ing\u00e5r ett kreditavtal.<\/p>\n<h3>SEKKI-blankett<\/h3>\n<p>D\u00e5 SEKKI \u00e4r ett standardiserat system finns det en specifik mall f\u00f6r hur informationen skall presenteras f\u00f6r kunden.<\/p>\n<p>Nedan finner du SEKKI-mallen alternativt kan du <a href=\"http:\/\/www.konsumentverket.se\/contentassets\/05ca6869b0dc4dde906faadf98066488\/standardiserad-europeisk-konsumentkreditinformation-konsumentverket.rtf\">ladda ned blanketten som ett dokument<\/a>.<\/p>\n<table>\n<tbody>\n<tr>\n<td width=\"36\">1.<\/td>\n<td colspan=\"2\" width=\"508\"><strong>Kreditgivarens\/kreditf\u00f6rmedlarens namn och kontaktuppgifter<\/strong><\/td>\n<\/tr>\n<tr>\n<td rowspan=\"4\" width=\"36\"><\/td>\n<td width=\"254\">Kreditgivare<\/p>\n<p>Adress<\/p>\n<p>Telefon (*)<\/p>\n<p>E-post (*)<\/p>\n<p>Fax (*)<\/p>\n<p>Webbadress (*)<\/td>\n<td width=\"254\">[Identitet]<\/p>\n<p>[Adress anv\u00e4nd f\u00f6r kontakter med konsumenten]<\/p>\n<p>&nbsp;<\/p>\n<p>&nbsp;<\/p>\n<p>&nbsp;<\/td>\n<\/tr>\n<tr>\n<td width=\"254\">I till\u00e4mpliga fall:<\/p>\n<p>Kreditf\u00f6rmedlare<\/p>\n<p>Adress<\/p>\n<p>Telefon (*)<\/p>\n<p>E-post (*)<\/p>\n<p>Fax (*)<\/p>\n<p>Webbadress (*)<\/td>\n<td width=\"254\">&nbsp;<\/p>\n<p>[Identitet]<\/p>\n<p>[Adress anv\u00e4nd f\u00f6r kontakter med konsumenten]<\/p>\n<p>&nbsp;<\/td>\n<\/tr>\n<tr>\n<td colspan=\"2\" width=\"508\">(*) Denna information \u00e4r frivillig f\u00f6r kreditgivaren.<\/td>\n<\/tr>\n<tr>\n<td colspan=\"2\" width=\"508\">&nbsp;<\/p>\n<p>D\u00e4r \u201di till\u00e4mpliga fall\u201d anges ska kreditgivaren fylla i f\u00e4ltet om informationen \u00e4r relevant f\u00f6r kreditprodukten eller stryka denna information eller hela raden om informationen inte \u00e4r relevant f\u00f6r den typ av kredit som avses.<\/p>\n<p>&nbsp;<\/p>\n<p>Texten inom hakparentes utg\u00f6r f\u00f6rklarande information f\u00f6r kreditgivaren och ska ers\u00e4ttas med motsvarande uppgifter.<\/td>\n<\/tr>\n<\/tbody>\n<\/table>\n<p>&nbsp;<\/p>\n<table>\n<tbody>\n<tr>\n<td width=\"36\">2.<\/td>\n<td colspan=\"2\" width=\"508\"><strong>Beskrivning av huvuddragen i kreditprodukten<\/strong><\/td>\n<\/tr>\n<tr>\n<td width=\"36\"><\/td>\n<td width=\"254\">Typ av kredit<\/td>\n<td width=\"254\">&nbsp;<\/td>\n<\/tr>\n<tr>\n<td width=\"36\"><\/td>\n<td width=\"254\">Det sammanlagda kreditbeloppet<\/p>\n<p><em>Detta \u00e4r den \u00f6vre kreditgr\u00e4ns eller det totala belopp som st\u00e4lls till f\u00f6rfogande genom kreditavtalet.<\/em><\/td>\n<td width=\"254\">&nbsp;<\/td>\n<\/tr>\n<tr>\n<td width=\"36\"><\/td>\n<td width=\"254\">Villkoren f\u00f6r kreditutnyttjandet<\/p>\n<p><em>H\u00e4r anges n\u00e4r och hur pengarna kan lyftas.<\/em><\/td>\n<td width=\"254\">&nbsp;<\/td>\n<\/tr>\n<tr>\n<td width=\"36\"><\/td>\n<td width=\"254\">Kreditavtalets l\u00f6ptid<\/td>\n<td width=\"254\">&nbsp;<\/td>\n<\/tr>\n<tr>\n<td width=\"36\"><\/td>\n<td width=\"254\">Avbetalningar och, i f\u00f6rekommande fall, i vilken ordning dessa ska f\u00f6rdelas<\/td>\n<td width=\"254\">Du m\u00e5ste betala f\u00f6ljande:<\/p>\n<p>[Belopp, antal och periodicitet f\u00f6r konsumentens inbetalningar]<\/p>\n<p>R\u00e4nta och\/eller avgifter ska betalas p\u00e5 f\u00f6ljande s\u00e4tt:<\/td>\n<\/tr>\n<tr>\n<td width=\"36\"><\/td>\n<td width=\"254\">Det totala belopp som du ska betala<\/p>\n<p><em>Detta \u00e4r det l\u00e5nade kapitalet plus r\u00e4nta och eventuella kostnader i samband med krediten. <\/em><\/td>\n<td width=\"254\">[Summan av det samlade kreditbeloppet och den samlade kreditkostnaden]<\/td>\n<\/tr>\n<tr>\n<td width=\"36\"><\/td>\n<td width=\"254\">I till\u00e4mpliga fall:<\/p>\n<p>Krediten beviljas i form av betalningsanst\u00e5nd f\u00f6r en vara eller en tj\u00e4nst eller \u00e4r kopplad till leveranser av specifika varor eller tillhandah\u00e5llande av en tj\u00e4nst<\/p>\n<p>Varans\/tj\u00e4nstens namn<\/p>\n<p>Kontantpris<\/td>\n<td width=\"254\">&nbsp;<\/p>\n<p>&nbsp;<\/p>\n<p>&nbsp;<\/p>\n<p>Ej till\u00e4mpbart<\/p>\n<p>Ej till\u00e4mpbart<\/td>\n<\/tr>\n<tr>\n<td width=\"36\"><\/td>\n<td width=\"254\">I till\u00e4mpliga fall:<\/p>\n<p>Beg\u00e4rda s\u00e4kerheter<\/p>\n<p><em>Detta \u00e4r en beskrivning av den s\u00e4kerhet som ska st\u00e4llas i samband med kreditavtalet. <\/em><\/td>\n<td width=\"254\">&nbsp;<\/p>\n<p>Ej till\u00e4mpbart \/ [Typ av s\u00e4kerhet]<\/td>\n<\/tr>\n<tr>\n<td width=\"36\"><\/td>\n<td width=\"254\">I till\u00e4mpliga fall:<\/p>\n<p><em>Avbetalningarna medf\u00f6r inte omedelbar amortering av kapitalet<\/em>.<\/td>\n<td width=\"254\">&nbsp;<\/p>\n<p>Ej till\u00e4mpbart<\/td>\n<\/tr>\n<\/tbody>\n<\/table>\n<p>&nbsp;<\/p>\n<table>\n<tbody>\n<tr>\n<td width=\"36\">3.<\/td>\n<td colspan=\"2\" width=\"508\"><strong>Kreditkostnader<\/strong><\/td>\n<\/tr>\n<tr>\n<td width=\"36\"><\/td>\n<td width=\"254\">Kreditr\u00e4nta eller i till\u00e4mpliga fall de olika kreditr\u00e4ntor som g\u00e4ller f\u00f6r kreditavtalet<\/td>\n<td width=\"254\">&#8211;\u00a0\u00a0\u00a0\u00a0 [% Fast<\/p>\n<p>&#8211;\u00a0\u00a0\u00a0\u00a0 % R\u00f6rlig (med referensindex eller referensr\u00e4nta som g\u00e4ller den ursprungliga kreditr\u00e4ntan)<\/p>\n<p>&#8211;\u00a0\u00a0\u00a0\u00a0 Perioder]<\/td>\n<\/tr>\n<tr>\n<td width=\"36\"><\/td>\n<td width=\"254\">Effektiv r\u00e4nta<\/p>\n<p><em>Detta \u00e4r totalkostnaden uttryckt som den effektiva r\u00e4ntan av det samlade kreditbeloppet. <\/em><\/p>\n<p><em>Den effektiva r\u00e4ntan anges f\u00f6r att hj\u00e4lpa dig att j\u00e4mf\u00f6ra olika erbjudanden.<\/em><\/td>\n<td width=\"254\">[% Ett representativt exempel med omn\u00e4mnande av alla de antaganden som anv\u00e4nds f\u00f6r att ber\u00e4kna r\u00e4ntesatsen ska ges h\u00e4r]<\/td>\n<\/tr>\n<tr>\n<td width=\"36\"><\/td>\n<td width=\"254\">\u00c4r det, f\u00f6r att erh\u00e5lla krediten eller f\u00f6r att erh\u00e5lla den enligt villkoren i marknadsf\u00f6ringen, obligatoriskt att ing\u00e5 avtal om<\/p>\n<p>\u2014 en f\u00f6rs\u00e4kring som s\u00e4krar krediten, eller<br \/>\n\u2014 n\u00e5gon annan kompletterande tj\u00e4nst?<\/p>\n<p><em>Om kostnaderna f\u00f6r dessa tj\u00e4nster inte \u00e4r k\u00e4nda av kreditgivaren ska de inte inkluderas i den effektiva r\u00e4ntan. <\/em><\/td>\n<td width=\"254\">&nbsp;<\/p>\n<p>Ja \u00a0Nej \u00a0[Om ja, uppge vilken typ av f\u00f6rs\u00e4kring]<\/p>\n<p>Ja \u00a0Nej \u00a0[Om ja, uppge vilken typ av kompletterande tj\u00e4nst]<\/td>\n<\/tr>\n<tr>\n<td width=\"36\"><\/td>\n<td width=\"254\">H\u00e4rtill h\u00f6rande kostnader<\/td>\n<td width=\"254\">&nbsp;<\/td>\n<\/tr>\n<tr>\n<td width=\"36\"><\/td>\n<td width=\"254\">I till\u00e4mpliga fall:<\/p>\n<p>Det kr\u00e4vs att man beh\u00e5ller ett eller flera konton f\u00f6r att registrera b\u00e5de betalningstransaktioner och kreditutnytt\u00adjanden<\/td>\n<td width=\"254\">&nbsp;<\/p>\n<p>Ej till\u00e4mpbart<\/td>\n<\/tr>\n<tr>\n<td width=\"36\"><\/td>\n<td width=\"254\">I till\u00e4mpliga fall:<\/p>\n<p>Kostnad f\u00f6r att anv\u00e4nda ett s\u00e4rskilt betalningsmedel (t.ex. ett kreditkort)<\/td>\n<td width=\"254\">&nbsp;<\/p>\n<p>Ej till\u00e4mpbart<\/td>\n<\/tr>\n<tr>\n<td width=\"36\"><\/td>\n<td width=\"254\">I till\u00e4mpliga fall:<\/p>\n<p>Andra kostnader i samband med kreditavtalet<\/td>\n<td width=\"254\">&nbsp;<\/p>\n<p>Ej till\u00e4mpbart<\/td>\n<\/tr>\n<tr>\n<td width=\"36\"><\/td>\n<td width=\"254\">I till\u00e4mpliga fall:<\/p>\n<p>Villkor f\u00f6r att \u00e4ndra de ovan n\u00e4mnda kostnaderna i samband med kreditavtalet<\/td>\n<td width=\"254\">&nbsp;<\/p>\n<p>Ej till\u00e4mpbart<\/td>\n<\/tr>\n<tr>\n<td width=\"36\"><\/td>\n<td width=\"254\">I till\u00e4mpliga fall:<\/p>\n<p>Skyldighet att betala notariatsavgifter<\/td>\n<td width=\"254\">&nbsp;<\/p>\n<p>Ej till\u00e4mpbart<\/td>\n<\/tr>\n<tr>\n<td width=\"36\"><\/td>\n<td width=\"254\">Kostnader i samband med f\u00f6rsenade betalningar<\/p>\n<p><em>Uteblivna betalningar kan f\u00e5 allvarliga konsekvenser (t.ex. tv\u00e5ngsf\u00f6rs\u00e4ljning) och f\u00f6rsv\u00e5ra m\u00f6jligheterna till att erh\u00e5lla kredit. <\/em><\/td>\n<td width=\"254\">Du kommer att debiteras [&#8230; (n\u00e4rmare uppgift om r\u00e4ntesatser och, i till\u00e4mpliga fall, dr\u00f6jsm\u00e5lsavgifter)] \u00a0f\u00f6r uteblivna betalningar<\/td>\n<\/tr>\n<\/tbody>\n<\/table>\n<p>&nbsp;<\/p>\n<table>\n<tbody>\n<tr>\n<td width=\"36\">4.<\/td>\n<td colspan=\"2\" width=\"508\"><strong>Andra viktiga r\u00e4ttsliga aspekter <\/strong><\/td>\n<\/tr>\n<tr>\n<td width=\"36\"><\/td>\n<td width=\"254\">\u00c5ngerr\u00e4tt<\/p>\n<p><em>Ni har r\u00e4tt att fr\u00e5ntr\u00e4da kreditavtalet inom 14 kalenderdagar.<\/em><\/td>\n<td width=\"254\">\u00a0Ja \u00a0Nej<\/td>\n<\/tr>\n<tr>\n<td width=\"36\"><\/td>\n<td width=\"254\">F\u00f6rtids\u00e5terbetalning<\/p>\n<p><em>Hela eller delar av krediten kan \u00e5terbetalas i f\u00f6rtid n\u00e4r som helst. <\/em><\/td>\n<td width=\"254\">Kreditgivaren har r\u00e4tt till kompensation vid f\u00f6rtidsbetalning<\/td>\n<\/tr>\n<tr>\n<td width=\"36\"><\/td>\n<td width=\"254\">I till\u00e4mpliga fall:<\/p>\n<p>Kreditgivaren har r\u00e4tt till kompensation vid f\u00f6rtids\u00ad\u00e5terbetalning<\/td>\n<td width=\"254\">&nbsp;<\/p>\n<p>Ej till\u00e4mpbart \/ [Fastst\u00e4llande av kompensation (ber\u00e4kningsmetod) i enlighet med best\u00e4mmelserna f\u00f6r genomf\u00f6rande av artikel 16 i direktiv 2008\/48\/EG]<\/td>\n<\/tr>\n<tr>\n<td width=\"36\"><\/td>\n<td width=\"254\">S\u00f6kning i en databas<\/p>\n<p><em>Om en kreditans\u00f6kan avvisas p\u00e5 grundval av en s\u00f6kning i en databas m\u00e5ste kreditgivaren genast och kostnadsfritt meddela dig resultatet av s\u00f6kningen. Detta g\u00e4ller inte om utl\u00e4mnandet av s\u00e5dan information \u00e4r f\u00f6rbjudet enligt gemen\u00adskapslagstiftningen eller strider mot allm\u00e4n ordning och s\u00e4kerhet. <\/em><\/td>\n<td width=\"254\">&nbsp;<\/td>\n<\/tr>\n<tr>\n<td width=\"36\"><\/td>\n<td width=\"254\">R\u00e4tt att f\u00e5 ett utkast till ett kreditavtal<\/p>\n<p><em>Du har r\u00e4tt att p\u00e5 beg\u00e4ran kostnadsfritt f\u00e5 en kopia av ett utkast till ett kreditavtal. Denna best\u00e4mmelse \u00e4r inte till\u00e4mplig om kreditgivaren vid tidpunkten f\u00f6r beg\u00e4ran \u00e4r ovillig att ing\u00e5 kreditavtalet med dig. <\/em><\/td>\n<td width=\"254\">&nbsp;<\/td>\n<\/tr>\n<tr>\n<td width=\"36\"><\/td>\n<td width=\"254\">I till\u00e4mpliga fall:<\/p>\n<p>Den tid kreditgivaren \u00e4r bunden av skyldigheterna som uppkommit innan avtalet ing\u00e5tts<\/td>\n<td width=\"254\">Ej till\u00e4mpbart<\/p>\n<p>Denna information g\u00e4ller fr\u00e5n och med \u00a0\u00a0\u00a0\u00a0\u00a0 till och med<\/td>\n<\/tr>\n<\/tbody>\n<\/table>\n<p>&nbsp;<\/p>\n<p>&nbsp;<\/p>\n<table>\n<tbody>\n<tr>\n<td width=\"36\"><\/td>\n<td width=\"254\">I till\u00e4mpliga fall:<\/td>\n<td width=\"254\"><\/td>\n<\/tr>\n<tr>\n<td width=\"36\">5.<\/td>\n<td colspan=\"2\" width=\"508\"><strong>Ytterligare information n\u00e4r det g\u00e4ller distansf\u00f6rs\u00e4ljning av finansiella tj\u00e4nster<\/strong><\/td>\n<\/tr>\n<tr>\n<td width=\"36\"><\/td>\n<td width=\"254\">a)\u00a0\u00a0\u00a0\u00a0 Betr\u00e4ffande kreditgivaren<\/td>\n<td width=\"254\"><\/td>\n<\/tr>\n<tr>\n<td width=\"36\"><\/td>\n<td width=\"254\">I till\u00e4mpliga fall:<\/p>\n<p>Kreditgivarens f\u00f6retr\u00e4dare i den medlemsstat d\u00e4r du \u00e4r bosatt<\/p>\n<p>Adress<\/p>\n<p>Telefon (*)<\/p>\n<p>E-post (*)<\/p>\n<p>Fax (*)<\/p>\n<p>Webbadress (*)<\/td>\n<td width=\"254\">Ej till\u00e4mpbart<\/p>\n<p>[Identitet]<\/p>\n<p>[Adress anv\u00e4nd f\u00f6r kontakter med konsumenten]<\/td>\n<\/tr>\n<tr>\n<td width=\"36\"><\/td>\n<td width=\"254\">I till\u00e4mpliga fall:<\/p>\n<p>Registrering<\/td>\n<td width=\"254\">&nbsp;<\/p>\n<p>Ej till\u00e4mpbart \/ [Det handelsregister i vilket kreditgivaren \u00e4r inf\u00f6rd och dennes registreringsnummer eller motsvarande medel f\u00f6r identifiering i det registret]<\/td>\n<\/tr>\n<tr>\n<td width=\"36\"><\/td>\n<td width=\"254\">I till\u00e4mpliga fall:<\/p>\n<p>Den ber\u00f6rda tillsynsmyndigheten<\/td>\n<td width=\"254\">&nbsp;<\/p>\n<p>Ej till\u00e4mpbart<\/td>\n<\/tr>\n<tr>\n<td width=\"36\"><\/td>\n<td width=\"254\">b) \u00a0\u00a0 Betr\u00e4ffande kreditavtalet<\/td>\n<td width=\"254\"><\/td>\n<\/tr>\n<tr>\n<td width=\"36\"><\/td>\n<td width=\"254\">I till\u00e4mpliga fall:<\/p>\n<p>Utnyttjande av \u00e5ngerr\u00e4tten<\/td>\n<td width=\"254\">&nbsp;<\/p>\n<p>Ej till\u00e4mpbart \/ [Praktiska instruktioner om utnyttjande av \u00e5ngerr\u00e4tten, bl.a. hur l\u00e4nge r\u00e4tten kan utnyttjas, den adress dit underr\u00e4ttelsen om att \u00e5ngerr\u00e4tten kommer att utnyttjas ska skickas samt f\u00f6ljderna av att inte ut\u00f6va denna r\u00e4tt]<\/td>\n<\/tr>\n<tr>\n<td width=\"36\"><\/td>\n<td width=\"254\">I till\u00e4mpliga fall:<\/p>\n<p>Den lagstiftning som kreditgivaren anv\u00e4nt som grundval f\u00f6r att uppr\u00e4tta f\u00f6rbindelser med dig innan kreditavtalet ingicks<\/td>\n<td width=\"254\">&nbsp;<\/p>\n<p>Ej till\u00e4mpbart<\/td>\n<\/tr>\n<tr>\n<td width=\"36\"><\/td>\n<td width=\"254\">I till\u00e4mpliga fall:<\/p>\n<p>Klausul om till\u00e4mplig lagstiftning f\u00f6r kreditavtalet och\/ eller beh\u00f6rig domstol<\/td>\n<td width=\"254\">&nbsp;<\/p>\n<p>Ej till\u00e4mpbart \/ [Relevant klausul anges h\u00e4r]<\/td>\n<\/tr>\n<tr>\n<td width=\"36\"><\/td>\n<td width=\"254\">I till\u00e4mpliga fall:<\/p>\n<p>Spr\u00e5kordning<\/td>\n<td width=\"254\">&nbsp;<\/p>\n<p>Ej till\u00e4mpbart \/ Information och avtalsvillkor l\u00e4mnas p\u00e5 [angivet spr\u00e5k]. Med ditt samtycke har vi f\u00f6r avsikt att under kreditav\u00adtalets l\u00f6ptid kommunicera p\u00e5 [specifikt\/specifika spr\u00e5k].<\/td>\n<\/tr>\n<tr>\n<td width=\"36\"><\/td>\n<td width=\"254\">c) Betr\u00e4ffande pr\u00f6vning<\/td>\n<td width=\"254\"><\/td>\n<\/tr>\n<tr>\n<td width=\"36\"><\/td>\n<td width=\"254\">F\u00f6rekomst av och tillg\u00e5ng till en mekanism f\u00f6r klagom\u00e5l och pr\u00f6vning utanf\u00f6r domstol<\/td>\n<td width=\"254\">[Uppgift om huruvida det finns tillg\u00e5ng till en mekanism f\u00f6r klagom\u00e5l och pr\u00f6vning utanf\u00f6r domstol f\u00f6r den konsument som \u00e4r part i distansavtalet och hur konsumenten i s\u00e5 fall ska g\u00e5 tillv\u00e4ga]<\/td>\n<\/tr>\n<tr>\n<td width=\"36\"><\/td>\n<td colspan=\"2\" width=\"508\">(*) Denna information \u00e4r frivillig f\u00f6r kreditgivaren<\/td>\n<\/tr>\n<\/tbody>\n<\/table>\n","protected":false},"excerpt":{"rendered":"<p>SEKKI &#8211; Standardiserad Europeisk konsumentkreditinformation p\u00e5 engelska &#8220;standardised european consumer credit information&#8221; \u00e4r ett standardiserat system f\u00f6r r\u00e4ttvis j\u00e4mf\u00f6relse av krediter. Den f\u00f6rsta december 2010 gjordes ett till\u00e4gg till EU:s [&hellip;]<\/p>\n","protected":false},"author":1,"featured_media":0,"parent":790,"menu_order":0,"comment_status":"closed","ping_status":"closed","template":"","meta":{"footnotes":""},"class_list":["post-1413","page","type-page","status-publish","hentry"],"wppr_data":{"cwp_meta_box_check":"No","cwp_rev_product_name":"","cwp_rev_price":""},"_links":{"self":[{"href":"https:\/\/lanebank.com\/sv\/wp-json\/wp\/v2\/pages\/1413","targetHints":{"allow":["GET"]}}],"collection":[{"href":"https:\/\/lanebank.com\/sv\/wp-json\/wp\/v2\/pages"}],"about":[{"href":"https:\/\/lanebank.com\/sv\/wp-json\/wp\/v2\/types\/page"}],"author":[{"embeddable":true,"href":"https:\/\/lanebank.com\/sv\/wp-json\/wp\/v2\/users\/1"}],"replies":[{"embeddable":true,"href":"https:\/\/lanebank.com\/sv\/wp-json\/wp\/v2\/comments?post=1413"}],"version-history":[{"count":1,"href":"https:\/\/lanebank.com\/sv\/wp-json\/wp\/v2\/pages\/1413\/revisions"}],"predecessor-version":[{"id":1414,"href":"https:\/\/lanebank.com\/sv\/wp-json\/wp\/v2\/pages\/1413\/revisions\/1414"}],"up":[{"embeddable":true,"href":"https:\/\/lanebank.com\/sv\/wp-json\/wp\/v2\/pages\/790"}],"wp:attachment":[{"href":"https:\/\/lanebank.com\/sv\/wp-json\/wp\/v2\/media?parent=1413"}],"curies":[{"name":"wp","href":"https:\/\/api.w.org\/{rel}","templated":true}]}}