{"id":165,"date":"2014-09-20T11:15:17","date_gmt":"2014-09-20T09:15:17","guid":{"rendered":"https:\/\/lanebank.com\/sv\/?page_id=165"},"modified":"2014-11-20T22:19:14","modified_gmt":"2014-11-20T21:19:14","slug":"skuldfri","status":"publish","type":"page","link":"https:\/\/lanebank.com\/sv\/skuldsattning\/skuldfri","title":{"rendered":"5 Tips om hur man blir skuldfri"},"content":{"rendered":"<p>Idag \u00e4r det v\u00e4ldigt vanligt att <strong>vi l\u00e5nar pengar till b\u00e5de sm\u00e5 och stora ink\u00f6p<\/strong>. Man har ocks\u00e5 sett att det blivit allt vanligare att l\u00e5na pengar till on\u00f6dig konsumtion bara f\u00f6r att man s\u00e5 g\u00e4rna vill kunna k\u00f6pa just den d\u00e4r saken. Om du sedan <strong>inte kan betala tillbaka som planerat kommer kostnaderna snabbt att skjuta i h\u00f6jden<\/strong> med r\u00e4nta och alla avgifter runt omkring. H\u00e4r kommer <strong>5 tips som kan hj\u00e4lpa dig att ta dig ur moderna skuldf\u00e4llor<\/strong>.<\/p>\n<p>&nbsp;<\/p>\n<ol class=\"rounded-list\">\n<li>F\u00f6rst och fr\u00e4mst s\u00e5 ska du f\u00f6rs\u00f6ka att verkligen best\u00e4mma dig f\u00f6r att dra ner p\u00e5 dina utgifter. Det h\u00e4r \u00e4r det f\u00f6rsta och absolut viktigaste steget f\u00f6r att lyckas h\u00e5lla sig helt skuldfri. Idag \u00e4r det faktiskt v\u00e4ldigt m\u00e5nga m\u00e4nniskor som lever l\u00e5ngt \u00f6ver sina egentliga tillg\u00e5ngar med hj\u00e4lp av krediter och blancol\u00e5n. Det du m\u00e5ste prioritera i det h\u00e4r l\u00e4get \u00e4r att betala av alla skatteskulder, sk\u00e4ra ner p\u00e5 alla utgifter s\u00e5 mycket det bara \u00e4r m\u00f6jligt och f\u00f6rs\u00f6ka att betala av dina l\u00e5n. Det \u00e4r ocks\u00e5 viktigt att du b\u00f6rjar med att betala av det s\u00e4msta l\u00e5net du har allts\u00e5 det som har h\u00f6gst r\u00e4nta.<\/li>\n<li>I n\u00e4sta steg ska du b\u00f6rja skissa p\u00e5 en \u00f6versk\u00e5dlig budget s\u00e5 att du kan f\u00e5 en b\u00e4ttre kontroll p\u00e5 vart alla dina intj\u00e4nade pengar faktiskt tar v\u00e4gen. H\u00e4r f\u00e5r du k\u00e4nna efter mycket sj\u00e4lv p\u00e5 de olika omr\u00e5dena. Hur mycket pengar du kan t\u00e4nka dig att l\u00e4gga undan och hur mycket du egentligen vill l\u00e4gga p\u00e5 konsumtion, mat, boende, aktiviteter och liknande. F\u00f6r att l\u00e4ttare komma ig\u00e5ng med detta kan du spara alla kvitton och fakturor p\u00e5 en m\u00e5nad f\u00f6r att sedan sammanst\u00e4lla dina totala utgifter.<\/li>\n<li>Organisera alla dina skulder. F\u00f6rs\u00f6k att samla alla fakturor fr\u00e5n dina l\u00e5ngivare och l\u00e4gg de synligt framf\u00f6r dig. F\u00f6rs\u00f6k sedan att r\u00e4kna ut hur mycket du betalar varje m\u00e5nad f\u00f6r att kunna se hur mycket du m\u00e5ste l\u00e4gga undan f\u00f6r just detta.<\/li>\n<li>F\u00f6rs\u00f6k att ta kontakt med dina fordrings\u00e4gare. Det \u00e4r alltid bra att f\u00f6rs\u00f6ka f\u00f6rhandla ner r\u00e4ntan med just din fordrings\u00e4gare. Detta kan k\u00e4nnas jobbigt men brukar faktiskt kunna vara till stor hj\u00e4lp.<\/li>\n<li>Till sist \u00e4r det v\u00e4ldigt viktigt att du verkligen fullf\u00f6ljer det du har \u00e5tagit dig. H\u00e5ll dig till din budget och se till att verkligen betala av de d\u00e5liga l\u00e5nen f\u00f6rst. Det viktiga \u00e4r att du h\u00e5ller dig fokuserad p\u00e5 en skuld i taget s\u00e5 att det verkligen blir avklarat.<\/li>\n<\/ol>\n","protected":false},"excerpt":{"rendered":"<p>Idag \u00e4r det v\u00e4ldigt vanligt att vi l\u00e5nar pengar till b\u00e5de sm\u00e5 och stora ink\u00f6p. Man har ocks\u00e5 sett att det blivit allt vanligare att l\u00e5na pengar till on\u00f6dig konsumtion [&hellip;]<\/p>\n","protected":false},"author":1,"featured_media":0,"parent":272,"menu_order":0,"comment_status":"closed","ping_status":"closed","template":"","meta":{"footnotes":""},"class_list":["post-165","page","type-page","status-publish","hentry"],"wppr_data":{"cwp_meta_box_check":"No","cwp_rev_product_name":"","cwp_rev_price":""},"_links":{"self":[{"href":"https:\/\/lanebank.com\/sv\/wp-json\/wp\/v2\/pages\/165","targetHints":{"allow":["GET"]}}],"collection":[{"href":"https:\/\/lanebank.com\/sv\/wp-json\/wp\/v2\/pages"}],"about":[{"href":"https:\/\/lanebank.com\/sv\/wp-json\/wp\/v2\/types\/page"}],"author":[{"embeddable":true,"href":"https:\/\/lanebank.com\/sv\/wp-json\/wp\/v2\/users\/1"}],"replies":[{"embeddable":true,"href":"https:\/\/lanebank.com\/sv\/wp-json\/wp\/v2\/comments?post=165"}],"version-history":[{"count":4,"href":"https:\/\/lanebank.com\/sv\/wp-json\/wp\/v2\/pages\/165\/revisions"}],"predecessor-version":[{"id":169,"href":"https:\/\/lanebank.com\/sv\/wp-json\/wp\/v2\/pages\/165\/revisions\/169"}],"up":[{"embeddable":true,"href":"https:\/\/lanebank.com\/sv\/wp-json\/wp\/v2\/pages\/272"}],"wp:attachment":[{"href":"https:\/\/lanebank.com\/sv\/wp-json\/wp\/v2\/media?parent=165"}],"curies":[{"name":"wp","href":"https:\/\/api.w.org\/{rel}","templated":true}]}}