{"id":170,"date":"2014-09-20T12:35:22","date_gmt":"2014-09-20T10:35:22","guid":{"rendered":"https:\/\/lanebank.com\/sv\/?page_id=170"},"modified":"2020-06-22T14:09:48","modified_gmt":"2020-06-22T12:09:48","slug":"lana-pengar","status":"publish","type":"page","link":"https:\/\/lanebank.com\/sv\/lana-pengar","title":{"rendered":"L\u00e5na pengar fr\u00e5n s\u00e4kra l\u00e5ngivare"},"content":{"rendered":"<p>Idag \u00e4r det sv\u00e5rt att avg\u00f6ra vad som \u00e4r en s\u00e4ker l\u00e5ngivare d\u00e5 det finns s\u00e5 pass m\u00e5nga olika alternativ v\u00e4lja bland. F\u00f6lj v\u00e5ra r\u00e5d s\u00e5 undviker du att bli lurad.<\/p>\n<p>&nbsp;<\/p>\n<p>Om du prioriterar s\u00e4kerhet n\u00e4r du ska l\u00e5na pengar b\u00f6r du f\u00f6rs\u00f6ka <strong>undvika smsl\u00e5ngivare d\u00e5 vissa av dessa f\u00e5tt anm\u00e4rkningar hos konsumentverket<\/strong> och dessutom \u00e4r on\u00f6digt dyra. En vanlig KO-anm\u00e4rkning har varit att man l\u00e5nat pengar till personer utan tillr\u00e4cklig kreditkontroll. Ett sk\u00e4l till detta \u00e4r att du f\u00e5r pengarna v\u00e4ldigt snabbt utan att f\u00f6retaget egentligen har s\u00e4rskilt bra koll p\u00e5 vem du \u00e4r som person och vilken ekonomi du har. Samtidigt \u00e4r dessa l\u00e5n dyra eftersom l\u00e5ngivaren tvingas ta st\u00f6rre risker \u00e4n en vanlig svensk bank. Statistik visar att storleken har en viss betydelse. Generellt s\u00e4tt s\u00e5 brukar en st\u00f6rre l\u00e5ngivare vara mycket s\u00e4krare \u00e4n vad de mindre \u00e4r eftersom att de st\u00f6rre har mer pengar i ryggen att l\u00e5na ut vilket inneb\u00e4r att de inte tar lika stora risker som de mindre l\u00e5ngivarna.<\/p>\n<p>&nbsp;<\/p>\n<p>Betr\u00e4ffande l\u00e5neformen \u00e4r det alltid rekommenderat att du anv\u00e4nder dig av ett vanligt traditionellt bankl\u00e5n om du vill ha ett s\u00e4kert l\u00e5n utan n\u00e5gra otrevliga \u00f6verraskningar.F\u00f6rs\u00e4kra dig om att du sj\u00e4lv har m\u00f6jlighet att v\u00e4lja din \u00e5terbetalningstid och att det finns m\u00f6jlighet att teckna l\u00e5neskydd. Ett <strong>l\u00e5neskydd ger dig finansiellt skydd om du blir oplanerat arbetsl\u00f6s, invalidiseras eller avlider<\/strong>.<\/p>\n<p>&nbsp;<\/p>\n<p>Viktigast \u00e4r trots allt att du bildar dig en egen uppfattning om respektive bolag. Uppt\u00e4ck vad andra m\u00e4nniskor har f\u00f6r erfarenheter av just din l\u00e5ngivare! H\u00e4r p\u00e5 <a href=\"\/\">L\u00e5nebank.com<\/a> hittar du b\u00e5de betygsatta recensioner fr\u00e5n v\u00e5ra webbredakt\u00f6rer och omd\u00f6men fr\u00e5n v\u00e5ra bes\u00f6kare. Det kan ocks\u00e5 vara en god id\u00e9 att ringa upp den l\u00e5ngivare som har f\u00e5ngat ditt intresse f\u00f6r att n\u00e4rmare kunna diskutera hur ditt l\u00e5n skulle kunna l\u00e4ggas upp. Det \u00e4r inte ovanligt att de kanske kan ge dig ett b\u00e4ttre avtal genom att du till exempel f\u00f6rkortar din \u00e5terbetalningstid n\u00e5got eller genom att du kan erbjuda n\u00e5gonting som s\u00e4kerhet. Det \u00e4r alltid bra att f\u00f6rhandla med flera l\u00e5ngivare \u00e5t g\u00e5ngen, d\u00e5 kan du st\u00e4lla dem mot varandra och f\u00f6rhandla fram en l\u00e4gre r\u00e4nta.<\/p>\n<div class=\"ls_container\"><h3 class=\"widget_title\">Mer om detta \u00e4mne<\/h3><ul class=\"ls_page_list\"><li><a href=\"https:\/\/lanebank.com\/sv\/lana-pengar\/det-blir-dyrt-med-snabblan-i-langden\">Det blir dyrt med snabbl\u00e5n i l\u00e4ngden<\/a><\/li><li><a href=\"https:\/\/lanebank.com\/sv\/lana-pengar\/battre-huslan-flytta-villalan-mellan-banker\">B\u00e4ttre husl\u00e5n &#8211; flytta villal\u00e5n mellan banker<\/a><\/li><li><a href=\"https:\/\/lanebank.com\/sv\/lana-pengar\/att-lana-pengar-till-resan-ej-att-rekommendera\">Att l\u00e5na pengar till resan ej att rekommendera<\/a><\/li><\/ul><\/div>\n<p>&nbsp;<\/p>\n","protected":false},"excerpt":{"rendered":"<p>Idag \u00e4r det sv\u00e5rt att avg\u00f6ra vad som \u00e4r en s\u00e4ker l\u00e5ngivare d\u00e5 det finns s\u00e5 pass m\u00e5nga olika alternativ v\u00e4lja bland. F\u00f6lj v\u00e5ra r\u00e5d s\u00e5 undviker du att bli [&hellip;]<\/p>\n","protected":false},"author":1,"featured_media":659,"parent":0,"menu_order":0,"comment_status":"closed","ping_status":"closed","template":"page-nosidebar.php","meta":{"footnotes":""},"class_list":["post-170","page","type-page","status-publish","has-post-thumbnail","hentry","has_thumb"],"wppr_data":{"cwp_meta_box_check":"No","cwp_rev_product_name":"","cwp_rev_price":""},"_links":{"self":[{"href":"https:\/\/lanebank.com\/sv\/wp-json\/wp\/v2\/pages\/170","targetHints":{"allow":["GET"]}}],"collection":[{"href":"https:\/\/lanebank.com\/sv\/wp-json\/wp\/v2\/pages"}],"about":[{"href":"https:\/\/lanebank.com\/sv\/wp-json\/wp\/v2\/types\/page"}],"author":[{"embeddable":true,"href":"https:\/\/lanebank.com\/sv\/wp-json\/wp\/v2\/users\/1"}],"replies":[{"embeddable":true,"href":"https:\/\/lanebank.com\/sv\/wp-json\/wp\/v2\/comments?post=170"}],"version-history":[{"count":7,"href":"https:\/\/lanebank.com\/sv\/wp-json\/wp\/v2\/pages\/170\/revisions"}],"predecessor-version":[{"id":1793,"href":"https:\/\/lanebank.com\/sv\/wp-json\/wp\/v2\/pages\/170\/revisions\/1793"}],"wp:featuredmedia":[{"embeddable":true,"href":"https:\/\/lanebank.com\/sv\/wp-json\/wp\/v2\/media\/659"}],"wp:attachment":[{"href":"https:\/\/lanebank.com\/sv\/wp-json\/wp\/v2\/media?parent=170"}],"curies":[{"name":"wp","href":"https:\/\/api.w.org\/{rel}","templated":true}]}}