{"id":177,"date":"2014-09-21T10:58:35","date_gmt":"2014-09-21T08:58:35","guid":{"rendered":"https:\/\/lanebank.com\/sv\/?page_id=177"},"modified":"2022-01-27T20:22:13","modified_gmt":"2022-01-27T19:22:13","slug":"om-oss","status":"publish","type":"page","link":"https:\/\/lanebank.com\/sv\/om-oss","title":{"rendered":"Om oss"},"content":{"rendered":"<p>L\u00e5nebank \u00e4r en oberoende prisj\u00e4mf\u00f6relsesajt f\u00f6r s\u00e4kra l\u00e5n och krediter fr\u00e5n Sveriges fr\u00e4msta banker. Syftet med L\u00e5nebank \u00e4r att du enkelt skall kunna se vilken bank som har st\u00f6rst kundn\u00f6jdhet, vem som erbjuder l\u00e5n till den l\u00e4gsta r\u00e4ntan och vad det kostar att l\u00e5na en viss summa pengar. \u00a0 V\u00e5r tj\u00e4nst \u00e4r fullst\u00e4ndigt kostnadsfri f\u00f6r dig som kund att anv\u00e4nda.\u00a0Du betalar aldrig n\u00e5gra extra r\u00e4ntor eller avgifter f\u00f6r att du klickat dig vidare fr\u00e5n L\u00e5nebank.com. Ist\u00e4llet erh\u00e5ller L\u00e5nebank i vissa fall provision fr\u00e5n l\u00e5ngivare d\u00e5 du v\u00e4ljer att teckna l\u00e5n via v\u00e5r webbplats. \u00a0 V\u00e5rt motto \u00e4r att det skall vara <a href=\"https:\/\/lanebank.com\/sv\/lana-pengar\">s\u00e4kert att l\u00e5na pengar<\/a> f\u00f6r dig som kund, d\u00e4rf\u00f6r tar vi inte med rena sms l\u00e5n i v\u00e5ra j\u00e4mf\u00f6relser. Denna typ av l\u00e5n hittar du i en egen separat avdelning kallad <a href=\"https:\/\/lanebank.com\/sv\/info\/sms-laneforetag\">SMS-l\u00e5nef\u00f6retag<\/a>. Om du har n\u00e5gra fr\u00e5gor eller funderingar betr\u00e4ffande inneh\u00e5llet eller funktioner p\u00e5 sidan \u00e4r du v\u00e4lkommen att kontakta oss.<\/p>\n<h3>F\u00f6retagsinformation<\/h3>\n<p>L\u00e5nebank \u00e4gs och f\u00f6rvaltas av marknadsf\u00f6ringsbolaget Spexer AB. Vi driver informationsportaler och j\u00e4mf\u00f6relsetj\u00e4nster d\u00e4r kundens intresse st\u00e5r i centrum.<\/p>\n<h5>Noor Digital Agency AB<br \/>\nOrg. <span class=\"st\"> 559017-1954\u00a0<\/span><br \/>\nE-post:\u00a0<a href=\"mailto:info@lanebank.com\">info@lanebank.com<\/a><\/h5>\n<div class=\"ansokanbox\"><strong>V\u00e4nligen respektera att <\/strong>informationen p\u00e5 s\u00e5v\u00e4l svenska som norska p\u00e5 Lanebank.com \u00e4r upphovsr\u00e4ttsskyddad. Det inneb\u00e4r att du inte f\u00e5r kopiera och publicera informationen n\u00e5gon annanstans utan ett skriftligt godk\u00e4nnande fr\u00e5n Lanebank.com. Att bryta mot detta \u00e4r ett brott mot g\u00e4llande copyright- och varum\u00e4rkeslagar.<\/div>\n","protected":false},"excerpt":{"rendered":"<p>L\u00e5nebank \u00e4r en oberoende prisj\u00e4mf\u00f6relsesajt f\u00f6r s\u00e4kra l\u00e5n och krediter fr\u00e5n Sveriges fr\u00e4msta banker. Syftet med L\u00e5nebank \u00e4r att du enkelt skall kunna se vilken bank som har st\u00f6rst kundn\u00f6jdhet, [&hellip;]<\/p>\n","protected":false},"author":1,"featured_media":0,"parent":0,"menu_order":0,"comment_status":"closed","ping_status":"closed","template":"page-nosidebar.php","meta":{"footnotes":""},"class_list":["post-177","page","type-page","status-publish","hentry"],"wppr_data":{"cwp_meta_box_check":"No","cwp_rev_product_name":"","cwp_rev_price":""},"_links":{"self":[{"href":"https:\/\/lanebank.com\/sv\/wp-json\/wp\/v2\/pages\/177","targetHints":{"allow":["GET"]}}],"collection":[{"href":"https:\/\/lanebank.com\/sv\/wp-json\/wp\/v2\/pages"}],"about":[{"href":"https:\/\/lanebank.com\/sv\/wp-json\/wp\/v2\/types\/page"}],"author":[{"embeddable":true,"href":"https:\/\/lanebank.com\/sv\/wp-json\/wp\/v2\/users\/1"}],"replies":[{"embeddable":true,"href":"https:\/\/lanebank.com\/sv\/wp-json\/wp\/v2\/comments?post=177"}],"version-history":[{"count":8,"href":"https:\/\/lanebank.com\/sv\/wp-json\/wp\/v2\/pages\/177\/revisions"}],"predecessor-version":[{"id":1808,"href":"https:\/\/lanebank.com\/sv\/wp-json\/wp\/v2\/pages\/177\/revisions\/1808"}],"wp:attachment":[{"href":"https:\/\/lanebank.com\/sv\/wp-json\/wp\/v2\/media?parent=177"}],"curies":[{"name":"wp","href":"https:\/\/api.w.org\/{rel}","templated":true}]}}