{"id":246,"date":"2014-11-03T10:35:57","date_gmt":"2014-11-03T09:35:57","guid":{"rendered":"https:\/\/lanebank.com\/sv\/?page_id=246"},"modified":"2015-02-13T08:23:43","modified_gmt":"2015-02-13T07:23:43","slug":"vart-att-ta-studielan-eller-inte","status":"publish","type":"page","link":"https:\/\/lanebank.com\/sv\/aktier-fonder-spara-pengar\/vart-att-ta-studielan-eller-inte","title":{"rendered":"V\u00e4rt att ta studiel\u00e5n eller inte?"},"content":{"rendered":"<p>M\u00e5nga studenter v\u00e4nder sig till banken med f\u00f6rhoppning att kunna l\u00e5na pengar till ink\u00f6p av olika slag, svaret blev oftast nej, \u00e4ven om det finns vissa ink\u00f6p som banken kan t\u00e4nka sig att bevilja l\u00e5n till.<\/p>\n<p>Men n\u00e4r det g\u00e4ller finansiering av allm\u00e4nna hush\u00e5llskostnader under studietiden \u00e4r studiel\u00e5net som CSN erbjuder ett b\u00e4ttre alternativ. F\u00f6rdelen med denna finansieringsform framf\u00f6r bankens, \u00e4r att r\u00e4ntan \u00e4r statligt subventionerad. Under 2014 ligger r\u00e4ntesatsen p\u00e5 l\u00e5ga 1,2 % per \u00e5r, vilket \u00e4r en otroligt f\u00f6rm\u00e5nlig r\u00e4nta, b\u00e4ttre hittar man ingenstans.<\/p>\n<p>\u00c4nd\u00e5 finns det de som tvekar inf\u00f6r att l\u00e5na pengar under studietiden, man vill helt enkelt vara skuldfri n\u00e4r man tar examen och \u00e4r f\u00e4rdig med utbildningen. \u00c4ven denna tanke \u00e4r god, b\u00f6r man trots att fundera p\u00e5 om det \u00e4nd\u00e5 inte \u00e4r v\u00e4rt att ta studiel\u00e5n med tanke p\u00e5 den l\u00e5ga r\u00e4ntan. Det finns en m\u00e4ngd investeringsm\u00f6jligheter som normalt ger en avkastning som \u00f6verstiger 1,2% per \u00e5r.<\/p>\n<p>Genom att placera pengarna i fonder eller aktier kan kapitalet v\u00e4xa snabbare, vilket ger dig m\u00f6jlighet att betala tillbaka p\u00e5 l\u00e5net och samtidigt g\u00f6ra vinst. Dock \u00e4r det viktigt att komma ih\u00e5g att fond- och aktiev\u00e4rdet beror p\u00e5 konjunktur och b\u00f6rsmarknaden, vilket inneb\u00e4r att det aldrig n\u00e5gra garantier f\u00f6r hur avkastningen blir. Men det finns \u00e4ven rena sparkonton som ger en h\u00f6gre \u00e5rsvis r\u00e4nta om du v\u00e4ljer att binda dina pengar \u00f6ver 3-5 \u00e5r. Det kan med andra ord vara v\u00e4rt att ta studiel\u00e5n \u00e4ven fast du inte beh\u00f6ver pengarna f\u00f6r att klara din ekonomi idag.<\/p>\n","protected":false},"excerpt":{"rendered":"<p>M\u00e5nga studenter v\u00e4nder sig till banken med f\u00f6rhoppning att kunna l\u00e5na pengar till ink\u00f6p av olika slag, svaret blev oftast nej, \u00e4ven om det finns vissa ink\u00f6p som banken kan [&hellip;]<\/p>\n","protected":false},"author":1,"featured_media":247,"parent":622,"menu_order":0,"comment_status":"closed","ping_status":"closed","template":"","meta":{"footnotes":""},"class_list":["post-246","page","type-page","status-publish","has-post-thumbnail","hentry","has_thumb"],"wppr_data":{"cwp_meta_box_check":"No","cwp_rev_product_name":"","cwp_rev_price":""},"_links":{"self":[{"href":"https:\/\/lanebank.com\/sv\/wp-json\/wp\/v2\/pages\/246","targetHints":{"allow":["GET"]}}],"collection":[{"href":"https:\/\/lanebank.com\/sv\/wp-json\/wp\/v2\/pages"}],"about":[{"href":"https:\/\/lanebank.com\/sv\/wp-json\/wp\/v2\/types\/page"}],"author":[{"embeddable":true,"href":"https:\/\/lanebank.com\/sv\/wp-json\/wp\/v2\/users\/1"}],"replies":[{"embeddable":true,"href":"https:\/\/lanebank.com\/sv\/wp-json\/wp\/v2\/comments?post=246"}],"version-history":[{"count":1,"href":"https:\/\/lanebank.com\/sv\/wp-json\/wp\/v2\/pages\/246\/revisions"}],"predecessor-version":[{"id":248,"href":"https:\/\/lanebank.com\/sv\/wp-json\/wp\/v2\/pages\/246\/revisions\/248"}],"up":[{"embeddable":true,"href":"https:\/\/lanebank.com\/sv\/wp-json\/wp\/v2\/pages\/622"}],"wp:featuredmedia":[{"embeddable":true,"href":"https:\/\/lanebank.com\/sv\/wp-json\/wp\/v2\/media\/247"}],"wp:attachment":[{"href":"https:\/\/lanebank.com\/sv\/wp-json\/wp\/v2\/media?parent=246"}],"curies":[{"name":"wp","href":"https:\/\/api.w.org\/{rel}","templated":true}]}}