{"id":252,"date":"2014-11-03T10:48:29","date_gmt":"2014-11-03T09:48:29","guid":{"rendered":"https:\/\/lanebank.com\/sv\/?page_id=252"},"modified":"2015-01-22T18:00:45","modified_gmt":"2015-01-22T17:00:45","slug":"lana-pengar-for-att-bygga-nytt","status":"publish","type":"page","link":"https:\/\/lanebank.com\/sv\/sakra\/lana-pengar-for-att-bygga-nytt","title":{"rendered":"L\u00e5na pengar f\u00f6r att bygga nytt"},"content":{"rendered":"<p>Att bygga nytt kr\u00e4ver i princip alltid en del kapital. Detta g\u00e4ller framf\u00f6rallt om man skall bygga hus men \u00e4ven mindre projekt som en uteplats, bass\u00e4ng eller ett garage kostar inte s\u00e4llan minst 50\u00a0000 &#8211; 100\u00a0000 kr och d\u00e5 \u00e4r inte heller arbetskostnaderna inr\u00e4knade. B\u00e4st \u00e4r sj\u00e4lvfallet om man har tillr\u00e4ckligt med pengar undanstoppade sedan tidigare. Att sn\u00e5la \u00e4r aldrig en god id\u00e9, saknar du pengar finns m\u00f6jligheter att ta l\u00e5n.<\/p>\n<p>Det finns ett par olika alternativ att v\u00e4lja mellan om du beslutar dig f\u00f6r att l\u00e5na pengar till bygget. B\u00e4st \u00e4r f\u00f6rmodligen att i f\u00f6rsta hand kontakta din nuvarande bank, om du redan har l\u00e5n p\u00e5 huset kan du fr\u00e5ga om det g\u00e5r att ut\u00f6ka det aktuella l\u00e5nebeloppet med en summa som du tror r\u00e4cker f\u00f6r att h\u00e5lla budget hela v\u00e4gen.<\/p>\n<p>Om ett ut\u00f6kat bol\u00e5n \u00e4r en om\u00f6jlighet, kan ett renoveringsl\u00e5n fr\u00e5n n\u00e5gon av de <a href=\"https:\/\/lanebank.com\/sv\/info\/svenskabanker\">st\u00f6rre svenska bankerna<\/a> vara ett alternativ. I princip fungerar dessa p\u00e5 samma vis som andra vanliga bankl\u00e5n som inte kr\u00e4ver n\u00e5gon s\u00e4kerhet. Du m\u00e5ste dock r\u00e4kna med en avsev\u00e4rt mycket h\u00f6gre r\u00e4ntesats h\u00e4r j\u00e4mf\u00f6r med om du hade kunnat inkludera bygget i ett befintligt bol\u00e5n.<\/p>\n<p>F\u00f6r att hitta en s\u00e5 <a href=\"https:\/\/lanebank.com\/sv\">l\u00e5g r\u00e4nta<\/a> som m\u00f6jligt, kan det vara klokt att anv\u00e4nda ett <a href=\"https:\/\/lanebank.com\/sv\/info\/lanejamforelse\">bolag som j\u00e4mf\u00f6r l\u00e5n p\u00e5 n\u00e4tet<\/a>. Dessa tj\u00e4nster \u00e4r ofta gratis f\u00f6r dig som kund, ist\u00e4llet tj\u00e4nar bolagen pengar i form av kommission fr\u00e5n bankerna. Det fina med att anv\u00e4nda denna typ av tj\u00e4nst \u00e4r att du sj\u00e4lv slipper s\u00f6ka runt efter n\u00e5gon som \u00e4r villig att l\u00e5na pengar till ditt garage och endast beh\u00f6ver fylla i en enkel l\u00e5neans\u00f6kan. En nackdel med dessa tj\u00e4nster \u00e4r att de inte j\u00e4mf\u00f6r alla banker i hela Sverige utan endast ett begr\u00e4nsat urval.<\/p>\n<p>En sak som \u00e4r viktig att komma ih\u00e5g, \u00e4r att undvika att \u00f6verbel\u00e5na dig. Innan du tecknar ett avtal m\u00e5ste du noga r\u00e4kna p\u00e5 det hela, s\u00e5 att du \u00e4r helt s\u00e4kert p\u00e5 att du kommer ha pengar till att betala av kostnaderna varje m\u00e5nad.<\/p>\n<div class=\"specialaren30\">\n<h3>S\u00e5 fungerar byggnadskreditiv<\/h3>\n<p>Byggnadskreditiv \u00e4r ett l\u00e5n som f\u00f6rekommer vid nybyggnation och i vissa fall vid utbyggnad av befintligt boende. Pengarna fr\u00e5n l\u00e5net g\u00e5r till att finansiera byggkostnaderna d\u00e5 det \u00e4nnu inte finns n\u00e5gon f\u00e4rdig byggnad att ha som s\u00e4kerhet. F\u00f6r att du som kund skall slippa att dras med dubbla r\u00e4ntekostnader inkluderas byggnadskreditivet i totalkostnaden f\u00f6r husbygget.Det inneb\u00e4r att byggnadskreditivet i praktiken ofta betalas genom bostadsl\u00e5n och insats.<\/p>\n<p>F\u00f6r att omvandla ett kreditiv till bottenl\u00e5n ett fastighetsbevis fr\u00e5n kommunen, om en s\u00e5dan f\u00f6r\u00e4ndring sker belastas fastigheten med pantbrev av typen bottenpantbrev.<\/p>\n<p><em>Vad \u00e4r pantbrev?<\/em><br \/>\nPantbrev \u00e4r ett juridiskt bindande avtal som ofta anv\u00e4nds som s\u00e4kerhet vid st\u00f6rre l\u00e5n till bost\u00e4der och fastigheter.<\/div>\n","protected":false},"excerpt":{"rendered":"<p>Att bygga nytt kr\u00e4ver i princip alltid en del kapital. Detta g\u00e4ller framf\u00f6rallt om man skall bygga hus men \u00e4ven mindre projekt som en uteplats, bass\u00e4ng eller ett garage kostar [&hellip;]<\/p>\n","protected":false},"author":1,"featured_media":253,"parent":6,"menu_order":0,"comment_status":"closed","ping_status":"closed","template":"","meta":{"footnotes":""},"class_list":["post-252","page","type-page","status-publish","has-post-thumbnail","hentry","has_thumb"],"wppr_data":{"cwp_meta_box_check":"No","cwp_rev_product_name":"","cwp_rev_price":""},"_links":{"self":[{"href":"https:\/\/lanebank.com\/sv\/wp-json\/wp\/v2\/pages\/252","targetHints":{"allow":["GET"]}}],"collection":[{"href":"https:\/\/lanebank.com\/sv\/wp-json\/wp\/v2\/pages"}],"about":[{"href":"https:\/\/lanebank.com\/sv\/wp-json\/wp\/v2\/types\/page"}],"author":[{"embeddable":true,"href":"https:\/\/lanebank.com\/sv\/wp-json\/wp\/v2\/users\/1"}],"replies":[{"embeddable":true,"href":"https:\/\/lanebank.com\/sv\/wp-json\/wp\/v2\/comments?post=252"}],"version-history":[{"count":4,"href":"https:\/\/lanebank.com\/sv\/wp-json\/wp\/v2\/pages\/252\/revisions"}],"predecessor-version":[{"id":670,"href":"https:\/\/lanebank.com\/sv\/wp-json\/wp\/v2\/pages\/252\/revisions\/670"}],"up":[{"embeddable":true,"href":"https:\/\/lanebank.com\/sv\/wp-json\/wp\/v2\/pages\/6"}],"wp:featuredmedia":[{"embeddable":true,"href":"https:\/\/lanebank.com\/sv\/wp-json\/wp\/v2\/media\/253"}],"wp:attachment":[{"href":"https:\/\/lanebank.com\/sv\/wp-json\/wp\/v2\/media?parent=252"}],"curies":[{"name":"wp","href":"https:\/\/api.w.org\/{rel}","templated":true}]}}