{"id":256,"date":"2015-02-13T08:53:30","date_gmt":"2015-02-13T07:53:30","guid":{"rendered":"https:\/\/lanebank.com\/sv\/?page_id=256"},"modified":"2017-03-16T10:41:10","modified_gmt":"2017-03-16T09:41:10","slug":"historiskt-lag-ranta-i-sverige","status":"publish","type":"page","link":"https:\/\/lanebank.com\/sv\/historiskt-lag-ranta-i-sverige","title":{"rendered":"Historiskt l\u00e5g r\u00e4nta i Sverige"},"content":{"rendered":"<p>Den svenska ekonomin v\u00e4grar komma ig\u00e5ng p\u00e5 allvar. Trots att man flera g\u00e5nger sedan finanskrisen 2007-2008 aviserat att den svenska ekonomin skulle vara p\u00e5 v\u00e4g upp\u00e5t igen inom ett par \u00e5r, visar det sig nu att vi \u00e5nyo inte kommer att n\u00e5 inflationsm\u00e5len i landet. Avsaknad av inflation beror p\u00e5 att oms\u00e4ttning p\u00e5 marknaden och mellan f\u00f6retag samt privatpersoner inte \u00e4r tillr\u00e4ckligt stor. P\u00e5 lekmannaspr\u00e5k handlar det kort och gott om att aff\u00e4rerna g\u00e5r tr\u00f6gt.<\/p>\n<p>Riksbankens styrr\u00e4nta \u00e4r ett medel att ta till f\u00f6r att just styra marknaden i en \u00f6nskv\u00e4rd riktning. Genom att s\u00e4nka styrr\u00e4ntan till rekordl\u00e5ga 0% hoppas man s\u00e4tta fart p\u00e5 svensk ekonomi genom att f\u00e5 staten, f\u00f6retagarna och folk i allm\u00e4nhet att \u00f6ppna sina pl\u00e5nb\u00f6cker och b\u00f6rja spendera mer.<\/p>\n<p>R\u00e4ntes\u00e4nkningen g\u00f6r det framf\u00f6rallt billigare f\u00f6r bankerna att l\u00e5na pengar, vilket i sin tur \u00e4ven p\u00e5verkar utl\u00e5ningsr\u00e4ntorna f\u00f6r privatpersoner och f\u00f6retagare. Ett problem som Riksbanken varit tvungna att ta i beaktande innan man beslutade sig f\u00f6r att s\u00e4nka r\u00e4ntan, \u00e4r den h\u00f6ga bel\u00e5ningsgraden som hos de svenska hush\u00e5llen. Genom att g\u00f6ra ytterligare r\u00e4ntes\u00e4nkningar riskerar man n\u00e4mligen att sp\u00e4 p\u00e5 detta problem, d\u00e5 fler v\u00e4ljer att ta l\u00e5na mer ist\u00e4llet f\u00f6r att amortera av p\u00e5 befintliga l\u00e5n. Detta g\u00e4ller framf\u00f6rallt de betydande grupper i samh\u00e4llet som har stora skulder genom bol\u00e5n p\u00e5 fastigheter. Riksbanken valde trots detta att genomf\u00f6ra <a href=\"http:\/\/www.riksbank.se\/sv\/Press-och-publicerat\/Pressmeddelanden\/2014\/Reporantan-sanks-till-noll-procent\/\">ytterligare en s\u00e4nkning<\/a>, d\u00e5 man anser att riskerna med en eventuell deflation \u00e4r st\u00f6rre \u00e4n den h\u00f6ga bel\u00e5ningen och en eventuell bol\u00e5nebubbla.<\/p>\n<p><em>Uppdatering 2015-02-13<\/em><\/p>\n<p>En ny rekordl\u00e5g r\u00e4nta \u00e4r nu ett faktum. F\u00f6r f\u00f6rsta g\u00e5ngen n\u00e5gonsin har nu Sverige en negativ repor\u00e4nta p\u00e5 -0,10. Samtidigt s\u00e4ger\u00a0Riksbankschefen Stefan Ingves att det finns stor utrymme f\u00f6r ytterligare s\u00e4nkningar. Att man v\u00e4ljer denna n\u00e5got extrema \u00e5tg\u00e4rd, beror p\u00e5 att den svenska inflationstakten anses var f\u00f6r l\u00e5g.<\/p>\n<p><em>Uppdatering 2016-02-11<\/em><\/p>\n<p>S\u00e5 var det dags igen f\u00f6r Ingves och g\u00e4ng att s\u00e4nka styrr\u00e4ntan ytterligare. Denna g\u00e5ng s\u00e4nktes r\u00e4ntan med\u00a0-0,25 och ligger nu p\u00e5 den nya rekordniv\u00e5n 0,50%.\u00a0Fortsatt \u00e4r det en inflationstakt om 2% som Riksbanken jagar och g\u00f6r sitt yttersta f\u00f6r att lyckas n\u00e5.\u00a0Ingves lovar att jakten kommer att forts\u00e4tta tills dess att inflationen drivs upp. Bland annat kommer Riksbanken forts\u00e4tta med sina st\u00f6dk\u00f6p av <em>statsobligationer<\/em>.<\/p>\n<p><em>Uppdatering 2017-03-16<\/em><br \/>\nI mitten av februari i \u00e5r fattade Riksbanken beslutet att l\u00e5ta repor\u00e4ntan ligga kvar p\u00e5 minus 0,5 procent, men man \u00f6ppnade \u00e4ven upp f\u00f6r att en h\u00f6jning kan komma att ske under ett senare kvartal 2017.<\/p>\n<p>Sedan dess har tv\u00e5 viktiga saker intr\u00e4ffat som \u00f6kar trycket p\u00e5 en h\u00f6jning av styrr\u00e4ntan.<\/p>\n<p>Enligt uppgift har Sverige nu har en inflation p\u00e5 2%* vilket skulle inneb\u00e4ra att man uppn\u00e5tt den \u00f6nskade inflationstakten.<\/p>\n<p>Ig\u00e5r 2017-03-15 valde USA:s centralbank, Federal Reserve (Fed), att h\u00f6ja landets styrr\u00e4nta. Detta g\u00f6r man d\u00e5 man anser att USA:s ekonomi g\u00e5r starkt.<br \/>\n*Enligt bed\u00f6mmare har vi nu 2% inflation om man r\u00e4knar bort effekten av Riksbankens egna r\u00e4ntes\u00e4nkningar.<\/p>\n<h3>L\u00e5ga r\u00e4ntor i hela Norden<\/h3>\n<p>Trenden med allt l\u00e4gre l\u00e5ner\u00e4ntor \u00e4r inte n\u00e5got som enbart g\u00e4ller Sverige. Hela norden inklusive <a href=\"http:\/\/lanebank.com\/no\">Norge<\/a>, Danmark och Finland har idag avsev\u00e4rt mycket l\u00e4gre bol\u00e5ner\u00e4ntor \u00e4n vad man hade under 1980-talet. F\u00f6r 30-40 \u00e5r sedan var r\u00e4ntor p\u00e5 \u00f6ver 10% ingen ovanlighet. Sedan dess har vi genomg\u00e5tt ett par stora finansiella kriser samtidigt som marknaden allt mer globaliserats, detta sammantaget har gjort l\u00e5gt satta r\u00e4ntor till n\u00e5got av en n\u00f6dv\u00e4ndighet i v\u00e5ra moderna samh\u00e4llen.<\/p>\n<p>Det finns inte heller n\u00e5got som tyder p\u00e5 att n\u00e5gra r\u00e4nteh\u00f6jningar inom en snar framtid. S\u00e5 l\u00e4nge den europeiska ekonomin inte f\u00e5r tillr\u00e4ckligt med luft under vingarna kommer de nordiska Riksbankerna h\u00f6gst sannolikt g\u00f6ra allt de kan f\u00f6r att h\u00e5lla nere r\u00e4nteutvecklingen.<\/p>\n<p>N\u00e4r det g\u00e4ller r\u00e4ntesatserna f\u00f6r andra finansiella tj\u00e4nster s\u00e5 p\u00e5verkas dessa endast marginellt utav av de l\u00e5ga riksr\u00e4ntorna. Privatl\u00e5n har till och med s\u00e4mre villkor idag \u00e4n vad man hade f\u00f6r ett antal \u00e5r sedan. Att sparkonton ger l\u00e4gre avkastning \u00e4r d\u00e4remot inte lika konstigt, eftersom bankernas avkastning \u00e4r l\u00e4gre vid en l\u00e5g styrr\u00e4nta.<\/p>\n","protected":false},"excerpt":{"rendered":"<p>Den svenska ekonomin v\u00e4grar komma ig\u00e5ng p\u00e5 allvar. Trots att man flera g\u00e5nger sedan finanskrisen 2007-2008 aviserat att den svenska ekonomin skulle vara p\u00e5 v\u00e4g upp\u00e5t igen inom ett par [&hellip;]<\/p>\n","protected":false},"author":1,"featured_media":262,"parent":0,"menu_order":0,"comment_status":"closed","ping_status":"closed","template":"","meta":{"footnotes":""},"class_list":["post-256","page","type-page","status-publish","has-post-thumbnail","hentry","has_thumb"],"wppr_data":{"cwp_meta_box_check":"No","cwp_rev_product_name":"","cwp_rev_price":""},"_links":{"self":[{"href":"https:\/\/lanebank.com\/sv\/wp-json\/wp\/v2\/pages\/256","targetHints":{"allow":["GET"]}}],"collection":[{"href":"https:\/\/lanebank.com\/sv\/wp-json\/wp\/v2\/pages"}],"about":[{"href":"https:\/\/lanebank.com\/sv\/wp-json\/wp\/v2\/types\/page"}],"author":[{"embeddable":true,"href":"https:\/\/lanebank.com\/sv\/wp-json\/wp\/v2\/users\/1"}],"replies":[{"embeddable":true,"href":"https:\/\/lanebank.com\/sv\/wp-json\/wp\/v2\/comments?post=256"}],"version-history":[{"count":5,"href":"https:\/\/lanebank.com\/sv\/wp-json\/wp\/v2\/pages\/256\/revisions"}],"predecessor-version":[{"id":1142,"href":"https:\/\/lanebank.com\/sv\/wp-json\/wp\/v2\/pages\/256\/revisions\/1142"}],"wp:featuredmedia":[{"embeddable":true,"href":"https:\/\/lanebank.com\/sv\/wp-json\/wp\/v2\/media\/262"}],"wp:attachment":[{"href":"https:\/\/lanebank.com\/sv\/wp-json\/wp\/v2\/media?parent=256"}],"curies":[{"name":"wp","href":"https:\/\/api.w.org\/{rel}","templated":true}]}}